{"id":23402,"date":"2023-11-30T20:14:43","date_gmt":"2023-11-30T20:14:43","guid":{"rendered":"https:\/\/paymentdiscounter.com\/?post_type=product&#038;p=23402"},"modified":"2023-11-30T20:23:14","modified_gmt":"2023-11-30T20:23:14","slug":"n7000r-ii-kilifi-icin-newland-koruma-tirnagi","status":"publish","type":"product","link":"https:\/\/paymentdiscounter.com\/tr\/product\/n7000r-ii-kilifi-icin-newland-koruma-tirnagi\/","title":{"rendered":"Newland K\u0131l\u0131f Koruma Sekmesi"},"content":{"rendered":"<p>Dayan\u0131kl\u0131 malzemelerden \u00fcretilen Koruma T\u0131rna\u011f\u0131, kazara kaymalar\u0131 veya d\u00fc\u015fmeleri etkili bir \u015fekilde \u00f6nleyerek tam oturmas\u0131n\u0131 sa\u011flar. Tasar\u0131m\u0131, k\u0131l\u0131f i\u00e7inde g\u00fcvenli bir tutu\u015f sa\u011flarken MT6555'e kolay eri\u015fim sa\u011flar. Bu aksesuar, \u00e7e\u015fitli \u00e7al\u0131\u015fma ortamlar\u0131nda el terminallerine g\u00fcvenen profesyoneller i\u00e7in ideal bir \u00e7\u00f6z\u00fcmd\u00fcr ve cihaz\u0131 g\u00fcnl\u00fck a\u015f\u0131nma ve y\u0131pranmaya kar\u015f\u0131 koruyarak g\u00f6n\u00fcl rahatl\u0131\u011f\u0131 sa\u011flar.<\/p>","protected":false},"excerpt":{"rendered":"<p>K\u0131l\u0131flar i\u00e7in Newland Koruma T\u0131rna\u011f\u0131, Newland N7000R-II k\u0131l\u0131f ve Newland MT6555 el terminali ile uyumluluk i\u00e7in \u00f6zel olarak tasarlanm\u0131\u015f \u00f6nemli bir aksesuard\u0131r. Hassasiyet ve i\u015flevsellik g\u00f6z \u00f6n\u00fcnde bulundurularak \u00fcretilen bu koruma t\u0131rna\u011f\u0131, el terminalinizi olas\u0131 hasarlardan korumak i\u00e7in ekstra bir g\u00fcvenlik katman\u0131 ekler.<\/p>","protected":false},"featured_media":23404,"comment_status":"open","ping_status":"closed","template":"","meta":[],"product_cat":[3202],"product_tag":[1419,702,3206,3209,1693,3205],"acf":[],"_links":{"self":[{"href":"https:\/\/paymentdiscounter.com\/tr\/wp-json\/wp\/v2\/product\/23402"}],"collection":[{"href":"https:\/\/paymentdiscounter.com\/tr\/wp-json\/wp\/v2\/product"}],"about":[{"href":"https:\/\/paymentdiscounter.com\/tr\/wp-json\/wp\/v2\/types\/product"}],"replies":[{"embeddable":true,"href":"https:\/\/paymentdiscounter.com\/tr\/wp-json\/wp\/v2\/comments?post=23402"}],"version-history":[{"count":1,"href":"https:\/\/paymentdiscounter.com\/tr\/wp-json\/wp\/v2\/product\/23402\/revisions"}],"predecessor-version":[{"id":23405,"href":"https:\/\/paymentdiscounter.com\/tr\/wp-json\/wp\/v2\/product\/23402\/revisions\/23405"}],"wp:featuredmedia":[{"embeddable":true,"href":"https:\/\/paymentdiscounter.com\/tr\/wp-json\/wp\/v2\/media\/23404"}],"wp:attachment":[{"href":"https:\/\/paymentdiscounter.com\/tr\/wp-json\/wp\/v2\/media?parent=23402"}],"wp:term":[{"taxonomy":"product_cat","embeddable":true,"href":"https:\/\/paymentdiscounter.com\/tr\/wp-json\/wp\/v2\/product_cat?post=23402"},{"taxonomy":"product_tag","embeddable":true,"href":"https:\/\/paymentdiscounter.com\/tr\/wp-json\/wp\/v2\/product_tag?post=23402"}],"curies":[{"name":"wp","href":"https:\/\/api.w.org\/{rel}","templated":true}]}}