{"id":23396,"date":"2023-11-30T19:56:30","date_gmt":"2023-11-30T19:56:30","guid":{"rendered":"https:\/\/paymentdiscounter.com\/?post_type=product&#038;p=23396"},"modified":"2023-11-30T20:04:13","modified_gmt":"2023-11-30T20:04:13","slug":"mt65-icin-newland-yerlestirme-istasyonu","status":"publish","type":"product","link":"https:\/\/paymentdiscounter.com\/tr\/product\/mt65-icin-newland-yerlestirme-istasyonu\/","title":{"rendered":"Newland MT65 Yerle\u015ftirme \u0130stasyonu"},"content":{"rendered":"<p>\u00d6zel bir USB-DC kablosuyla donat\u0131lm\u0131\u015f olan cradle, kullan\u0131\u015fl\u0131 ve g\u00fcvenilir bir g\u00fc\u00e7 kayna\u011f\u0131 sunan Newland MT6555 el terminaliyle uyumluluk sa\u011flar. USB-DC kablosu, merkezi ve d\u00fczenli bir \u00e7\u00f6z\u00fcm sa\u011flayarak MT65 serisinin genel i\u015flevselli\u011fini art\u0131ran hem \u015farj hem de veri aktar\u0131m\u0131n\u0131 kolayla\u015ft\u0131r\u0131r.<\/p>\n<p>Kullan\u0131c\u0131 dostu tasar\u0131m\u0131 ile Newland Cradle, kullan\u0131c\u0131lar\u0131n el terminalini g\u00fcvenli bir \u015fekilde yerle\u015ftirmelerine olanak tan\u0131yarak zahmetsiz bir kullan\u0131c\u0131 deneyimi sunar. Bu sadece \u00e7al\u0131\u015fma alan\u0131 y\u00f6netimini optimize etmekle kalmaz, ayn\u0131 zamanda cihaz\u0131n her zaman kullan\u0131ma haz\u0131r olmas\u0131n\u0131 sa\u011flar. Yuvan\u0131n sa\u011flam yap\u0131s\u0131 ve \u00f6zel olarak tasarlanm\u0131\u015f \u00f6zellikleri, onu i\u015fletmeler ve profesyoneller i\u00e7in vazge\u00e7ilmez bir aksesuar haline getirir.<\/p>","protected":false},"excerpt":{"rendered":"<p>MT65 serisi i\u00e7in Newland Cradle, el terminalinizin verimli \u015farj\u0131 ve kesintisiz ileti\u015fimi i\u00e7in tasarlanm\u0131\u015f sofistike bir yerle\u015ftirme istasyonudur. Bu be\u015fik, veri al\u0131\u015fveri\u015fi i\u00e7in g\u00fcvenilir bir ba\u011flant\u0131 sa\u011flarken \u015farj i\u015flemini kolayla\u015ft\u0131ran \u00e7ok y\u00f6nl\u00fc bir hub g\u00f6revi g\u00f6r\u00fcr.<\/p>","protected":false},"featured_media":23397,"comment_status":"open","ping_status":"closed","template":"","meta":[],"product_cat":[3202],"product_tag":[1433,3206,1693,3205],"acf":[],"_links":{"self":[{"href":"https:\/\/paymentdiscounter.com\/tr\/wp-json\/wp\/v2\/product\/23396"}],"collection":[{"href":"https:\/\/paymentdiscounter.com\/tr\/wp-json\/wp\/v2\/product"}],"about":[{"href":"https:\/\/paymentdiscounter.com\/tr\/wp-json\/wp\/v2\/types\/product"}],"replies":[{"embeddable":true,"href":"https:\/\/paymentdiscounter.com\/tr\/wp-json\/wp\/v2\/comments?post=23396"}],"version-history":[{"count":1,"href":"https:\/\/paymentdiscounter.com\/tr\/wp-json\/wp\/v2\/product\/23396\/revisions"}],"predecessor-version":[{"id":23398,"href":"https:\/\/paymentdiscounter.com\/tr\/wp-json\/wp\/v2\/product\/23396\/revisions\/23398"}],"wp:featuredmedia":[{"embeddable":true,"href":"https:\/\/paymentdiscounter.com\/tr\/wp-json\/wp\/v2\/media\/23397"}],"wp:attachment":[{"href":"https:\/\/paymentdiscounter.com\/tr\/wp-json\/wp\/v2\/media?parent=23396"}],"wp:term":[{"taxonomy":"product_cat","embeddable":true,"href":"https:\/\/paymentdiscounter.com\/tr\/wp-json\/wp\/v2\/product_cat?post=23396"},{"taxonomy":"product_tag","embeddable":true,"href":"https:\/\/paymentdiscounter.com\/tr\/wp-json\/wp\/v2\/product_tag?post=23396"}],"curies":[{"name":"wp","href":"https:\/\/api.w.org\/{rel}","templated":true}]}}