{"id":23393,"date":"2023-11-30T19:48:03","date_gmt":"2023-11-30T19:48:03","guid":{"rendered":"https:\/\/paymentdiscounter.com\/?post_type=product&#038;p=23393"},"modified":"2023-11-30T19:56:11","modified_gmt":"2023-11-30T19:56:11","slug":"mt65-icin-newland-tabanca-kabzasi","status":"publish","type":"product","link":"https:\/\/paymentdiscounter.com\/tr\/product\/mt65-icin-newland-tabanca-kabzasi\/","title":{"rendered":"Newland MT65 i\u00e7in tabanca kabzas\u0131"},"content":{"rendered":"","protected":false},"excerpt":{"rendered":"<p>MT90 Orca i\u00e7in Newland Tabanca Kabzas\u0131, Newland MT90 Orca el terminalinin i\u015flevselli\u011fini ve ergonomisini geli\u015ftirmek i\u00e7in tasarlanm\u0131\u015ft\u0131r. Bu aksesuar bir tabanca kabzas\u0131 tasar\u0131m\u0131na sahiptir ve kullan\u0131c\u0131lara tarama veya veri giri\u015fi g\u00f6revleri s\u0131ras\u0131nda cihaz\u0131 tutmalar\u0131 i\u00e7in rahat ve g\u00fcvenli bir yol sa\u011flar.<\/p>\n<p>Newland Pistol Grip'in temel \u00f6zellikleri aras\u0131nda rahat barkod tarama i\u00e7in bir tetik, belirli komutlara h\u0131zl\u0131 eri\u015fim i\u00e7in ek i\u015flev d\u00fc\u011fmeleri ve \u00e7e\u015fitli end\u00fcstriyel veya ticari ortamlar\u0131n taleplerine dayanacak dayan\u0131kl\u0131 bir yap\u0131 bulunmaktad\u0131r.<\/p>","protected":false},"featured_media":23394,"comment_status":"open","ping_status":"closed","template":"","meta":[],"product_cat":[3202],"product_tag":[3206,1693,3205,3208],"acf":[],"_links":{"self":[{"href":"https:\/\/paymentdiscounter.com\/tr\/wp-json\/wp\/v2\/product\/23393"}],"collection":[{"href":"https:\/\/paymentdiscounter.com\/tr\/wp-json\/wp\/v2\/product"}],"about":[{"href":"https:\/\/paymentdiscounter.com\/tr\/wp-json\/wp\/v2\/types\/product"}],"replies":[{"embeddable":true,"href":"https:\/\/paymentdiscounter.com\/tr\/wp-json\/wp\/v2\/comments?post=23393"}],"version-history":[{"count":1,"href":"https:\/\/paymentdiscounter.com\/tr\/wp-json\/wp\/v2\/product\/23393\/revisions"}],"predecessor-version":[{"id":23395,"href":"https:\/\/paymentdiscounter.com\/tr\/wp-json\/wp\/v2\/product\/23393\/revisions\/23395"}],"wp:featuredmedia":[{"embeddable":true,"href":"https:\/\/paymentdiscounter.com\/tr\/wp-json\/wp\/v2\/media\/23394"}],"wp:attachment":[{"href":"https:\/\/paymentdiscounter.com\/tr\/wp-json\/wp\/v2\/media?parent=23393"}],"wp:term":[{"taxonomy":"product_cat","embeddable":true,"href":"https:\/\/paymentdiscounter.com\/tr\/wp-json\/wp\/v2\/product_cat?post=23393"},{"taxonomy":"product_tag","embeddable":true,"href":"https:\/\/paymentdiscounter.com\/tr\/wp-json\/wp\/v2\/product_tag?post=23393"}],"curies":[{"name":"wp","href":"https:\/\/api.w.org\/{rel}","templated":true}]}}