{"id":23383,"date":"2023-11-30T19:18:54","date_gmt":"2023-11-30T19:18:54","guid":{"rendered":"https:\/\/paymentdiscounter.com\/?post_type=product&#038;p=23383"},"modified":"2023-11-30T20:25:49","modified_gmt":"2023-11-30T20:25:49","slug":"newland-hs105-kilif","status":"publish","type":"product","link":"https:\/\/paymentdiscounter.com\/tr\/product\/newland-hs105-kilif\/","title":{"rendered":"Newland HS105 K\u0131l\u0131f"},"content":{"rendered":"","protected":false},"excerpt":{"rendered":"<p>Newland HS105 K\u0131l\u0131f, Newland MT6555 el terminali de dahil olmak \u00fczere birden fazla model i\u00e7in g\u00fcvenli ve kullan\u0131\u015fl\u0131 ta\u015f\u0131ma \u00e7\u00f6z\u00fcmleri sa\u011flamak \u00fczere tasarlanm\u0131\u015ft\u0131r. Dayan\u0131kl\u0131 malzemelerden \u00fcretilen k\u0131l\u0131f, g\u00fcnl\u00fck a\u015f\u0131nma ve y\u0131pranmaya kar\u015f\u0131 koruma sa\u011flayarak cihaz\u0131n uzun \u00f6m\u00fcrl\u00fc olmas\u0131n\u0131 sa\u011flar.<\/p>","protected":false},"featured_media":23407,"comment_status":"open","ping_status":"closed","template":"","meta":[],"product_cat":[3202],"product_tag":[702,3206,1693,3205],"acf":[],"_links":{"self":[{"href":"https:\/\/paymentdiscounter.com\/tr\/wp-json\/wp\/v2\/product\/23383"}],"collection":[{"href":"https:\/\/paymentdiscounter.com\/tr\/wp-json\/wp\/v2\/product"}],"about":[{"href":"https:\/\/paymentdiscounter.com\/tr\/wp-json\/wp\/v2\/types\/product"}],"replies":[{"embeddable":true,"href":"https:\/\/paymentdiscounter.com\/tr\/wp-json\/wp\/v2\/comments?post=23383"}],"version-history":[{"count":2,"href":"https:\/\/paymentdiscounter.com\/tr\/wp-json\/wp\/v2\/product\/23383\/revisions"}],"predecessor-version":[{"id":23406,"href":"https:\/\/paymentdiscounter.com\/tr\/wp-json\/wp\/v2\/product\/23383\/revisions\/23406"}],"wp:featuredmedia":[{"embeddable":true,"href":"https:\/\/paymentdiscounter.com\/tr\/wp-json\/wp\/v2\/media\/23407"}],"wp:attachment":[{"href":"https:\/\/paymentdiscounter.com\/tr\/wp-json\/wp\/v2\/media?parent=23383"}],"wp:term":[{"taxonomy":"product_cat","embeddable":true,"href":"https:\/\/paymentdiscounter.com\/tr\/wp-json\/wp\/v2\/product_cat?post=23383"},{"taxonomy":"product_tag","embeddable":true,"href":"https:\/\/paymentdiscounter.com\/tr\/wp-json\/wp\/v2\/product_tag?post=23383"}],"curies":[{"name":"wp","href":"https:\/\/api.w.org\/{rel}","templated":true}]}}