{"id":23380,"date":"2023-11-30T18:30:19","date_gmt":"2023-11-30T18:30:19","guid":{"rendered":"https:\/\/paymentdiscounter.com\/?post_type=product&#038;p=23380"},"modified":"2023-11-30T18:41:17","modified_gmt":"2023-11-30T18:41:17","slug":"newland-kemer-40-x-150-cm-siyah","status":"publish","type":"product","link":"https:\/\/paymentdiscounter.com\/tr\/product\/newland-kemer-40-x-150-cm-siyah\/","title":{"rendered":"Newland Kemer 40 x 150 cm, Siyah"},"content":{"rendered":"","protected":false},"excerpt":{"rendered":"<p>Newland MT6555 el terminali i\u00e7in kemer tokas\u0131, kullan\u0131c\u0131 rahatl\u0131\u011f\u0131n\u0131 art\u0131rmak i\u00e7in tasarlanm\u0131\u015f sa\u011flam ve pratik bir aksesuard\u0131r. Dayan\u0131kl\u0131l\u0131k g\u00f6z \u00f6n\u00fcnde bulundurularak \u00fcretilen bu kemer tokas\u0131, g\u00fcvenli ve rahat bir uyum sa\u011flayarak kullan\u0131c\u0131lar\u0131n MT6555 terminalini \u00e7e\u015fitli aktiviteler s\u0131ras\u0131nda eller serbest bir \u015fekilde ta\u015f\u0131mas\u0131na olanak tan\u0131r.<\/p>","protected":false},"featured_media":23381,"comment_status":"open","ping_status":"closed","template":"","meta":[],"product_cat":[3202],"product_tag":[1433,3206,1693,3205],"acf":[],"_links":{"self":[{"href":"https:\/\/paymentdiscounter.com\/tr\/wp-json\/wp\/v2\/product\/23380"}],"collection":[{"href":"https:\/\/paymentdiscounter.com\/tr\/wp-json\/wp\/v2\/product"}],"about":[{"href":"https:\/\/paymentdiscounter.com\/tr\/wp-json\/wp\/v2\/types\/product"}],"replies":[{"embeddable":true,"href":"https:\/\/paymentdiscounter.com\/tr\/wp-json\/wp\/v2\/comments?post=23380"}],"version-history":[{"count":1,"href":"https:\/\/paymentdiscounter.com\/tr\/wp-json\/wp\/v2\/product\/23380\/revisions"}],"predecessor-version":[{"id":23382,"href":"https:\/\/paymentdiscounter.com\/tr\/wp-json\/wp\/v2\/product\/23380\/revisions\/23382"}],"wp:featuredmedia":[{"embeddable":true,"href":"https:\/\/paymentdiscounter.com\/tr\/wp-json\/wp\/v2\/media\/23381"}],"wp:attachment":[{"href":"https:\/\/paymentdiscounter.com\/tr\/wp-json\/wp\/v2\/media?parent=23380"}],"wp:term":[{"taxonomy":"product_cat","embeddable":true,"href":"https:\/\/paymentdiscounter.com\/tr\/wp-json\/wp\/v2\/product_cat?post=23380"},{"taxonomy":"product_tag","embeddable":true,"href":"https:\/\/paymentdiscounter.com\/tr\/wp-json\/wp\/v2\/product_tag?post=23380"}],"curies":[{"name":"wp","href":"https:\/\/api.w.org\/{rel}","templated":true}]}}