{"id":22995,"date":"2023-11-28T18:45:50","date_gmt":"2023-11-28T18:45:50","guid":{"rendered":"https:\/\/paymentdiscounter.com\/?post_type=product&#038;p=22995"},"modified":"2026-03-07T11:53:08","modified_gmt":"2026-03-07T11:53:08","slug":"sunmi-p3-mix","status":"publish","type":"product","link":"https:\/\/paymentdiscounter.com\/tr\/product\/sunmi-p3-mix\/","title":{"rendered":"Sunmi P3 Kar\u0131\u015f\u0131m\u0131"},"content":{"rendered":"<p><strong><em>Temel \u00d6zellikler:<\/em><\/strong><\/p>\n<ol>\n<li><strong>\u00c7ok Y\u00f6nl\u00fc Ekran ve Yaz\u0131c\u0131:<\/strong>\n<ul>\n<li>Geni\u015f g\u00f6r\u00fcnt\u00fcleme a\u00e7\u0131s\u0131 i\u00e7in 10\u2033 y\u00fcksek \u00e7\u00f6z\u00fcn\u00fcrl\u00fckl\u00fc IPS ekran.<\/li>\n<li>Verimli bask\u0131 i\u00e7in dahili 58\/80mm y\u00fcksek h\u0131zl\u0131 termal yaz\u0131c\u0131.<\/li>\n<\/ul>\n<\/li>\n<li><strong>G\u00fc\u00e7l\u00fc Performans:<\/strong>\n<ul>\n<li>Sa\u011flam performans i\u00e7in Qualcomm alt\u0131 \u00e7ekirdekli i\u015flemci ve 4GB RAM + 32GB ROM.<\/li>\n<li>G\u00fcvenli ve verimli bir i\u015fletim sistemi i\u00e7in Android 13 tabanl\u0131 SUNMI OS 4.0.<\/li>\n<\/ul>\n<\/li>\n<li><strong>\u00d6deme \u00c7e\u015fitlili\u011fi:<\/strong>\n<ul>\n<li>Temass\u0131z, \u00e7ip ve PIN, manyetik \u015ferit, QR kodu ve mobil \u00f6demeler dahil olmak \u00fczere \u00e7e\u015fitli \u00f6deme y\u00f6ntemlerini kabul edin.<\/li>\n<\/ul>\n<\/li>\n<li><strong>Geni\u015fletilebilirlik ve Aksesuarlar:<\/strong>\n<ul>\n<li>Para \u00e7ekmecesi, el tipi taray\u0131c\u0131 ve daha fazlas\u0131 gibi aksesuarlar\u0131n kolay entegrasyonu i\u00e7in \u00f6zel olarak tasarlanm\u0131\u015f d\u00f6nd\u00fcr\u00fclebilir k\u0131zak.<\/li>\n<li>Hem d\u00f6nebilen hem de d\u00f6nmeyen be\u015fik se\u00e7enekleri.<\/li>\n<\/ul>\n<\/li>\n<li><strong>Sa\u011flam ve Hafif Tasar\u0131m:<\/strong>\n<ul>\n<li>G\u00fc\u00e7 i\u00e7in al\u00fcminyum-magnezyum ala\u015f\u0131ml\u0131 \u00e7er\u00e7eve.<\/li>\n<li>\u0130nce ve hafif bir yap\u0131 i\u00e7in Incell dokunmatik ekran, yakla\u015f\u0131k 700 g a\u011f\u0131rl\u0131\u011f\u0131ndad\u0131r.<\/li>\n<\/ul>\n<\/li>\n<\/ol>\n<p><strong><em>Teknik \u00d6zellikler:<\/em><\/strong><\/p>\n<ul>\n<li><strong>\u0130\u015flemci:<\/strong> Qualcomm alt\u0131 \u00e7ekirdekli 2.4\/2.0GHz<\/li>\n<li><strong>Haf\u0131za:<\/strong> 4GB RAM + 32GB ROM<\/li>\n<li><strong>\u0130\u015eLETIM SISTEMI:<\/strong> SUNMI OS 4.0 (Android 13 tabanl\u0131)<\/li>\n<li><strong>G\u00f6ster:<\/strong> 10,1\u2033 HD 1280 x 800 IPS<\/li>\n<li><strong>Kamera:<\/strong> \u00d6n: 2MP FF, QR \u00d6deme: 0.3MP FF<\/li>\n<li><strong>IC Kart:<\/strong> Ak\u0131ll\u0131 IC kart\/lojik \u015fifreleme kontak kart\u0131; ISO 7816\/EMV uyumlu; 5V\/3V\/1.8V<\/li>\n<li><strong>Magstripe Okuyucu:<\/strong> 1\/2\/3 iz; \u00c7ift y\u00f6nl\u00fc kart okuma; ISO 7810\/7811 uyumlu<\/li>\n<li><strong>NFC Okuyucu:<\/strong> Tip A&amp;B kart, MIFARE kart, ISO\/IEC 14443 ve ISO 15693 uyumlu<\/li>\n<li><strong>Taray\u0131c\u0131:<\/strong> 2D profesyonel taray\u0131c\u0131<\/li>\n<li><strong>Yaz\u0131c\u0131:<\/strong> Termal yaz\u0131c\u0131, Bask\u0131 h\u0131z\u0131: 70mm\/s, Ka\u011f\u0131t rulosu Geni\u015fli\u011fi\/\u00c7ap\u0131: 58mm\/40mm<\/li>\n<li><strong>\u015eebeke:<\/strong> 2G&amp;3G&amp;4G, Wi-Fi: IEEE 802.11 a\/b\/g\/n\/ac, 2.4G\/5G'yi destekler<\/li>\n<li><strong>Bluetooth:<\/strong> BT2.1\/3.0\/4.2 BLE deste\u011fi<\/li>\n<li><strong>GPS:<\/strong> GPS, AGPS<\/li>\n<li><strong>Kart Yuvas\u0131:<\/strong> 2<em>Nano SIM + 2<\/em>SAM, 1*MicroSD<\/li>\n<li><strong>Konu\u015fmac\u0131:<\/strong> 1.2W<\/li>\n<li><strong>Batarya:<\/strong> \u00c7\u0131kar\u0131labilir lityum pil 7.2V\/2600mAh<\/li>\n<li><strong>G\u00fc\u00e7 Adapt\u00f6r\u00fc:<\/strong> Girdi: AC 100 ~ 240V, \u00c7\u0131k\u0131\u015f: DC 5V\/2A<\/li>\n<li><strong>Limanlar:<\/strong> 1<em>C Tipi, 1<\/em>Tip-A, \u015farj i\u00e7in arkada 1*Pogo pin<\/li>\n<li><strong>D\u00fc\u011fmeler:<\/strong> 1<em>G\u00fc\u00e7 a\u00e7ma\/kapama d\u00fc\u011fmesi, 1<\/em>Ses (+\/-) d\u00fc\u011fmesi, 1*Tarama d\u00fc\u011fmesi<\/li>\n<li><strong>Boyutlar:<\/strong> 246<em>231<\/em>73mm<\/li>\n<li><strong>Toplam A\u011f\u0131rl\u0131k:<\/strong> 670g<\/li>\n<\/ul>\n<p><strong><em>Uygulama Senaryolar\u0131:<\/em><\/strong><\/p>\n<ol>\n<li><strong>Masa Kenar\u0131 Sipari\u015fi:<\/strong>\n<ul>\n<li>M\u00fc\u015fterilerin masada gezinmesi ve sipari\u015f vermesiyle daha h\u0131zl\u0131 yemek deneyimi.<\/li>\n<\/ul>\n<\/li>\n<li><strong>Bire Bir Hizmet:<\/strong>\n<ul>\n<li>Ki\u015fisel ili\u015fkiler kurun, m\u00fc\u015fteri deneyimini geli\u015ftirin ve \u00f6deme s\u00fcre\u00e7lerini basitle\u015ftirin.<\/li>\n<\/ul>\n<\/li>\n<li><strong>Drive Thru:<\/strong>\n<ul>\n<li>Ara\u00e7lardan ayr\u0131lmadan sipari\u015f verin ve \u00f6deme yap\u0131n, h\u0131z ve memnuniyeti art\u0131r\u0131n.<\/li>\n<\/ul>\n<\/li>\n<li><strong>Envanter kontrol\u00fc:<\/strong>\n<ul>\n<li>\u00dcr\u00fcn bilgilerini kaydetmek ve envanter verilerini g\u00fcncellemek i\u00e7in barkodlar\u0131 veya QR kodlar\u0131n\u0131 taray\u0131n.<\/li>\n<\/ul>\n<\/li>\n<\/ol>\n<p><strong><em>G\u00fcvenlik ve Destek:<\/em><\/strong><\/p>\n<ul>\n<li><strong>PCI ve EMV Uyumlu:<\/strong> PayPass ve PayWave gibi sertifikalarla g\u00fcvenli \u00f6deme i\u015flemleri.<\/li>\n<li><strong>Uzaktan Anahtar Enjeksiyonu:<\/strong> Uzaktan yard\u0131m yoluyla ger\u00e7ek zamanl\u0131 sorun \u00e7\u00f6zme ve maliyet azaltma.<\/li>\n<li><strong>Terminal Y\u00f6netim Sistemi:<\/strong> Tam ya\u015fam d\u00f6ng\u00fcs\u00fc cihaz y\u00f6netimi \u00f6zellikleri.<\/li>\n<\/ul>\n<p><strong><em>Yaz\u0131l\u0131m ve Hizmetler:<\/em><\/strong><\/p>\n<ul>\n<li>SUNMI OS 4.0<\/li>\n<li>Uzaktan Yard\u0131m<\/li>\n<li>Terminal Y\u00f6netim Sistemi<\/li>\n<li>SUNMI Ana Sayfa<\/li>\n<\/ul>\n<p>&nbsp;<\/p>","protected":false},"excerpt":{"rendered":"<p>SUNMI P3 MIX, ak\u0131ll\u0131 \u00f6deme terminallerini yeniden tan\u0131mlayan hepsi bir arada bir kurumsal tablettir. 10 in\u00e7 y\u00fcksek \u00e7\u00f6z\u00fcn\u00fcrl\u00fckl\u00fc ekran, dahili y\u00fcksek h\u0131zl\u0131 bask\u0131 ve ergonomik tasar\u0131m\u0131yla P3 MIX, \u00e7ok y\u00f6nl\u00fc i\u015f \u00e7\u00f6z\u00fcmleri i\u00e7in mobil ve masa\u00fcst\u00fc \u00f6zelliklerini sorunsuz bir \u015fekilde harmanlar.<\/p>\n<p>Yaln\u0131zca \u00f6deme i\u00e7in de\u011fil, geli\u015fmi\u015f ve \u00e7ok y\u00f6nl\u00fc bir kurumsal deneyim i\u00e7in tasarlanan SUNMI P3 MIX ile i\u015f operasyonlar\u0131n\u0131z\u0131 sorunsuz bir \u015fekilde kar\u0131\u015ft\u0131r\u0131n.<\/p>","protected":false},"featured_media":23023,"comment_status":"open","ping_status":"closed","template":"","meta":[],"product_cat":[1555,3187],"product_tag":[1939,3189,1874,3188],"acf":[],"_links":{"self":[{"href":"https:\/\/paymentdiscounter.com\/tr\/wp-json\/wp\/v2\/product\/22995"}],"collection":[{"href":"https:\/\/paymentdiscounter.com\/tr\/wp-json\/wp\/v2\/product"}],"about":[{"href":"https:\/\/paymentdiscounter.com\/tr\/wp-json\/wp\/v2\/types\/product"}],"replies":[{"embeddable":true,"href":"https:\/\/paymentdiscounter.com\/tr\/wp-json\/wp\/v2\/comments?post=22995"}],"version-history":[{"count":3,"href":"https:\/\/paymentdiscounter.com\/tr\/wp-json\/wp\/v2\/product\/22995\/revisions"}],"predecessor-version":[{"id":23449,"href":"https:\/\/paymentdiscounter.com\/tr\/wp-json\/wp\/v2\/product\/22995\/revisions\/23449"}],"wp:featuredmedia":[{"embeddable":true,"href":"https:\/\/paymentdiscounter.com\/tr\/wp-json\/wp\/v2\/media\/23023"}],"wp:attachment":[{"href":"https:\/\/paymentdiscounter.com\/tr\/wp-json\/wp\/v2\/media?parent=22995"}],"wp:term":[{"taxonomy":"product_cat","embeddable":true,"href":"https:\/\/paymentdiscounter.com\/tr\/wp-json\/wp\/v2\/product_cat?post=22995"},{"taxonomy":"product_tag","embeddable":true,"href":"https:\/\/paymentdiscounter.com\/tr\/wp-json\/wp\/v2\/product_tag?post=22995"}],"curies":[{"name":"wp","href":"https:\/\/api.w.org\/{rel}","templated":true}]}}