{"id":22993,"date":"2023-11-28T18:32:43","date_gmt":"2023-11-28T18:32:43","guid":{"rendered":"https:\/\/paymentdiscounter.com\/?post_type=product&#038;p=22993"},"modified":"2023-12-02T12:54:50","modified_gmt":"2023-12-02T12:54:50","slug":"sunmi-t3-pro","status":"publish","type":"product","link":"https:\/\/paymentdiscounter.com\/tr\/product\/sunmi-t3-pro\/","title":{"rendered":"Sunmi T3 Pro"},"content":{"rendered":"<h6><strong>Uygulama Senaryolar\u0131:<\/strong><\/h6>\n<ol>\n<li><strong>Restoran:<\/strong>\n<ul>\n<li>Geli\u015fmi\u015f bir yemek deneyimi i\u00e7in verimli sipari\u015f y\u00f6netimi ve \u00f6deme kabul\u00fc.<\/li>\n<\/ul>\n<\/li>\n<li><strong>Butik Ma\u011fazas\u0131:<\/strong>\n<ul>\n<li>SoftPos dahil \u00e7e\u015fitli \u00f6deme y\u00f6ntemlerini destekleyen \u00fcye y\u00f6netimi ve sorunsuz \u00f6deme.<\/li>\n<\/ul>\n<\/li>\n<li><strong>Kafe:<\/strong>\n<ul>\n<li>Promosyon bilgilerini, paketleri, teklifleri ve \u00fcyelik programlar\u0131n\u0131 sergileyen, m\u00fc\u015fteriye d\u00f6n\u00fck bir ekranla m\u00fc\u015fteri \u015feffafl\u0131\u011f\u0131n\u0131 optimize edin.<\/li>\n<\/ul>\n<\/li>\n<\/ol>\n<h6><strong>Amiral Gemisi Performans\u0131:<\/strong><\/h6>\n<ul>\n<li>Saatte 2,7 GHz h\u0131z\u0131nda \u00e7al\u0131\u015fan Sekiz \u00c7ekirdekli CPU ile son derece h\u0131zl\u0131 performans.<\/li>\n<li>\u00dcst\u00fcn \u00e7oklu g\u00f6rev yetenekleri i\u00e7in 6GB RAM + 128GB ROM.<\/li>\n<li>25%'ye kadar art\u0131r\u0131lm\u0131\u015f CPU frekans\u0131 50%'ye kadar daha fazla bellek ve 150%'ye kadar performans art\u0131\u015f\u0131*.<\/li>\n<\/ul>\n<h6><strong>M\u00fchendislik M\u00fckemmelli\u011fi:<\/strong><\/h6>\n<ul>\n<li>400nit parlakl\u0131\u011fa sahip \u00e7er\u00e7evesiz 1920*1080 y\u00fcksek \u00e7\u00f6z\u00fcn\u00fcrl\u00fckl\u00fc ekran.<\/li>\n<li>Ak\u0131\u015f ve dinamizm i\u00e7in aerodinamikten ilham alan tasar\u0131m.<\/li>\n<li>D\u00fczenli bir tezgah i\u00e7in gizli kablolama ile ask\u0131ya al\u0131nm\u0131\u015f g\u00f6r\u00fcn\u00fcm.<\/li>\n<li>Dayan\u0131kl\u0131 ancak \u015f\u0131k al\u00fcminyum ala\u015f\u0131ml\u0131 yap\u0131.<\/li>\n<\/ul>\n<h6><strong>\u0130nteraktif Tasar\u0131m:<\/strong><\/h6>\n<ul>\n<li>H\u0131zl\u0131 ve g\u00fcvenli eri\u015fim i\u00e7in parmak iziyle kilit a\u00e7ma.<\/li>\n<li>125\u00b0 ayarlanabilir a\u00e7\u0131ya ve 100.000'den fazla \u00e7evrilebilir d\u00f6ng\u00fcye* sahip \u00e7evrilebilir ana ekran.<\/li>\n<li>NFC \u00f6zellikli, rahat i\u015flemler i\u00e7in SoftPOS destekli.<\/li>\n<\/ul>\n<h6><strong>Sonsuz Olas\u0131l\u0131klar:<\/strong><\/h6>\n<ul>\n<li>15,6\u2033+10,1\u2033, 15,6\u2033+15,6\u2033 ve 15,6\u2033 konfig\u00fcrasyon se\u00e7eneklerine sahip mod\u00fcler tasar\u0131m.<\/li>\n<li>T3 PRO MAX, yo\u011fun saatlerde h\u0131zl\u0131 bask\u0131 i\u00e7in dahili bir y\u00fcksek h\u0131zl\u0131 Seiko yaz\u0131c\u0131ya sahiptir.<\/li>\n<li>Ki\u015fiselle\u015ftirilmi\u015f bir dokunu\u015f i\u00e7in marka logolar\u0131 ve renkleri ile \u00f6zelle\u015ftirilebilir.<\/li>\n<\/ul>\n<p><strong>SUNMI OS 4.0:<\/strong><\/p>\n<ul>\n<li>Geli\u015fmi\u015f bir T3 PRO SER\u0130S\u0130 deneyimi i\u00e7in g\u00fc\u00e7l\u00fc \u00f6zellikler.<\/li>\n<li>\u00c7evrimi\u00e7i da\u011f\u0131t\u0131m i\u00e7in kullan\u0131c\u0131 dostu kimlik tabanl\u0131 hesap yap\u0131land\u0131rmas\u0131.<\/li>\n<li>Daha s\u0131k\u0131 kullan\u0131c\u0131 gizlili\u011fi ve veri g\u00fcvenli\u011fi.<\/li>\n<\/ul>\n<p>&nbsp;<\/p>\n<h5><strong>Teknik \u00d6zellikler:<\/strong><\/h5>\n<ul>\n<li><strong>Model:<\/strong> L15B1<\/li>\n<li><strong>\u0130\u015eLETIM SISTEMI:<\/strong> SUNMI OS (Android 13 tabanl\u0131)<\/li>\n<li><strong>\u0130\u015eLEMCI:<\/strong> Kyro-670 Qualcomm sekiz \u00e7ekirdekli 2.7GHz'e kadar<\/li>\n<li><strong>Haf\u0131za:<\/strong> 6GB RAM + 128GB ROM<\/li>\n<li><strong>G\u00f6ster:<\/strong> 15,6\u2033 FHD 1920*1080, 400nit, parmak izi b\u0131rakmayan (AF)<\/li>\n<li><strong>Kamera:<\/strong> \u00d6n kamera, tek lens, 8MP<\/li>\n<li><strong>Kart Okuyucu:<\/strong> Ekranda NFC<\/li>\n<li><strong>\u015eebeke:<\/strong> LAN 1000M, Wi-Fi 2.4GHz &amp; 5GHz &amp; 6GHz, Bluetooth 5.2 ve BLE destekli<\/li>\n<li><strong>Limanlar:<\/strong> \u00c7oklu USB ba\u011flant\u0131 noktalar\u0131, RJ45, RJ11, RJ12, DC<\/li>\n<li><strong>Aksesuarlar:<\/strong> 15,6\u2033 ayr\u0131 monit\u00f6r (FHD 1920<em>1080), 10,1\u2033 ayr\u0131 monit\u00f6r (HD 1280<\/em>800)<\/li>\n<li><strong>A\u011f\u0131rl\u0131k:<\/strong> T3 PRO: 3,3 kg, 15,6\u2033 ayr\u0131 monit\u00f6r: 1,7 kg, 10,1\u2033 ayr\u0131 monit\u00f6r: 0,9 kg<\/li>\n<li><strong>\u00c7evre:<\/strong> \u00c7al\u0131\u015fma s\u0131cakl\u0131\u011f\u0131: 0\u00b0C~40\u00b0C, Depolama s\u0131cakl\u0131\u011f\u0131: -20\u00b0C~60\u00b0C<\/li>\n<li><strong>Boyutlar:<\/strong> 298mm<em>371,5 mm<\/em>170 mm<\/li>\n<\/ul>\n<p>&nbsp;<\/p>","protected":false},"excerpt":{"rendered":"<p>SUNMI T3 PRO SER\u0130S\u0130 ile tan\u0131\u015f\u0131n. Ak\u0131ll\u0131 Masa\u00fcst\u00fc Android Terminalinin Bir Sonraki Seviyesi. SUNMI T3 PRO SER\u0130S\u0130, benzersiz bir kullan\u0131c\u0131 deneyimi i\u00e7in amiral gemisi performans\u0131, m\u00fchendislik m\u00fckemmelli\u011fi ve etkile\u015fimli tasar\u0131m sunarak Android masa\u00fcst\u00fcn\u00fc yeniden tan\u0131ml\u0131yor.<\/p>\n<p>T3 serisindeki terminaller, sipari\u015flerin sorunsuz y\u00f6netimi, verimli \u00f6deme s\u00fcre\u00e7leri ve \u00fcst\u00fcn bir m\u00fc\u015fteri deneyimi i\u00e7in tasarlanm\u0131\u015ft\u0131r.<\/p>","protected":false},"featured_media":23030,"comment_status":"open","ping_status":"closed","template":"","meta":[],"product_cat":[1555,3183],"product_tag":[1939,1874,3184,3185],"acf":[],"_links":{"self":[{"href":"https:\/\/paymentdiscounter.com\/tr\/wp-json\/wp\/v2\/product\/22993"}],"collection":[{"href":"https:\/\/paymentdiscounter.com\/tr\/wp-json\/wp\/v2\/product"}],"about":[{"href":"https:\/\/paymentdiscounter.com\/tr\/wp-json\/wp\/v2\/types\/product"}],"replies":[{"embeddable":true,"href":"https:\/\/paymentdiscounter.com\/tr\/wp-json\/wp\/v2\/comments?post=22993"}],"version-history":[{"count":10,"href":"https:\/\/paymentdiscounter.com\/tr\/wp-json\/wp\/v2\/product\/22993\/revisions"}],"predecessor-version":[{"id":23461,"href":"https:\/\/paymentdiscounter.com\/tr\/wp-json\/wp\/v2\/product\/22993\/revisions\/23461"}],"wp:featuredmedia":[{"embeddable":true,"href":"https:\/\/paymentdiscounter.com\/tr\/wp-json\/wp\/v2\/media\/23030"}],"wp:attachment":[{"href":"https:\/\/paymentdiscounter.com\/tr\/wp-json\/wp\/v2\/media?parent=22993"}],"wp:term":[{"taxonomy":"product_cat","embeddable":true,"href":"https:\/\/paymentdiscounter.com\/tr\/wp-json\/wp\/v2\/product_cat?post=22993"},{"taxonomy":"product_tag","embeddable":true,"href":"https:\/\/paymentdiscounter.com\/tr\/wp-json\/wp\/v2\/product_tag?post=22993"}],"curies":[{"name":"wp","href":"https:\/\/api.w.org\/{rel}","templated":true}]}}