{"id":22845,"date":"2023-11-24T20:54:45","date_gmt":"2023-11-24T20:54:45","guid":{"rendered":"https:\/\/paymentdiscounter.com\/?post_type=product&#038;p=22845"},"modified":"2023-11-24T21:06:27","modified_gmt":"2023-11-24T21:06:27","slug":"castles-v3b3-yerlesti%cc%87rme-i%cc%87stasyonu","status":"publish","type":"product","link":"https:\/\/paymentdiscounter.com\/tr\/product\/castles-v3b3-yerlesti%cc%87rme-i%cc%87stasyonu\/","title":{"rendered":"Castles V3B3 Yerle\u015ftirme \u0130stasyonu"},"content":{"rendered":"<p>Castles V3B3 Dockingstation, mobil \u00f6deme terminalinizi \u015farj etmek i\u00e7in tasarlanm\u0131\u015f \u00e7ok y\u00f6nl\u00fc bir \u015farj yuvas\u0131d\u0131r. V3B3 yuvas\u0131, tezgah\u0131n\u0131z\u0131n \u00fczerine veya kasaya kolayca yerle\u015ftirilebilen \u015f\u0131k ve kompakt bir tasar\u0131ma sahiptir. \u015earj istasyonunun alt k\u0131sm\u0131, kaymas\u0131n\u0131 veya hasar g\u00f6rmesini \u00f6nlemek i\u00e7in kaymaz kaburgalara sahiptir. Ayr\u0131ca, \u015farj yuvas\u0131n\u0131n \u00f6n taraf\u0131nda terminallerin do\u011fru \u015fekilde \u015farj edilip edilmedi\u011fini g\u00f6rmenizi sa\u011flayan bir LED g\u00f6sterge \u0131\u015f\u0131\u011f\u0131 bulunur.<\/p>\n<p>Bu baz istasyonu ile \u00f6deme terminallerinizi \u015farj etmek hi\u00e7 bu kadar kolay olmam\u0131\u015ft\u0131. Bu \u00fcr\u00fcn, terminallerini \u015farj etmek i\u00e7in uygun ve verimli bir yol arayan herkesin sahip olmas\u0131 gereken bir \u00fcr\u00fcnd\u00fcr.<\/p>","protected":false},"excerpt":{"rendered":"<p>Castles V3B3 Dockingstation, mobil \u00f6deme terminalinizi \u015farj etmek i\u00e7in tasarlanm\u0131\u015f \u00e7ok y\u00f6nl\u00fc bir \u015farj yuvas\u0131d\u0131r. V3B3 yuvas\u0131, tezgah\u0131n\u0131z\u0131n \u00fczerine veya kasaya kolayca yerle\u015ftirilebilen \u015f\u0131k ve kompakt bir tasar\u0131ma sahiptir. \u015earj istasyonunun alt k\u0131sm\u0131, kaymas\u0131n\u0131 veya hasar g\u00f6rmesini \u00f6nlemek i\u00e7in kaymaz kaburgalara sahiptir. Ayr\u0131ca, \u015farj yuvas\u0131n\u0131n \u00f6n taraf\u0131nda terminallerin do\u011fru \u015fekilde \u015farj edilip edilmedi\u011fini g\u00f6rmenizi sa\u011flayan bir LED g\u00f6sterge \u0131\u015f\u0131\u011f\u0131 bulunur.<\/p>","protected":false},"featured_media":0,"comment_status":"open","ping_status":"closed","template":"","meta":[],"product_cat":[3145],"product_tag":[3146,690,694,3147],"acf":[],"_links":{"self":[{"href":"https:\/\/paymentdiscounter.com\/tr\/wp-json\/wp\/v2\/product\/22845"}],"collection":[{"href":"https:\/\/paymentdiscounter.com\/tr\/wp-json\/wp\/v2\/product"}],"about":[{"href":"https:\/\/paymentdiscounter.com\/tr\/wp-json\/wp\/v2\/types\/product"}],"replies":[{"embeddable":true,"href":"https:\/\/paymentdiscounter.com\/tr\/wp-json\/wp\/v2\/comments?post=22845"}],"version-history":[{"count":1,"href":"https:\/\/paymentdiscounter.com\/tr\/wp-json\/wp\/v2\/product\/22845\/revisions"}],"predecessor-version":[{"id":22846,"href":"https:\/\/paymentdiscounter.com\/tr\/wp-json\/wp\/v2\/product\/22845\/revisions\/22846"}],"wp:attachment":[{"href":"https:\/\/paymentdiscounter.com\/tr\/wp-json\/wp\/v2\/media?parent=22845"}],"wp:term":[{"taxonomy":"product_cat","embeddable":true,"href":"https:\/\/paymentdiscounter.com\/tr\/wp-json\/wp\/v2\/product_cat?post=22845"},{"taxonomy":"product_tag","embeddable":true,"href":"https:\/\/paymentdiscounter.com\/tr\/wp-json\/wp\/v2\/product_tag?post=22845"}],"curies":[{"name":"wp","href":"https:\/\/api.w.org\/{rel}","templated":true}]}}