{"id":22624,"date":"2023-10-12T21:29:25","date_gmt":"2023-10-12T21:29:25","guid":{"rendered":"https:\/\/paymentdiscounter.com\/?post_type=product&#038;p=22624"},"modified":"2025-07-21T10:40:46","modified_gmt":"2025-07-21T10:40:46","slug":"sunmi-p2-pro-terminal-kilifi","status":"publish","type":"product","link":"https:\/\/paymentdiscounter.com\/tr\/product\/sunmi-p2-pro-terminal-kilifi\/","title":{"rendered":"Sunmi P2 PRO K\u0131l\u0131f Siyah"},"content":{"rendered":"<p><strong>Sunmi P2 Pro Terminal K\u0131l\u0131f\u0131<\/strong><br \/>\nMarket, kafe, restoran gibi yerlerde veya insanlar\u0131n evlerinde d\u00fczenli olarak banka kart\u0131 ile \u00f6deme al\u0131yorsan\u0131z <strong>Sunmi P2 Pro<\/strong> koruyucu k\u0131l\u0131f \u00e7ok faydal\u0131 olabilir. Bu \u015fekilde makineniz kazalara ve hasara kar\u015f\u0131 daha iyi korunur ve Ingenico \u00f6deme terminalinizin ar\u0131zalanmas\u0131n\u0131 \u00f6nlersiniz. Koruyucu Sunmi k\u0131l\u0131f\u0131, tutmay\u0131 kolayla\u015ft\u0131ran ve terminali daha iyi kavraman\u0131z\u0131 sa\u011flayan silikondan yap\u0131lm\u0131\u015ft\u0131r.<\/p>\n<p><strong>Yeni iyile\u015ftirmeler<\/strong><br \/>\nP2 Pro koruyucu kapa\u011f\u0131n kenarlar\u0131 y\u00fckseltilmi\u015ftir, bu da terminalin elinizden kaymas\u0131 durumunda hasar g\u00f6rme olas\u0131l\u0131\u011f\u0131n\u0131n daha d\u00fc\u015f\u00fck oldu\u011fu anlam\u0131na gelir.<\/p>\n<p>\u00d6deme yapmadan \u00f6nce silikon tamponun \u00e7\u0131kar\u0131lmas\u0131na gerek yoktur. Koruyucu tampon, g\u00fcn boyu kullan\u0131m\u0131 kolay olacak \u015fekilde geli\u015ftirilmi\u015ftir. G\u00fcn\u00fcn sonunda koruyucu kapa\u011f\u0131 kolayca \u00e7\u0131karabilir ve muslu\u011fun alt\u0131nda temizleyebilirsiniz.<\/p>\n<p>&nbsp;<\/p>","protected":false},"excerpt":{"rendered":"<p>Mobil \u00f6deme terminalinizin hasar g\u00f6rmesini \u00f6nlemek i\u00e7in koruyucu bir k\u0131l\u0131f kullanman\u0131z \u00f6nerilir. Bu, Sunmi P2 Pro terminalinizin hasar g\u00f6rmesini \u00f6nlemeye yard\u0131mc\u0131 olur ve makinenizin daha uzun s\u00fcre iyi durumda kalmas\u0131n\u0131 sa\u011flar.<\/p>\n<p>K\u0131l\u0131f\u0131n uygulanmas\u0131 kolayd\u0131r ve \u00e7al\u0131\u015fman\u0131z s\u0131ras\u0131nda ekstra koruma sa\u011flar. Ayr\u0131ca, i\u015finize uygun bir renkte \u00fcretilebilirler. Logonuzla birlikte veya logosuz. Not: Sadece P2 PRO i\u00e7in uygundur.<\/p>","protected":false},"featured_media":35511,"comment_status":"open","ping_status":"closed","template":"","meta":[],"product_cat":[1555,1557],"product_tag":[3840,901,3345,3036,891,735,3844,996,1874,2704,2722,1884],"acf":[],"_links":{"self":[{"href":"https:\/\/paymentdiscounter.com\/tr\/wp-json\/wp\/v2\/product\/22624"}],"collection":[{"href":"https:\/\/paymentdiscounter.com\/tr\/wp-json\/wp\/v2\/product"}],"about":[{"href":"https:\/\/paymentdiscounter.com\/tr\/wp-json\/wp\/v2\/types\/product"}],"replies":[{"embeddable":true,"href":"https:\/\/paymentdiscounter.com\/tr\/wp-json\/wp\/v2\/comments?post=22624"}],"version-history":[{"count":7,"href":"https:\/\/paymentdiscounter.com\/tr\/wp-json\/wp\/v2\/product\/22624\/revisions"}],"predecessor-version":[{"id":36671,"href":"https:\/\/paymentdiscounter.com\/tr\/wp-json\/wp\/v2\/product\/22624\/revisions\/36671"}],"wp:featuredmedia":[{"embeddable":true,"href":"https:\/\/paymentdiscounter.com\/tr\/wp-json\/wp\/v2\/media\/35511"}],"wp:attachment":[{"href":"https:\/\/paymentdiscounter.com\/tr\/wp-json\/wp\/v2\/media?parent=22624"}],"wp:term":[{"taxonomy":"product_cat","embeddable":true,"href":"https:\/\/paymentdiscounter.com\/tr\/wp-json\/wp\/v2\/product_cat?post=22624"},{"taxonomy":"product_tag","embeddable":true,"href":"https:\/\/paymentdiscounter.com\/tr\/wp-json\/wp\/v2\/product_tag?post=22624"}],"curies":[{"name":"wp","href":"https:\/\/api.w.org\/{rel}","templated":true}]}}