{"id":22614,"date":"2023-10-12T21:07:55","date_gmt":"2023-10-12T21:07:55","guid":{"rendered":"https:\/\/paymentdiscounter.com\/?post_type=product&#038;p=22614"},"modified":"2026-02-24T22:10:53","modified_gmt":"2026-02-24T22:10:53","slug":"sunmi-p2-lite-se-kasa-taramasiz","status":"publish","type":"product","link":"https:\/\/paymentdiscounter.com\/tr\/product\/sunmi-p2-lite-se-kasa-taramasiz\/","title":{"rendered":"Sunmi P2 Lite SE K\u0131l\u0131f (Taramas\u0131z)"},"content":{"rendered":"<p><strong>Sunmi P2 LITE SE Terminal K\u0131l\u0131f\u0131<\/strong><br \/>\nMarket, kafe, restoran gibi yerlerde veya insanlar\u0131n evlerinde d\u00fczenli olarak banka kart\u0131 \u00f6demeleri al\u0131yorsan\u0131z, Sunmi P2 LITE SE koruyucu k\u0131l\u0131f kullanmak \u00e7ok yararl\u0131 olabilir. Bu \u015fekilde makineniz kazalara ve hasarlara kar\u015f\u0131 daha iyi korunur ve Ingenico \u00f6deme terminalinizin ar\u0131zalanmas\u0131n\u0131 \u00f6nlersiniz.<\/p>\n<p><strong>Yeni iyile\u015ftirmeler<br \/>\n<\/strong>K\u0131l\u0131f\u0131n arkas\u0131nda, koruyucu kapa\u011f\u0131n bir kordonla birle\u015ftirilebilmesi i\u00e7in kesikler vard\u0131r.<\/p>\n<p>Konaklama sekt\u00f6r\u00fcndeki giri\u015fimciler i\u00e7in \u00e7ok kullan\u0131\u015fl\u0131.<\/p>\n<p>&nbsp;<\/p>","protected":false},"excerpt":{"rendered":"<p>Mobil \u00f6deme terminalinizin hasar g\u00f6rmesini \u00f6nlemek i\u00e7in koruyucu bir k\u0131l\u0131f kullanman\u0131z \u00f6nerilir. Bu, Sunmi P2 LITE SE terminalinizin hasar g\u00f6rmesini \u00f6nlemeye yard\u0131mc\u0131 olur ve makinenizin daha uzun s\u00fcre iyi durumda kalmas\u0131n\u0131 sa\u011flar.<\/p>\n<p>K\u0131l\u0131f\u0131n uygulanmas\u0131 kolayd\u0131r ve \u00e7al\u0131\u015fman\u0131z s\u0131ras\u0131nda ekstra koruma sa\u011flar. Bir kordon ile birle\u015ftirilebilir ve konaklama end\u00fcstrisi i\u00e7in idealdir. Bu model, taray\u0131c\u0131s\u0131 olmayan terminaller i\u00e7in uygundur.<\/p>","protected":false},"featured_media":33670,"comment_status":"open","ping_status":"closed","template":"","meta":[],"product_cat":[1555,3031],"product_tag":[3840,901,3345,3034,3033,891,735,3844,996,1874,2704,2722,3032],"acf":[],"_links":{"self":[{"href":"https:\/\/paymentdiscounter.com\/tr\/wp-json\/wp\/v2\/product\/22614"}],"collection":[{"href":"https:\/\/paymentdiscounter.com\/tr\/wp-json\/wp\/v2\/product"}],"about":[{"href":"https:\/\/paymentdiscounter.com\/tr\/wp-json\/wp\/v2\/types\/product"}],"replies":[{"embeddable":true,"href":"https:\/\/paymentdiscounter.com\/tr\/wp-json\/wp\/v2\/comments?post=22614"}],"version-history":[{"count":11,"href":"https:\/\/paymentdiscounter.com\/tr\/wp-json\/wp\/v2\/product\/22614\/revisions"}],"predecessor-version":[{"id":38310,"href":"https:\/\/paymentdiscounter.com\/tr\/wp-json\/wp\/v2\/product\/22614\/revisions\/38310"}],"wp:featuredmedia":[{"embeddable":true,"href":"https:\/\/paymentdiscounter.com\/tr\/wp-json\/wp\/v2\/media\/33670"}],"wp:attachment":[{"href":"https:\/\/paymentdiscounter.com\/tr\/wp-json\/wp\/v2\/media?parent=22614"}],"wp:term":[{"taxonomy":"product_cat","embeddable":true,"href":"https:\/\/paymentdiscounter.com\/tr\/wp-json\/wp\/v2\/product_cat?post=22614"},{"taxonomy":"product_tag","embeddable":true,"href":"https:\/\/paymentdiscounter.com\/tr\/wp-json\/wp\/v2\/product_tag?post=22614"}],"curies":[{"name":"wp","href":"https:\/\/api.w.org\/{rel}","templated":true}]}}