{"id":22596,"date":"2023-10-12T20:52:16","date_gmt":"2023-10-12T20:52:16","guid":{"rendered":"https:\/\/paymentdiscounter.com\/?post_type=product&#038;p=22596"},"modified":"2026-03-10T12:42:51","modified_gmt":"2026-03-10T12:42:51","slug":"axium-dx8000-terminal-cantasi","status":"publish","type":"product","link":"https:\/\/paymentdiscounter.com\/tr\/product\/axium-dx8000-terminal-cantasi\/","title":{"rendered":"Axium DX8000 Terminal \u00c7antas\u0131"},"content":{"rendered":"<p><strong>Axium DX8000 Terminal \u00c7antas\u0131<\/strong><br \/>\nMarket, kafe, restoran gibi yerlerde veya insanlar\u0131n evlerinde d\u00fczenli olarak banka kart\u0131 \u00f6demeleri al\u0131yorsan\u0131z, Ingenico Axium DX8000 koruyucu k\u0131l\u0131f kullanmak \u00e7ok yararl\u0131 olabilir. Bu \u015fekilde makineniz kazalara ve hasarlara kar\u015f\u0131 daha iyi korunur ve Ingenico \u00f6deme terminalinizin ar\u0131zalanmas\u0131n\u0131 \u00f6nlersiniz. Ingenico koruyucu k\u0131l\u0131f, tutmay\u0131 kolayla\u015ft\u0131ran ve terminali daha iyi kavraman\u0131z\u0131 sa\u011flayan silikondan yap\u0131lm\u0131\u015ft\u0131r.<\/p>\n<p><strong>Yeni iyile\u015ftirmeler<\/strong><br \/>\nAxium DX8000 koruyucu kapa\u011f\u0131n kenarlar\u0131 y\u00fckseltilmi\u015ftir, bu da terminalin elinizden kaymas\u0131 durumunda hasar g\u00f6rme olas\u0131l\u0131\u011f\u0131n\u0131n daha d\u00fc\u015f\u00fck oldu\u011fu anlam\u0131na gelir.<\/p>\n<p>\u00d6deme yapmadan \u00f6nce silikon tamponun \u00e7\u0131kar\u0131lmas\u0131na gerek yoktur. Koruyucu tampon, g\u00fcn boyu kullan\u0131m\u0131 kolay olacak \u015fekilde geli\u015ftirilmi\u015ftir. G\u00fcn\u00fcn sonunda koruyucu kapa\u011f\u0131 kolayca \u00e7\u0131karabilir ve muslu\u011fun alt\u0131nda temizleyebilirsiniz.<\/p>\n<p>&nbsp;<\/p>","protected":false},"excerpt":{"rendered":"<p>Axium DX8000 koruyucu k\u0131l\u0131f ile mobil \u00f6deme terminalinizin su, darbe ve d\u00fc\u015fme hasarlar\u0131na kar\u015f\u0131 daha iyi korunmas\u0131n\u0131 sa\u011flars\u0131n\u0131z. Bir \u00f6deme terminali tamponu kullanmak okuyucunuzun hasar g\u00f6rmesini veya de\u011fi\u015ftirilmesini \u00f6nleyebilir ve \u00f6deme terminalinizi daha uzun s\u00fcre iyi durumda tutman\u0131n kolay bir yoludur.<\/p>","protected":false},"featured_media":32800,"comment_status":"open","ping_status":"closed","template":"","meta":[],"product_cat":[705,2668],"product_tag":[3021,2669,3840,901,3024,1375,3020,891,735,3844,996],"acf":[],"_links":{"self":[{"href":"https:\/\/paymentdiscounter.com\/tr\/wp-json\/wp\/v2\/product\/22596"}],"collection":[{"href":"https:\/\/paymentdiscounter.com\/tr\/wp-json\/wp\/v2\/product"}],"about":[{"href":"https:\/\/paymentdiscounter.com\/tr\/wp-json\/wp\/v2\/types\/product"}],"replies":[{"embeddable":true,"href":"https:\/\/paymentdiscounter.com\/tr\/wp-json\/wp\/v2\/comments?post=22596"}],"version-history":[{"count":4,"href":"https:\/\/paymentdiscounter.com\/tr\/wp-json\/wp\/v2\/product\/22596\/revisions"}],"predecessor-version":[{"id":36679,"href":"https:\/\/paymentdiscounter.com\/tr\/wp-json\/wp\/v2\/product\/22596\/revisions\/36679"}],"wp:featuredmedia":[{"embeddable":true,"href":"https:\/\/paymentdiscounter.com\/tr\/wp-json\/wp\/v2\/media\/32800"}],"wp:attachment":[{"href":"https:\/\/paymentdiscounter.com\/tr\/wp-json\/wp\/v2\/media?parent=22596"}],"wp:term":[{"taxonomy":"product_cat","embeddable":true,"href":"https:\/\/paymentdiscounter.com\/tr\/wp-json\/wp\/v2\/product_cat?post=22596"},{"taxonomy":"product_tag","embeddable":true,"href":"https:\/\/paymentdiscounter.com\/tr\/wp-json\/wp\/v2\/product_tag?post=22596"}],"curies":[{"name":"wp","href":"https:\/\/api.w.org\/{rel}","templated":true}]}}