{"id":21904,"date":"2023-07-22T09:47:40","date_gmt":"2023-07-22T09:47:40","guid":{"rendered":"https:\/\/paymentdiscounter.com\/?post_type=product&#038;p=21904"},"modified":"2024-03-04T23:17:46","modified_gmt":"2024-03-04T23:17:46","slug":"pax-a77-gizlilik-filtresi","status":"publish","type":"product","link":"https:\/\/paymentdiscounter.com\/tr\/product\/pax-a77-gizlilik-filtresi\/","title":{"rendered":"Pax A77 Gizlilik filtresi"},"content":{"rendered":"<p><strong>Avantajlar:<\/strong><br \/>\n- PIN hilesini \u00f6nlemeye yard\u0131mc\u0131 olur.<br \/>\n- S\u00fcrt\u00fcnme ve \u00e7izilmelere kar\u015f\u0131 ekstra koruma sa\u011flar.<br \/>\n- Y\u00fcksek kaliteli temperli camdan \u00fcretilmi\u015ftir.<br \/>\n- Su iticidir ve hasar\u0131 \u00f6nlemeye yard\u0131mc\u0131 olur.<\/p>\n<p>&nbsp;<\/p>","protected":false},"excerpt":{"rendered":"<p>Pax A77 Gizlilik filtresi ile \u00f6deme terminali ekran\u0131n\u0131zdaki hassas bilgileri merakl\u0131 g\u00f6zlerden koruyabilirsiniz. Bu ince, yap\u0131\u015fkan tabakalar g\u00f6r\u00fc\u015f a\u00e7\u0131s\u0131n\u0131 s\u0131n\u0131rlayarak yaln\u0131zca do\u011frudan monit\u00f6r\u00fcn \u00f6n\u00fcndeki kullan\u0131c\u0131n\u0131n i\u00e7eri\u011fi g\u00f6rmesini, di\u011ferlerinin ise karart\u0131lm\u0131\u015f bir ekran g\u00f6rmesini sa\u011flar. Avantajlar\u0131 aras\u0131nda kamusal alanlarda gizli verilerin korunmas\u0131, omuz s\u00f6rf\u00fcn\u00fcn \u00f6nlenmesi ve veri ihlali riskinin azalt\u0131lmas\u0131 yer al\u0131r.<\/p>\n<p>Bu filtreler, gizlili\u011fi ve mahremiyeti koruyarak kullan\u0131c\u0131 verimlili\u011fini art\u0131r\u0131r, hassas bilgileri potansiyel tehditlerden korur ve g\u00fcn\u00fcm\u00fcz\u00fcn giderek birbirine ba\u011flanan d\u00fcnyas\u0131nda g\u00f6n\u00fcl rahatl\u0131\u011f\u0131 sunar.<\/p>\n<ul class=\"bulletpoints\">\n<li>Gizlilik Korumas\u0131 (kendinden yap\u0131\u015fkanl\u0131)<\/li>\n<li>\u00c7izilmeye Kar\u015f\u0131 Koruma<\/li>\n<li>Kolay, Kabarc\u0131ks\u0131z Kurulum<\/li>\n<li>\u00c7oklu dokunmatik optimize edildi<\/li>\n<\/ul>","protected":false},"featured_media":21905,"comment_status":"open","ping_status":"closed","template":"","meta":[],"product_cat":[730,1482,1276],"product_tag":[2625,3334,728,1438,2611,2923,2922,762],"acf":[],"_links":{"self":[{"href":"https:\/\/paymentdiscounter.com\/tr\/wp-json\/wp\/v2\/product\/21904"}],"collection":[{"href":"https:\/\/paymentdiscounter.com\/tr\/wp-json\/wp\/v2\/product"}],"about":[{"href":"https:\/\/paymentdiscounter.com\/tr\/wp-json\/wp\/v2\/types\/product"}],"replies":[{"embeddable":true,"href":"https:\/\/paymentdiscounter.com\/tr\/wp-json\/wp\/v2\/comments?post=21904"}],"version-history":[{"count":3,"href":"https:\/\/paymentdiscounter.com\/tr\/wp-json\/wp\/v2\/product\/21904\/revisions"}],"predecessor-version":[{"id":21908,"href":"https:\/\/paymentdiscounter.com\/tr\/wp-json\/wp\/v2\/product\/21904\/revisions\/21908"}],"wp:featuredmedia":[{"embeddable":true,"href":"https:\/\/paymentdiscounter.com\/tr\/wp-json\/wp\/v2\/media\/21905"}],"wp:attachment":[{"href":"https:\/\/paymentdiscounter.com\/tr\/wp-json\/wp\/v2\/media?parent=21904"}],"wp:term":[{"taxonomy":"product_cat","embeddable":true,"href":"https:\/\/paymentdiscounter.com\/tr\/wp-json\/wp\/v2\/product_cat?post=21904"},{"taxonomy":"product_tag","embeddable":true,"href":"https:\/\/paymentdiscounter.com\/tr\/wp-json\/wp\/v2\/product_tag?post=21904"}],"curies":[{"name":"wp","href":"https:\/\/api.w.org\/{rel}","templated":true}]}}