{"id":20043,"date":"2023-04-21T19:18:26","date_gmt":"2023-04-21T19:18:26","guid":{"rendered":"https:\/\/paymentdiscounter.com\/?post_type=product&#038;p=20043"},"modified":"2023-04-25T05:59:42","modified_gmt":"2023-04-25T05:59:42","slug":"sunmi-klavye","status":"publish","type":"product","link":"https:\/\/paymentdiscounter.com\/tr\/product\/sunmi-klavye\/","title":{"rendered":"Sunmi Klavye"},"content":{"rendered":"<p>Sunmi Klavye, Android yazar kasalarla kullan\u0131m i\u00e7in \u00f6zel olarak tasarlanm\u0131\u015ft\u0131r ve \u00f6deme s\u00fcrecini daha h\u0131zl\u0131 ve kolay hale getirmek i\u00e7in \u00e7e\u015fitli kullan\u0131\u015fl\u0131 i\u015flevler sunar.<\/p>\n<p><strong>Kompakt ve tam donan\u0131ml\u0131<\/strong><br \/>\nSunmi Klavye 89 tu\u015ftan olu\u015fur ve k\u00fc\u00e7\u00fck ve kompakt bir tasar\u0131ma sahiptir. Klavye 276 mm geni\u015fli\u011findedir ve dar kenarlar\u0131 onu bir Apple klavyeden daha kompakt hale getirir. Sa\u011f taraftaki say\u0131sal tu\u015flar b\u00fcy\u00fct\u00fclm\u00fc\u015ft\u00fcr, bu da \u00e7ok yazan \u00e7al\u0131\u015fanlar i\u00e7in kullan\u0131\u015fl\u0131d\u0131r.<\/p>\n<p><strong>Programlanabilir tu\u015flar<\/strong><br \/>\nSunmi Klavyenin kullan\u0131\u015fl\u0131 i\u015flevlerinden biri de 16 tu\u015fun programlanabilmesidir. Bu, s\u0131k kullan\u0131lan i\u015flevleri veya k\u0131sayollar\u0131 tu\u015flar \u00fczerinde ayarlayabilece\u011finiz ve yazar kasay\u0131 daha da verimli \u00e7al\u0131\u015ft\u0131rabilece\u011finiz anlam\u0131na gelir. Ayr\u0131ca tek bir tu\u015fa basarak para \u00e7ekmecesini a\u00e7mak i\u00e7in bir tu\u015f programlayabilirsiniz.<\/p>\n<p><strong>Suya dayan\u0131kl\u0131 ve kolay temizlenebilir<\/strong><br \/>\nKlavye profesyonellik g\u00f6z \u00f6n\u00fcnde bulundurularak tasarlanm\u0131\u015ft\u0131r. Klavyeyi suya kar\u015f\u0131 korumak i\u00e7in profesyonel bir giri\u015f korumas\u0131 (IPX5) ile donat\u0131lm\u0131\u015ft\u0131r. Buna ek olarak, klavye kullan\u0131mdan sonra suyu uzakla\u015ft\u0131rmak i\u00e7in kolayca \u00e7alkalanabilir. Bu \u00f6zellikle klavyenin mutfak veya restoran bar gibi s\u0131v\u0131lara s\u0131kl\u0131kla maruz kald\u0131\u011f\u0131 ortamlarda kullan\u0131\u015fl\u0131d\u0131r.<\/p>\n<p><strong>Dayan\u0131kl\u0131 ve g\u00fcvenilir<\/strong><br \/>\nSunmi klavye ekstra uzun \u00f6m\u00fcrl\u00fc olacak \u015fekilde tasarlanm\u0131\u015ft\u0131r. POM tu\u015flar\u0131 ba\u011f\u0131ms\u0131z \u00e7al\u0131\u015facak \u015fekilde tasarlanm\u0131\u015ft\u0131r ve 15 milyon kez bas\u0131labilir. Bu, klavyenin uzun bir kullan\u0131m \u00f6mr\u00fcne sahip oldu\u011fu ve \u00e7ok g\u00fcvenilir oldu\u011fu anlam\u0131na gelir. Yo\u011fun kullan\u0131mda bile.<\/p>\n<p><strong>Ana \u00f6zellikler:<\/strong><\/p>\n<ul>\n<li>Boyutlar: 276mm x 146mm x 30mm<\/li>\n<li>A\u011f\u0131rl\u0131k: 470g<\/li>\n<li>89 tu\u015flu ticari klavye<\/li>\n<li>IPX5 derecesi ile suya dayan\u0131kl\u0131<\/li>\n<li>16 programlanabilir tu\u015f<\/li>\n<li>Nakit k\u0131sayol tu\u015fu<\/li>\n<\/ul>","protected":false},"excerpt":{"rendered":"<p>Sunmi Klavye 89 tu\u015ftan olu\u015fur ve k\u00fc\u00e7\u00fck ve kompakt bir tasar\u0131ma sahiptir. Klavye 276 mm geni\u015fli\u011findedir ve dar kenarlara sahiptir, bu da onu bir Apple klavyeden daha kompakt hale getirir.<\/p>\n<p>Sunmi Klavye, Android yazar kasalarla kullan\u0131m i\u00e7in \u00f6zel olarak tasarlanm\u0131\u015ft\u0131r ve \u00f6deme s\u00fcrecini daha h\u0131zl\u0131 ve kolay hale getirmek i\u00e7in \u00e7e\u015fitli kullan\u0131\u015fl\u0131 i\u015flevler sunar.<\/p>","protected":false},"featured_media":20050,"comment_status":"open","ping_status":"closed","template":"","meta":[],"product_cat":[1555],"product_tag":[2730,1874,2704,2731],"acf":[],"_links":{"self":[{"href":"https:\/\/paymentdiscounter.com\/tr\/wp-json\/wp\/v2\/product\/20043"}],"collection":[{"href":"https:\/\/paymentdiscounter.com\/tr\/wp-json\/wp\/v2\/product"}],"about":[{"href":"https:\/\/paymentdiscounter.com\/tr\/wp-json\/wp\/v2\/types\/product"}],"replies":[{"embeddable":true,"href":"https:\/\/paymentdiscounter.com\/tr\/wp-json\/wp\/v2\/comments?post=20043"}],"version-history":[{"count":2,"href":"https:\/\/paymentdiscounter.com\/tr\/wp-json\/wp\/v2\/product\/20043\/revisions"}],"predecessor-version":[{"id":20070,"href":"https:\/\/paymentdiscounter.com\/tr\/wp-json\/wp\/v2\/product\/20043\/revisions\/20070"}],"wp:featuredmedia":[{"embeddable":true,"href":"https:\/\/paymentdiscounter.com\/tr\/wp-json\/wp\/v2\/media\/20050"}],"wp:attachment":[{"href":"https:\/\/paymentdiscounter.com\/tr\/wp-json\/wp\/v2\/media?parent=20043"}],"wp:term":[{"taxonomy":"product_cat","embeddable":true,"href":"https:\/\/paymentdiscounter.com\/tr\/wp-json\/wp\/v2\/product_cat?post=20043"},{"taxonomy":"product_tag","embeddable":true,"href":"https:\/\/paymentdiscounter.com\/tr\/wp-json\/wp\/v2\/product_tag?post=20043"}],"curies":[{"name":"wp","href":"https:\/\/api.w.org\/{rel}","templated":true}]}}