{"id":19751,"date":"2023-04-10T22:31:30","date_gmt":"2023-04-10T22:31:30","guid":{"rendered":"https:\/\/paymentdiscounter.com\/?post_type=product&#038;p=19751"},"modified":"2024-10-24T14:46:36","modified_gmt":"2024-10-24T14:46:36","slug":"pax-a77-yerlestirme-istasyonu","status":"publish","type":"product","link":"https:\/\/paymentdiscounter.com\/tr\/product\/pax-a77-yerlestirme-istasyonu\/","title":{"rendered":"Pax A77 Yerle\u015ftirme \u0130stasyonu"},"content":{"rendered":"","protected":false},"excerpt":{"rendered":"<p>Pax A77 Yerle\u015ftirme \u0130stasyonu ile \u00f6deme terminalinizin pili her zaman dolu olacakt\u0131r. \u00d6deme terminalini tutucuya kolayca yerle\u015ftirebilir, Pax \u015farj cihaz\u0131na ba\u011flayabilir ve gerisini yerle\u015ftirme istasyonuna b\u0131rakabilirsiniz.<\/p>\n<p>Bu ba\u011flant\u0131 istasyonu, pillerin bitmesi veya k\u0131sa devrelere yol a\u00e7abilecek kablo kopmas\u0131 gibi sorunlar\u0131 \u00f6nlemeye yard\u0131mc\u0131 olur. Uygun uyumluluk ve optimum performans sa\u011flamak i\u00e7in orijinal Pax taban kullan\u0131n.<\/p>\n<p>Pax A77 Yerle\u015ftirme \u0130stasyonu, \u00f6deme terminallerini her zaman \u015farjl\u0131 ve kullan\u0131ma haz\u0131r tutmas\u0131 gereken t\u00fcccarlar i\u00e7in kullan\u0131\u015fl\u0131 bir aksesuard\u0131r.<\/p>\n<p>&nbsp;<\/p>","protected":false},"featured_media":19753,"comment_status":"open","ping_status":"closed","template":"","meta":[],"product_cat":[730,1482],"product_tag":[2625,3334,690,694,728,1438,2611,1314,2609],"acf":[],"_links":{"self":[{"href":"https:\/\/paymentdiscounter.com\/tr\/wp-json\/wp\/v2\/product\/19751"}],"collection":[{"href":"https:\/\/paymentdiscounter.com\/tr\/wp-json\/wp\/v2\/product"}],"about":[{"href":"https:\/\/paymentdiscounter.com\/tr\/wp-json\/wp\/v2\/types\/product"}],"replies":[{"embeddable":true,"href":"https:\/\/paymentdiscounter.com\/tr\/wp-json\/wp\/v2\/comments?post=19751"}],"version-history":[{"count":1,"href":"https:\/\/paymentdiscounter.com\/tr\/wp-json\/wp\/v2\/product\/19751\/revisions"}],"predecessor-version":[{"id":19755,"href":"https:\/\/paymentdiscounter.com\/tr\/wp-json\/wp\/v2\/product\/19751\/revisions\/19755"}],"wp:featuredmedia":[{"embeddable":true,"href":"https:\/\/paymentdiscounter.com\/tr\/wp-json\/wp\/v2\/media\/19753"}],"wp:attachment":[{"href":"https:\/\/paymentdiscounter.com\/tr\/wp-json\/wp\/v2\/media?parent=19751"}],"wp:term":[{"taxonomy":"product_cat","embeddable":true,"href":"https:\/\/paymentdiscounter.com\/tr\/wp-json\/wp\/v2\/product_cat?post=19751"},{"taxonomy":"product_tag","embeddable":true,"href":"https:\/\/paymentdiscounter.com\/tr\/wp-json\/wp\/v2\/product_tag?post=19751"}],"curies":[{"name":"wp","href":"https:\/\/api.w.org\/{rel}","templated":true}]}}