{"id":19153,"date":"2018-10-15T18:27:09","date_gmt":"2022-10-17T13:30:49","guid":{"rendered":"https:\/\/paymentdiscounter.com\/product\/verifone-vx820-stativ-komplett\/"},"modified":"2022-10-17T13:30:49","modified_gmt":"2022-10-17T13:30:49","slug":"verifone-vx820-stativ-komplett","status":"publish","type":"product","link":"https:\/\/paymentdiscounter.com\/tr\/product\/verifone-vx820-stativ-komplett\/","title":{"rendered":"Verifone Vx820 Stativ komplett"},"content":{"rendered":"<p>Verifone Vx820 stang<br \/>\nVerifone Vx820-stangen, h\u0131zl\u0131 diske sahip butikker i\u00e7in idealdir. Et betalingsterminalstativ gir en fast plassering for din terminal og reduserer plassen som trengs p\u00e5 disken din.<\/p>\n<p>Ulykker ve skader i\u00e7in riski azalt\u0131r. Verifone betalingsstang, modele g\u00f6re de\u011fi\u015ftirilebilir: Lav | H\u00f8y | Vegg fikset. Den kan festes ved hjelp av den selvklebende stripen eller skruesettet som f\u00f8lger med i kj\u00f8pet.<\/p>\n<p>Fordelene<\/p>\n<ul>\n<li>Alt i \u00e9n monteringsl\u00f8sning.<\/li>\n<li>Kan vippes opp til 140 grader.<\/li>\n<li>Roterbar opp til 330 greyder.<\/li>\n<li>Monteringsplate medf\u00f8lger.<\/li>\n<li>Festes enkelt med skruer eller limstrimmel.<\/li>\n<li>Forhindrer brudd p\u00e5 kabler.<\/li>\n<\/ul>\n<p>&nbsp;<\/p>","protected":false},"excerpt":{"rendered":"<p>Verifone Vx820 Pole s\u00f8rger for at betalingsterminalen din er enkel \u00e5 feste til disken eller veggen. Roterbar opp til 330c og enkel \u00e5 betjene for b\u00e5de gr\u00fcnder og kunde. Det bidrar ogs\u00e5 til \u00e5 forhindre skade og holder betalingsterminalen din lenger i bedre stand.<\/p>","protected":false},"featured_media":17269,"comment_status":"open","ping_status":"closed","template":"","meta":[],"product_cat":[836],"product_tag":[],"acf":[],"_links":{"self":[{"href":"https:\/\/paymentdiscounter.com\/tr\/wp-json\/wp\/v2\/product\/19153"}],"collection":[{"href":"https:\/\/paymentdiscounter.com\/tr\/wp-json\/wp\/v2\/product"}],"about":[{"href":"https:\/\/paymentdiscounter.com\/tr\/wp-json\/wp\/v2\/types\/product"}],"replies":[{"embeddable":true,"href":"https:\/\/paymentdiscounter.com\/tr\/wp-json\/wp\/v2\/comments?post=19153"}],"version-history":[{"count":0,"href":"https:\/\/paymentdiscounter.com\/tr\/wp-json\/wp\/v2\/product\/19153\/revisions"}],"wp:featuredmedia":[{"embeddable":true,"href":"https:\/\/paymentdiscounter.com\/tr\/wp-json\/wp\/v2\/media\/17269"}],"wp:attachment":[{"href":"https:\/\/paymentdiscounter.com\/tr\/wp-json\/wp\/v2\/media?parent=19153"}],"wp:term":[{"taxonomy":"product_cat","embeddable":true,"href":"https:\/\/paymentdiscounter.com\/tr\/wp-json\/wp\/v2\/product_cat?post=19153"},{"taxonomy":"product_tag","embeddable":true,"href":"https:\/\/paymentdiscounter.com\/tr\/wp-json\/wp\/v2\/product_tag?post=19153"}],"curies":[{"name":"wp","href":"https:\/\/api.w.org\/{rel}","templated":true}]}}