{"id":14552,"date":"2022-05-25T21:18:37","date_gmt":"2022-05-25T21:18:37","guid":{"rendered":"https:\/\/paymentdiscounter.com\/?post_type=product&#038;p=14552"},"modified":"2026-03-07T11:53:08","modified_gmt":"2026-03-07T11:53:08","slug":"ingenico-lane-5000-tailwind-arka-plaka","status":"publish","type":"product","link":"https:\/\/paymentdiscounter.com\/tr\/product\/ingenico-lane-5000-tailwind-arka-plaka\/","title":{"rendered":"Ingenico Lane 5000 Arka Plaka"},"content":{"rendered":"","protected":false},"excerpt":{"rendered":"<p>Ingenico Lane 5000 Arka Plaka, makineyi \u00f6deme dire\u011fine takmak i\u00e7in kullan\u0131lan bir montaj plakas\u0131d\u0131r. Arka Plakay\u0131 \u00f6deme terminalinin alt taraf\u0131na kolayca tak\u0131n ve \u00f6deme terminalini standa oturtun.<\/p>\n<p>Bir Tailwind standard\u0131 kullanarak hasar\u0131 ve pahal\u0131 onar\u0131m maliyetlerini \u00f6nlersiniz.<\/p>","protected":false},"featured_media":14557,"comment_status":"open","ping_status":"closed","template":"","meta":[],"product_cat":[705,1333],"product_tag":[1893,703,1334,1894,1326],"acf":[],"_links":{"self":[{"href":"https:\/\/paymentdiscounter.com\/tr\/wp-json\/wp\/v2\/product\/14552"}],"collection":[{"href":"https:\/\/paymentdiscounter.com\/tr\/wp-json\/wp\/v2\/product"}],"about":[{"href":"https:\/\/paymentdiscounter.com\/tr\/wp-json\/wp\/v2\/types\/product"}],"replies":[{"embeddable":true,"href":"https:\/\/paymentdiscounter.com\/tr\/wp-json\/wp\/v2\/comments?post=14552"}],"version-history":[{"count":3,"href":"https:\/\/paymentdiscounter.com\/tr\/wp-json\/wp\/v2\/product\/14552\/revisions"}],"predecessor-version":[{"id":15635,"href":"https:\/\/paymentdiscounter.com\/tr\/wp-json\/wp\/v2\/product\/14552\/revisions\/15635"}],"wp:featuredmedia":[{"embeddable":true,"href":"https:\/\/paymentdiscounter.com\/tr\/wp-json\/wp\/v2\/media\/14557"}],"wp:attachment":[{"href":"https:\/\/paymentdiscounter.com\/tr\/wp-json\/wp\/v2\/media?parent=14552"}],"wp:term":[{"taxonomy":"product_cat","embeddable":true,"href":"https:\/\/paymentdiscounter.com\/tr\/wp-json\/wp\/v2\/product_cat?post=14552"},{"taxonomy":"product_tag","embeddable":true,"href":"https:\/\/paymentdiscounter.com\/tr\/wp-json\/wp\/v2\/product_tag?post=14552"}],"curies":[{"name":"wp","href":"https:\/\/api.w.org\/{rel}","templated":true}]}}