{"id":14479,"date":"2022-05-24T17:28:44","date_gmt":"2022-05-24T17:28:44","guid":{"rendered":"https:\/\/paymentdiscounter.com\/?post_type=product&#038;p=14479"},"modified":"2023-04-21T10:53:45","modified_gmt":"2023-04-21T10:53:45","slug":"sunmi-v2s-plus","status":"publish","type":"product","link":"https:\/\/paymentdiscounter.com\/tr\/product\/sunmi-v2s-plus\/","title":{"rendered":"SUNMI V2s PLUS"},"content":{"rendered":"<p>Sunmi V2s Plus, daha fazlas\u0131n\u0131 ba\u015farman\u0131za yard\u0131mc\u0131 olmak i\u00e7in s\u0131n\u0131rlar\u0131 zorlayan ak\u0131ll\u0131 bir mobil terminaldir. \u0130ster teslimat, depolama, piyango sat\u0131\u015f\u0131, perakende veya toptan sat\u0131\u015f yap\u0131yor olun. V2s Plus, i\u015finizi bir sonraki seviyeye ta\u015f\u0131man\u0131za yard\u0131mc\u0131 olacak m\u00fckemmel bir cihazd\u0131r. Yenilik\u00e7i \u00f6zellikleri ve \u00fcst\u00fcn tasar\u0131m\u0131 ile V2s Plus, mobil terminaller d\u00fcnyas\u0131nda oyun de\u011fi\u015ftiricidir.<\/p>\n<p><strong>Teslimat, Depolama, Piyango Sat\u0131\u015f\u0131 ve Perakende<\/strong><br \/>\nV2s Plus, \u00e7e\u015fitli sekt\u00f6rlerde kullan\u0131labilen \u00e7ok y\u00f6nl\u00fc bir cihazd\u0131r. Barkod tarama ve teslimat etiketi yazd\u0131rma \u00f6zellikleriyle V2s Plus, saha hizmetleri i\u00e7in m\u00fckemmel bir ara\u00e7t\u0131r. V2s Plus her \u015feyi yapabildi\u011fi i\u00e7in art\u0131k bir PDA ve Bluetooth yaz\u0131c\u0131 ta\u015f\u0131man\u0131za gerek yok. Ayr\u0131ca, V2s Plus \u00fcr\u00fcn bilgilerini toplay\u0131p y\u00fckleyebilir ve \u00fcr\u00fcn etiketlerini yazd\u0131rarak envanterinizin her zaman g\u00fcncel olmas\u0131n\u0131 sa\u011flar. V2s Plus'\u0131n kompakt tasar\u0131m\u0131 onu piyango sat\u0131\u015flar\u0131 i\u00e7in ideal hale getirerek mallar i\u00e7in daha fazla yer a\u00e7ar ve k\u00e2r\u0131 art\u0131r\u0131r. Perakende i\u015fletmeleri i\u00e7in V2s Plus \u00fcr\u00fcn ve promosyon bilgilerine eri\u015fimi kolayla\u015ft\u0131r\u0131r ve m\u00fc\u015fteriler uzun bir kasa kuyru\u011funda beklemek yerine \u00f6deme yapmak i\u00e7in tarayabilir.<\/p>\n<p><strong>Yenilik ve Yeni Eklentiler<\/strong><br \/>\nV2s Plus her zaman yenili\u011fin s\u0131n\u0131rlar\u0131n\u0131 zorluyor ve yeni eklentiler de bir istisna de\u011fil. V2s Plus'\u0131n standart versiyonu 2GB RAM ve 16GB ROM ile gelirken, Taray\u0131c\u0131 Versiyonu ve GMS Versiyonu 3GB RAM ve 32GB ROM ile geliyor. Buna ek olarak, V2s Plus 80mm dahili bir yaz\u0131c\u0131ya sahiptir ve bu da onu b\u00f6yle bir yaz\u0131c\u0131y\u0131 entegre eden ilk el cihaz\u0131 yapmaktad\u0131r. Bu yaz\u0131c\u0131 makbuzlar\u0131, etiketleri ve siyah i\u015faretleri kolayl\u0131kla yazd\u0131rman\u0131z\u0131 sa\u011flar. Su damlas\u0131 \u00e7entikli tasar\u0131ma sahip 6,22 in\u00e7 ekran en \u00fcst d\u00fczeyde g\u00f6rsel deneyim sa\u011flarken, h\u0131zl\u0131 \u00f6n kamera y\u00fcz tan\u0131ma \u00f6zelli\u011fini kullanarak \u00e7al\u0131\u015fanlar\u0131n tan\u0131mlanmas\u0131na ve \u00f6deme yap\u0131lmas\u0131na olanak tan\u0131r. HD arka kamera 5MP ve 13MP se\u00e7enekleriyle barkod tabanl\u0131 \u00f6demeleri ve kan\u0131t foto\u011fraflar\u0131 \u00e7ekmeyi kolayla\u015ft\u0131r\u0131r.<\/p>\n<p><strong>G\u00f6rev ba\u015f\u0131nda, g\u00fcn\u00fcn her saati<\/strong><br \/>\nV2s Plus g\u00fcn\u00fcn her saati g\u00f6rev ba\u015f\u0131nda olacak \u015fekilde tasarlanm\u0131\u015ft\u0131r. V2s Plus, 7.7V\/3500mAh y\u00fcksek kapasiteli \u00e7\u0131kar\u0131labilir pili ile bekleme modunda 14 g\u00fcne kadar ve s\u00fcrekli kullan\u0131mda 16 saatten fazla dayanabilir. Dahili ak\u0131ll\u0131 \u00e7ip, pil \u00f6mr\u00fcn\u00fc uzatmak i\u00e7in Sunmi algoritmas\u0131 ile donat\u0131lm\u0131\u015ft\u0131r ve cihaz\u0131n\u0131z\u0131n ihtiya\u00e7 duydu\u011funuz kadar uzun s\u00fcre dayanmas\u0131n\u0131 sa\u011flar.<\/p>\n<p><strong>\u00dcst\u00fcn Tasar\u0131m<\/strong><br \/>\nV2s Plus, Red Dot Tasar\u0131m \u00d6d\u00fcl\u00fcn\u00fc kazanm\u0131\u015ft\u0131r ve nedenini g\u00f6rmek kolayd\u0131r. Cihaz, canl\u0131l\u0131k ve kullan\u0131m kolayl\u0131\u011f\u0131 i\u00e7in turuncu d\u00fc\u011fmelere sahiptir ve LED g\u00f6stergesi pil \u015farj seviyesini bir bak\u0131\u015fta kontrol etmenizi sa\u011flar. En ince yerinde sadece 16,5 mm ve 535 g a\u011f\u0131rl\u0131\u011f\u0131ndaki V2s Plus, bir su \u015fi\u015fesinden daha hafiftir ve gitti\u011finiz her yere kolayca ta\u015f\u0131n\u0131r. Metalik \u015feritlere sahip yar\u0131 saydam yaz\u0131c\u0131 kapa\u011f\u0131, cihaz tasar\u0131m\u0131ndan \u00f6d\u00fcn vermeden ka\u011f\u0131t rulosu seviyelerini kontrol etmenizi sa\u011flar ve ka\u011f\u0131t rulosu sabitleyici, 60 ila 80 mm geni\u015fli\u011findeki bask\u0131 rulolar\u0131n\u0131 y\u00fcklemenize olanak tan\u0131r. Yaz\u0131c\u0131 kapa\u011f\u0131, kullan\u0131m s\u0131ras\u0131nda kazara a\u00e7\u0131lmas\u0131n\u0131 \u00f6nlemek i\u00e7in bir toka ile tasarlanm\u0131\u015ft\u0131r.<\/p>","protected":false},"excerpt":{"rendered":"<p>Sunmi V2s Plus, daha fazlas\u0131n\u0131 ba\u015farman\u0131za yard\u0131mc\u0131 olmak i\u00e7in s\u0131n\u0131rlar\u0131 zorlayan ak\u0131ll\u0131 bir mobil terminaldir. \u0130ster teslimat, depolama, piyango sat\u0131\u015f\u0131, perakende veya toptan sat\u0131\u015f yap\u0131yor olun. V2s Plus, i\u015finizi bir sonraki seviyeye ta\u015f\u0131man\u0131za yard\u0131mc\u0131 olacak m\u00fckemmel bir cihazd\u0131r. Yenilik\u00e7i \u00f6zellikleri ve \u00fcst\u00fcn tasar\u0131m\u0131 ile V2s Plus, mobil terminaller d\u00fcnyas\u0131nda oyun de\u011fi\u015ftiricidir.<\/p>","protected":false},"featured_media":14495,"comment_status":"open","ping_status":"closed","template":"","meta":[],"product_cat":[1555,1706],"product_tag":[1791,715,944,1436,1874,1890],"acf":[],"_links":{"self":[{"href":"https:\/\/paymentdiscounter.com\/tr\/wp-json\/wp\/v2\/product\/14479"}],"collection":[{"href":"https:\/\/paymentdiscounter.com\/tr\/wp-json\/wp\/v2\/product"}],"about":[{"href":"https:\/\/paymentdiscounter.com\/tr\/wp-json\/wp\/v2\/types\/product"}],"replies":[{"embeddable":true,"href":"https:\/\/paymentdiscounter.com\/tr\/wp-json\/wp\/v2\/comments?post=14479"}],"version-history":[{"count":6,"href":"https:\/\/paymentdiscounter.com\/tr\/wp-json\/wp\/v2\/product\/14479\/revisions"}],"predecessor-version":[{"id":19955,"href":"https:\/\/paymentdiscounter.com\/tr\/wp-json\/wp\/v2\/product\/14479\/revisions\/19955"}],"wp:featuredmedia":[{"embeddable":true,"href":"https:\/\/paymentdiscounter.com\/tr\/wp-json\/wp\/v2\/media\/14495"}],"wp:attachment":[{"href":"https:\/\/paymentdiscounter.com\/tr\/wp-json\/wp\/v2\/media?parent=14479"}],"wp:term":[{"taxonomy":"product_cat","embeddable":true,"href":"https:\/\/paymentdiscounter.com\/tr\/wp-json\/wp\/v2\/product_cat?post=14479"},{"taxonomy":"product_tag","embeddable":true,"href":"https:\/\/paymentdiscounter.com\/tr\/wp-json\/wp\/v2\/product_tag?post=14479"}],"curies":[{"name":"wp","href":"https:\/\/api.w.org\/{rel}","templated":true}]}}