{"id":12597,"date":"2022-04-17T22:36:06","date_gmt":"2022-04-17T22:36:06","guid":{"rendered":"https:\/\/paymentdiscounter.com\/?post_type=product&#038;p=12597"},"modified":"2026-03-07T11:53:09","modified_gmt":"2026-03-07T11:53:09","slug":"nexgo-n86-guc-kaynagi","status":"publish","type":"product","link":"https:\/\/paymentdiscounter.com\/tr\/product\/nexgo-n86-guc-kaynagi\/","title":{"rendered":"Nexgo N86 G\u00fc\u00e7 kayna\u011f\u0131"},"content":{"rendered":"<p>Nexgo N86 G\u00fc\u00e7 kayna\u011f\u0131<br \/>\n\u00d6deme terminalini \u015farj etmek i\u00e7in bir \u015farj cihaz\u0131na ihtiyac\u0131n\u0131z vard\u0131r. Bu, \u00f6deme terminalinizin sat\u0131n al\u0131nmas\u0131yla birlikte standart olarak verilir. Ancak, zaman i\u00e7inde veya s\u0131k kullan\u0131mdan sonra ar\u0131zalar meydana gelebilir. \u00d6deme terminalinin \u00e7al\u0131\u015fmas\u0131 i\u00e7in bir g\u00fc\u00e7 kayna\u011f\u0131 gerekli oldu\u011fundan, ar\u0131zal\u0131 bir g\u00fc\u00e7 kayna\u011f\u0131 zor bir durumdur. Sonu\u00e7ta, \u015farj cihaz\u0131 olmadan \u00f6deme terminalini dolduramazs\u0131n\u0131z, bu da ciro kayb\u0131na yol a\u00e7abilir.<\/p>\n<p>Nexgo N86, sabit bir yere sahip esnaf ve ba\u011f\u0131ms\u0131z giri\u015fimciler i\u00e7in ideal olan kompakt ve kullan\u0131c\u0131 dostu bir \u00f6deme terminalidir.<\/p>\n<p>Nexgo N86 g\u00fc\u00e7 kayna\u011f\u0131n\u0131 kullan\u0131n:<br \/>\n- Do\u011frudan terminalinize ba\u011flayarak<br \/>\n- Nexgo yerle\u015ftirme istasyonu ile birlikte<\/p>","protected":false},"excerpt":{"rendered":"<p>Nexgo N86 i\u00e7in g\u00fc\u00e7 kayna\u011f\u0131, Nexgo terminalleri ile kullan\u0131lmak \u00fczere \u00f6zel olarak geli\u015ftirilmi\u015ftir. Bu, \u00f6deme terminalinize veya yerle\u015ftirme istasyonunuza kolayca tak\u0131labilen orijinal bir \u015farj cihaz\u0131d\u0131r. \u00d6deme terminalinizi h\u0131zl\u0131 ve kolay bir \u015fekilde \u00e7evrimi\u00e7i sipari\u015f edin.<\/p>\n<h1 style=\"color: #37557a; font-size: 12px;\">*sadece \u015farj cihaz\u0131. terminal dahil de\u011fildir<\/h1>","protected":false},"featured_media":12613,"comment_status":"open","ping_status":"closed","template":"","meta":[],"product_cat":[1248,1547],"product_tag":[690,1315,1548,751],"acf":[],"_links":{"self":[{"href":"https:\/\/paymentdiscounter.com\/tr\/wp-json\/wp\/v2\/product\/12597"}],"collection":[{"href":"https:\/\/paymentdiscounter.com\/tr\/wp-json\/wp\/v2\/product"}],"about":[{"href":"https:\/\/paymentdiscounter.com\/tr\/wp-json\/wp\/v2\/types\/product"}],"replies":[{"embeddable":true,"href":"https:\/\/paymentdiscounter.com\/tr\/wp-json\/wp\/v2\/comments?post=12597"}],"version-history":[{"count":5,"href":"https:\/\/paymentdiscounter.com\/tr\/wp-json\/wp\/v2\/product\/12597\/revisions"}],"predecessor-version":[{"id":29080,"href":"https:\/\/paymentdiscounter.com\/tr\/wp-json\/wp\/v2\/product\/12597\/revisions\/29080"}],"wp:featuredmedia":[{"embeddable":true,"href":"https:\/\/paymentdiscounter.com\/tr\/wp-json\/wp\/v2\/media\/12613"}],"wp:attachment":[{"href":"https:\/\/paymentdiscounter.com\/tr\/wp-json\/wp\/v2\/media?parent=12597"}],"wp:term":[{"taxonomy":"product_cat","embeddable":true,"href":"https:\/\/paymentdiscounter.com\/tr\/wp-json\/wp\/v2\/product_cat?post=12597"},{"taxonomy":"product_tag","embeddable":true,"href":"https:\/\/paymentdiscounter.com\/tr\/wp-json\/wp\/v2\/product_tag?post=12597"}],"curies":[{"name":"wp","href":"https:\/\/api.w.org\/{rel}","templated":true}]}}