{"id":9911,"date":"2021-12-13T10:30:10","date_gmt":"2021-12-13T10:30:10","guid":{"rendered":"https:\/\/paymentdiscounter.com\/?post_type=product&#038;p=9911"},"modified":"2025-01-13T22:30:44","modified_gmt":"2025-01-13T22:30:44","slug":"woldline-yomova-stand-contour-tailwind","status":"publish","type":"product","link":"https:\/\/paymentdiscounter.com\/pt\/product\/woldline-yomova-stand-contour-tailwind\/","title":{"rendered":"Woldline Yomova Stand Contour | Tailwind"},"content":{"rendered":"<p>Contorno do suporte Woldline Yomova<br \/>\nO Woldline Yomova Standard \u00e9 ideal para empres\u00e1rios com uma configura\u00e7\u00e3o de balc\u00e3o fixo. A base girat\u00f3ria oferece um local fixo para seu terminal worldline e reduz o espa\u00e7o necess\u00e1rio em seu balc\u00e3o. Ela reduz o risco de acidentes e ajuda a evitar danos causados pela \u00e1gua ou por quedas em sua m\u00e1quina.<\/p>\n<p>O poste Worldline est\u00e1 dispon\u00edvel nos modelos: Baixo | Alto | Montagem na parede.<br \/>\nO Yomova Pole pode ser fixado usando a fita adesiva inclu\u00edda ou o conjunto de parafusos.<\/p>\n<p>Os benef\u00edcios<\/p>\n<ul>\n<li>Solu\u00e7\u00e3o de montagem aumentada e refor\u00e7ada.<\/li>\n<li>Inclin\u00e1vel at\u00e9 140 graus.<\/li>\n<li>Pode ser girado em at\u00e9 330 graus.<\/li>\n<li>Fornecido com placa de montagem.<\/li>\n<li>Pode ser fixado com parafusos ou tiras adesivas.<\/li>\n<li>Evita a quebra de cabos.<\/li>\n<\/ul>\n<p>&nbsp;<\/p>","protected":false},"excerpt":{"rendered":"<p>O Woldline Yomova Pole garante que seu terminal de pagamento seja f\u00e1cil de fixar no balc\u00e3o ou na parede. Pode ser girado at\u00e9 330c e \u00e9 f\u00e1cil de operar tanto para o empres\u00e1rio quanto para o cliente. Ajuda a evitar danos e mant\u00e9m seu terminal de pagamento em boas condi\u00e7\u00f5es por mais tempo.<\/p>","protected":false},"featured_media":9912,"comment_status":"closed","ping_status":"closed","template":"","meta":[],"product_cat":[804,834],"product_tag":[1917,3349,1326,768,939,940],"acf":[],"_links":{"self":[{"href":"https:\/\/paymentdiscounter.com\/pt\/wp-json\/wp\/v2\/product\/9911"}],"collection":[{"href":"https:\/\/paymentdiscounter.com\/pt\/wp-json\/wp\/v2\/product"}],"about":[{"href":"https:\/\/paymentdiscounter.com\/pt\/wp-json\/wp\/v2\/types\/product"}],"replies":[{"embeddable":true,"href":"https:\/\/paymentdiscounter.com\/pt\/wp-json\/wp\/v2\/comments?post=9911"}],"version-history":[{"count":5,"href":"https:\/\/paymentdiscounter.com\/pt\/wp-json\/wp\/v2\/product\/9911\/revisions"}],"predecessor-version":[{"id":26881,"href":"https:\/\/paymentdiscounter.com\/pt\/wp-json\/wp\/v2\/product\/9911\/revisions\/26881"}],"wp:featuredmedia":[{"embeddable":true,"href":"https:\/\/paymentdiscounter.com\/pt\/wp-json\/wp\/v2\/media\/9912"}],"wp:attachment":[{"href":"https:\/\/paymentdiscounter.com\/pt\/wp-json\/wp\/v2\/media?parent=9911"}],"wp:term":[{"taxonomy":"product_cat","embeddable":true,"href":"https:\/\/paymentdiscounter.com\/pt\/wp-json\/wp\/v2\/product_cat?post=9911"},{"taxonomy":"product_tag","embeddable":true,"href":"https:\/\/paymentdiscounter.com\/pt\/wp-json\/wp\/v2\/product_tag?post=9911"}],"curies":[{"name":"wp","href":"https:\/\/api.w.org\/{rel}","templated":true}]}}