{"id":9902,"date":"2021-12-13T10:18:11","date_gmt":"2021-12-13T10:18:11","guid":{"rendered":"https:\/\/paymentdiscounter.com\/?post_type=product&#038;p=9902"},"modified":"2025-01-13T22:31:30","modified_gmt":"2025-01-13T22:31:30","slug":"worldline-yomani-stand-contour-tailwind","status":"publish","type":"product","link":"https:\/\/paymentdiscounter.com\/pt\/product\/worldline-yomani-stand-contour-tailwind\/","title":{"rendered":"Worldline Suporte Yomani Contour | Tailwind"},"content":{"rendered":"<p>Worldline Yomani Stand Contour | TailwindWorldline Yomani Stand Contour | TailwindWorldline Yomani Stand Contour | TailwindWorldline Yomani Stand Contour | TailwindWorldline Yomani Stand Contour | TailwindWorldline Yomani Stand Contour | Tailwind<\/p>\n<p>O Woldline Yomani Pole \u00e9 ideal para empres\u00e1rios com uma configura\u00e7\u00e3o de balc\u00e3o fixo. A base girat\u00f3ria oferece um local fixo para seu terminal worldline e reduz o espa\u00e7o necess\u00e1rio em seu balc\u00e3o. Ela reduz o risco de acidentes e ajuda a evitar danos causados pela \u00e1gua ou por quedas em sua m\u00e1quina.<\/p>\n<p>O poste Worldline est\u00e1 dispon\u00edvel nos modelos: Baixo | Alto | Montagem na parede.<br \/>\nO Yomova Pole pode ser fixado usando a fita adesiva inclu\u00edda ou o conjunto de parafusos.<\/p>\n<p>Os benef\u00edcios<\/p>\n<ul>\n<li>Solu\u00e7\u00e3o de montagem aumentada e refor\u00e7ada.<\/li>\n<li>Inclin\u00e1vel at\u00e9 140 graus.<\/li>\n<li>Pode ser girado em at\u00e9 330 graus.<\/li>\n<li>Fornecido com placa de montagem.<\/li>\n<li>Pode ser fixado com parafusos ou tiras adesivas.<\/li>\n<li>Evita a quebra de cabos.<\/li>\n<\/ul>\n<p>&nbsp;<\/p>","protected":false},"excerpt":{"rendered":"<p>Basta fixar o bast\u00e3o Yomani Worldline em seu balc\u00e3o ou parede para ter mais praticidade e liberdade durante o trabalho. O bast\u00e3o de pagamento oferece mais conveni\u00eancia e seguran\u00e7a, al\u00e9m de girar e inclinar at\u00e9 330 graus. Veja os modelos e encomende seu bast\u00e3o fixo facilmente on-line.<\/p>","protected":false},"featured_media":9895,"comment_status":"closed","ping_status":"closed","template":"","meta":[],"product_cat":[804,833],"product_tag":[1917,3349,1326,768,933,3342,934,1205,3343,935],"acf":[],"_links":{"self":[{"href":"https:\/\/paymentdiscounter.com\/pt\/wp-json\/wp\/v2\/product\/9902"}],"collection":[{"href":"https:\/\/paymentdiscounter.com\/pt\/wp-json\/wp\/v2\/product"}],"about":[{"href":"https:\/\/paymentdiscounter.com\/pt\/wp-json\/wp\/v2\/types\/product"}],"replies":[{"embeddable":true,"href":"https:\/\/paymentdiscounter.com\/pt\/wp-json\/wp\/v2\/comments?post=9902"}],"version-history":[{"count":6,"href":"https:\/\/paymentdiscounter.com\/pt\/wp-json\/wp\/v2\/product\/9902\/revisions"}],"predecessor-version":[{"id":26888,"href":"https:\/\/paymentdiscounter.com\/pt\/wp-json\/wp\/v2\/product\/9902\/revisions\/26888"}],"wp:featuredmedia":[{"embeddable":true,"href":"https:\/\/paymentdiscounter.com\/pt\/wp-json\/wp\/v2\/media\/9895"}],"wp:attachment":[{"href":"https:\/\/paymentdiscounter.com\/pt\/wp-json\/wp\/v2\/media?parent=9902"}],"wp:term":[{"taxonomy":"product_cat","embeddable":true,"href":"https:\/\/paymentdiscounter.com\/pt\/wp-json\/wp\/v2\/product_cat?post=9902"},{"taxonomy":"product_tag","embeddable":true,"href":"https:\/\/paymentdiscounter.com\/pt\/wp-json\/wp\/v2\/product_tag?post=9902"}],"curies":[{"name":"wp","href":"https:\/\/api.w.org\/{rel}","templated":true}]}}