{"id":9848,"date":"2021-12-12T12:24:45","date_gmt":"2021-12-12T12:24:45","guid":{"rendered":"https:\/\/paymentdiscounter.com\/?post_type=product&#038;p=9848"},"modified":"2025-01-13T22:30:18","modified_gmt":"2025-01-13T22:30:18","slug":"contorno-do-suporte-do-verifone-vx820","status":"publish","type":"product","link":"https:\/\/paymentdiscounter.com\/pt\/product\/contorno-do-suporte-do-verifone-vx820\/","title":{"rendered":"Verifone Vx820 Contorno do suporte"},"content":{"rendered":"<p>Verifone Polo de contorno Vx820<br \/>\nO Polo Verifone Vx820 \u00e9 ideal para lojas com um balc\u00e3o fixo. Um suporte para terminal de pagamento oferece um local fixo para o terminal e reduz o espa\u00e7o necess\u00e1rio em seu balc\u00e3o.<\/p>\n<p>Ele tamb\u00e9m reduz o risco de acidentes e danos. O poste de pagamento verifone est\u00e1 dispon\u00edvel nos modelos: Baixo | Alto | Fixado na parede. Ele pode ser fixado usando a fita adesiva ou o conjunto de parafusos que est\u00e1 inclu\u00eddo na compra.<\/p>\n<p>Os benef\u00edcios<\/p>\n<ul>\n<li>Solu\u00e7\u00e3o de montagem tudo em um.<\/li>\n<li>Inclin\u00e1vel at\u00e9 140 graus.<\/li>\n<li>Pode ser girado em at\u00e9 330 graus.<\/li>\n<li>Placa de montagem inclu\u00edda.<\/li>\n<li>Facilmente fixado com parafusos ou uma fita adesiva.<\/li>\n<li>Evita a quebra de cabos.<\/li>\n<\/ul>\n<p>&nbsp;<\/p>","protected":false},"excerpt":{"rendered":"<p>O poste Verifone Vx820 garante que seu terminal de pagamento seja f\u00e1cil de fixar no balc\u00e3o ou na parede. Pode ser girado at\u00e9 330c e \u00e9 f\u00e1cil de operar tanto para o empres\u00e1rio quanto para o cliente. Ele tamb\u00e9m ajuda a evitar danos e mant\u00e9m seu terminal de pagamento em melhores condi\u00e7\u00f5es por mais tempo.<\/p>","protected":false},"featured_media":14565,"comment_status":"closed","ping_status":"closed","template":"","meta":[],"product_cat":[791,780],"product_tag":[1917,3349,1326,768,776,3338,781,913],"acf":[],"_links":{"self":[{"href":"https:\/\/paymentdiscounter.com\/pt\/wp-json\/wp\/v2\/product\/9848"}],"collection":[{"href":"https:\/\/paymentdiscounter.com\/pt\/wp-json\/wp\/v2\/product"}],"about":[{"href":"https:\/\/paymentdiscounter.com\/pt\/wp-json\/wp\/v2\/types\/product"}],"replies":[{"embeddable":true,"href":"https:\/\/paymentdiscounter.com\/pt\/wp-json\/wp\/v2\/comments?post=9848"}],"version-history":[{"count":5,"href":"https:\/\/paymentdiscounter.com\/pt\/wp-json\/wp\/v2\/product\/9848\/revisions"}],"predecessor-version":[{"id":26307,"href":"https:\/\/paymentdiscounter.com\/pt\/wp-json\/wp\/v2\/product\/9848\/revisions\/26307"}],"wp:featuredmedia":[{"embeddable":true,"href":"https:\/\/paymentdiscounter.com\/pt\/wp-json\/wp\/v2\/media\/14565"}],"wp:attachment":[{"href":"https:\/\/paymentdiscounter.com\/pt\/wp-json\/wp\/v2\/media?parent=9848"}],"wp:term":[{"taxonomy":"product_cat","embeddable":true,"href":"https:\/\/paymentdiscounter.com\/pt\/wp-json\/wp\/v2\/product_cat?post=9848"},{"taxonomy":"product_tag","embeddable":true,"href":"https:\/\/paymentdiscounter.com\/pt\/wp-json\/wp\/v2\/product_tag?post=9848"}],"curies":[{"name":"wp","href":"https:\/\/api.w.org\/{rel}","templated":true}]}}