{"id":9602,"date":"2021-12-11T20:57:09","date_gmt":"2021-12-11T20:57:09","guid":{"rendered":"https:\/\/paymentdiscounter.com\/?post_type=product&#038;p=9602"},"modified":"2025-01-13T22:35:48","modified_gmt":"2025-01-13T22:35:48","slug":"verifone-p400-stand-complete-tailwind","status":"publish","type":"product","link":"https:\/\/paymentdiscounter.com\/pt\/product\/verifone-p400-stand-complete-tailwind\/","title":{"rendered":"Verifone P400 Stand completo | Tailwind"},"content":{"rendered":"<p>Verifone P400 Stand completo | Tailwind<br \/>\nO suporte Verifone P400 \u00e9 o m\u00e9todo ideal para fixar seu caixa eletr\u00f4nico em um balc\u00e3o ou guich\u00ea. O suporte \u00e9 equipado com uma base girat\u00f3ria para que o terminal de pagamento possa ser facilmente girado, se necess\u00e1rio. Al\u00e9m disso, voc\u00ea pode definir facilmente a dire\u00e7\u00e3o de visualiza\u00e7\u00e3o de cima para baixo. Isso pode ser um complemento \u00fatil para pessoas em cadeiras de rodas.<\/p>\n<p>O suporte Verifone est\u00e1 dispon\u00edvel em 3 modelos:<br \/>\n- Um suporte fixo de 18 cm de altura. Esse \u00e9 o modelo padr\u00e3o e o mais vendido.<br \/>\n- Um modelo compacto fixo com altura menor. Esse modelo pode ser girado e \u00e9 fixo em uma dire\u00e7\u00e3o.<br \/>\n- O \u00faltimo modelo foi projetado para ser montado em uma parede ou muro. Ele \u00e9 usado com frequ\u00eancia em caf\u00e9s ou bares, onde o caixa eletr\u00f4nico \u00e9 colocado pr\u00f3ximo \u00e0 caixa registradora.<\/p>\n<p>O suporte de pino Verifone P400 \u00e9 f\u00e1cil de fixar usando a fita adesiva e o conjunto de parafusos fornecidos.<\/p>\n<p>Vantagens<br \/>\nAumentou e refor\u00e7ou seu caixa eletr\u00f4nico.<br \/>\nO suporte pode ser inclinado em at\u00e9 140 graus<br \/>\nPode ser girado em at\u00e9 330 graus (com exce\u00e7\u00e3o do modelo compacto)<br \/>\nF\u00e1cil de fixar com uma placa de montagem.<br \/>\nOpcionalmente, pode ser fixado com uma fita adesiva redonda.<br \/>\nEvita danos por quebra dos cabos.<br \/>\nO suporte do verifone P400 \u00e9 f\u00e1cil de encomendar em nossa loja virtual. Veja todos os acess\u00f3rios do P400 na loja ou entre em contato conosco sem compromisso para obter mais informa\u00e7\u00f5es.<\/p>","protected":false},"excerpt":{"rendered":"<p>Com o Suporte Verifone P400, seu terminal de pagamento pode ser facilmente fixado em seu balc\u00e3o ou guich\u00ea. O suporte de caixa eletr\u00f4nico pode ser girado at\u00e9 330c e, portanto, \u00e9 f\u00e1cil de operar tanto para o cliente quanto para os funcion\u00e1rios. Ele tamb\u00e9m ajuda a evitar danos e oferece mais vis\u00e3o geral em seu local de trabalho.<\/p>","protected":false},"featured_media":9603,"comment_status":"closed","ping_status":"closed","template":"","meta":[],"product_cat":[791,824],"product_tag":[3349,2615,3340,908,909,1326,776,3338,911],"acf":[],"_links":{"self":[{"href":"https:\/\/paymentdiscounter.com\/pt\/wp-json\/wp\/v2\/product\/9602"}],"collection":[{"href":"https:\/\/paymentdiscounter.com\/pt\/wp-json\/wp\/v2\/product"}],"about":[{"href":"https:\/\/paymentdiscounter.com\/pt\/wp-json\/wp\/v2\/types\/product"}],"replies":[{"embeddable":true,"href":"https:\/\/paymentdiscounter.com\/pt\/wp-json\/wp\/v2\/comments?post=9602"}],"version-history":[{"count":4,"href":"https:\/\/paymentdiscounter.com\/pt\/wp-json\/wp\/v2\/product\/9602\/revisions"}],"predecessor-version":[{"id":26329,"href":"https:\/\/paymentdiscounter.com\/pt\/wp-json\/wp\/v2\/product\/9602\/revisions\/26329"}],"wp:featuredmedia":[{"embeddable":true,"href":"https:\/\/paymentdiscounter.com\/pt\/wp-json\/wp\/v2\/media\/9603"}],"wp:attachment":[{"href":"https:\/\/paymentdiscounter.com\/pt\/wp-json\/wp\/v2\/media?parent=9602"}],"wp:term":[{"taxonomy":"product_cat","embeddable":true,"href":"https:\/\/paymentdiscounter.com\/pt\/wp-json\/wp\/v2\/product_cat?post=9602"},{"taxonomy":"product_tag","embeddable":true,"href":"https:\/\/paymentdiscounter.com\/pt\/wp-json\/wp\/v2\/product_tag?post=9602"}],"curies":[{"name":"wp","href":"https:\/\/api.w.org\/{rel}","templated":true}]}}