{"id":8963,"date":"2021-12-05T21:25:35","date_gmt":"2021-12-05T21:25:35","guid":{"rendered":"https:\/\/paymentdiscounter.com\/?post_type=product&#038;p=8963"},"modified":"2025-08-01T12:19:34","modified_gmt":"2025-08-01T12:19:34","slug":"suporte-de-poste-ingenico-isc250","status":"publish","type":"product","link":"https:\/\/paymentdiscounter.com\/pt\/product\/suporte-de-poste-ingenico-isc250\/","title":{"rendered":"Suporte de poste Ingenico isc250"},"content":{"rendered":"<p>Ingenico ISC250 Ingenico ISC250 PoleIngenico isc250 Pole StandIngenico isc250 Pole StandIngenico isc250 Pole StandIngenico isc250 Pole StandIngenico isc250 Pole StandIngenico isc250 Pole StandIngenico isc250 Pole StandIngenico isc250 Pole Stand<span style=\"background-color: var(--body-bg-color); color: var(--body-color); font-family: var(--body-font-family),sans-serif; font-size: 1.125rem; font-weight: var(--body-font-weight);\">com fita adesiva incorporada ou conjunto de parafusos.<\/span><\/p>\n<p>Benef\u00edcios<\/p>\n<ul>\n<li>Solu\u00e7\u00e3o de montagem aumentada e refor\u00e7ada.<\/li>\n<li>Inclin\u00e1vel at\u00e9 140 graus.<\/li>\n<li>Pode ser girado em at\u00e9 330 graus.<\/li>\n<li>Fornecido com placa de montagem.<\/li>\n<li>Pode ser fixado com parafusos ou tiras adesivas.<\/li>\n<li>Evita a quebra de cabos.<\/li>\n<\/ul>\n<p>&nbsp;<\/p>\n<p>Benef\u00edcios<\/p>\n<ul>\n<li>Solu\u00e7\u00e3o de montagem aumentada e refor\u00e7ada.<\/li>\n<li>Inclin\u00e1vel at\u00e9 140 graus.<\/li>\n<li>Pode ser girado em at\u00e9 330 graus.<\/li>\n<li>Fornecido com placa de montagem.<\/li>\n<li>Pode ser fixado com parafusos ou tiras adesivas.<\/li>\n<li>Evita a quebra de cabos.<\/li>\n<\/ul>\n<p>&nbsp;<\/p>","protected":false},"excerpt":{"rendered":"<p>O padr\u00e3o Ingenico isc250 garante que seu terminal de pagamento seja f\u00e1cil de fixar no balc\u00e3o ou na parede. Pode ser girado at\u00e9 330 graus e \u00e9 f\u00e1cil de operar tanto para o empres\u00e1rio quanto para o cliente. Ajuda a evitar danos causados por quedas e incidentes com \u00e1gua.<\/p>","protected":false},"featured_media":9354,"comment_status":"open","ping_status":"closed","template":"","meta":[],"product_cat":[705,1305],"product_tag":[3349,703,916,1306,909,768],"acf":[],"_links":{"self":[{"href":"https:\/\/paymentdiscounter.com\/pt\/wp-json\/wp\/v2\/product\/8963"}],"collection":[{"href":"https:\/\/paymentdiscounter.com\/pt\/wp-json\/wp\/v2\/product"}],"about":[{"href":"https:\/\/paymentdiscounter.com\/pt\/wp-json\/wp\/v2\/types\/product"}],"replies":[{"embeddable":true,"href":"https:\/\/paymentdiscounter.com\/pt\/wp-json\/wp\/v2\/comments?post=8963"}],"version-history":[{"count":3,"href":"https:\/\/paymentdiscounter.com\/pt\/wp-json\/wp\/v2\/product\/8963\/revisions"}],"predecessor-version":[{"id":9357,"href":"https:\/\/paymentdiscounter.com\/pt\/wp-json\/wp\/v2\/product\/8963\/revisions\/9357"}],"wp:featuredmedia":[{"embeddable":true,"href":"https:\/\/paymentdiscounter.com\/pt\/wp-json\/wp\/v2\/media\/9354"}],"wp:attachment":[{"href":"https:\/\/paymentdiscounter.com\/pt\/wp-json\/wp\/v2\/media?parent=8963"}],"wp:term":[{"taxonomy":"product_cat","embeddable":true,"href":"https:\/\/paymentdiscounter.com\/pt\/wp-json\/wp\/v2\/product_cat?post=8963"},{"taxonomy":"product_tag","embeddable":true,"href":"https:\/\/paymentdiscounter.com\/pt\/wp-json\/wp\/v2\/product_tag?post=8963"}],"curies":[{"name":"wp","href":"https:\/\/api.w.org\/{rel}","templated":true}]}}