{"id":8165,"date":"2021-11-28T10:52:11","date_gmt":"2021-11-28T10:52:11","guid":{"rendered":"https:\/\/paymentdiscounter.com\/product\/verifone-v400m-batterij\/"},"modified":"2026-03-09T21:41:22","modified_gmt":"2026-03-09T21:41:22","slug":"bateria-do-verifone-v400m","status":"publish","type":"product","link":"https:\/\/paymentdiscounter.com\/pt\/product\/bateria-do-verifone-v400m\/","title":{"rendered":"Bateria Verifone V400m"},"content":{"rendered":"<p>O Verifone v400m atende aos mais recentes requisitos de seguran\u00e7a e \u00e9 adequado para pagamento sem contato e aceita\u00e7\u00e3o de c\u00f3digos QR. A bateria do Verifone v400m pode processar at\u00e9 200 transa\u00e7\u00f5es antes de precisar ser recarregada.<\/p>\n<p>A bateria Verifone v400m pesa apenas 310 gramas.<\/p>","protected":false},"excerpt":{"rendered":"<p>Se estiver tendo problemas para carregar a bateria do Verifone v400m, \u00e9 poss\u00edvel que ela precise ser substitu\u00edda. A bateria do v400m \u00e9 f\u00e1cil de ser substitu\u00edda e conectada por voc\u00ea mesmo. Seu tamanho compacto facilita o transporte e o uso como bateria sobressalente.<\/p>","protected":false},"featured_media":16345,"comment_status":"closed","ping_status":"closed","template":"","meta":[],"product_cat":[791,812],"product_tag":[681,770,776,3338,867],"acf":[],"_links":{"self":[{"href":"https:\/\/paymentdiscounter.com\/pt\/wp-json\/wp\/v2\/product\/8165"}],"collection":[{"href":"https:\/\/paymentdiscounter.com\/pt\/wp-json\/wp\/v2\/product"}],"about":[{"href":"https:\/\/paymentdiscounter.com\/pt\/wp-json\/wp\/v2\/types\/product"}],"replies":[{"embeddable":true,"href":"https:\/\/paymentdiscounter.com\/pt\/wp-json\/wp\/v2\/comments?post=8165"}],"version-history":[{"count":8,"href":"https:\/\/paymentdiscounter.com\/pt\/wp-json\/wp\/v2\/product\/8165\/revisions"}],"predecessor-version":[{"id":31684,"href":"https:\/\/paymentdiscounter.com\/pt\/wp-json\/wp\/v2\/product\/8165\/revisions\/31684"}],"wp:featuredmedia":[{"embeddable":true,"href":"https:\/\/paymentdiscounter.com\/pt\/wp-json\/wp\/v2\/media\/16345"}],"wp:attachment":[{"href":"https:\/\/paymentdiscounter.com\/pt\/wp-json\/wp\/v2\/media?parent=8165"}],"wp:term":[{"taxonomy":"product_cat","embeddable":true,"href":"https:\/\/paymentdiscounter.com\/pt\/wp-json\/wp\/v2\/product_cat?post=8165"},{"taxonomy":"product_tag","embeddable":true,"href":"https:\/\/paymentdiscounter.com\/pt\/wp-json\/wp\/v2\/product_tag?post=8165"}],"curies":[{"name":"wp","href":"https:\/\/api.w.org\/{rel}","templated":true}]}}