{"id":4582,"date":"2020-02-08T23:39:06","date_gmt":"2020-02-08T23:39:06","guid":{"rendered":"https:\/\/paymentdiscounter.com\/product\/v400m-beschermhoes-black\/"},"modified":"2026-04-24T16:22:09","modified_gmt":"2026-04-24T16:22:09","slug":"capa-protetora-verifone-v400m-preta","status":"publish","type":"product","link":"https:\/\/paymentdiscounter.com\/pt\/product\/capa-protetora-verifone-v400m-preta\/","title":{"rendered":"Capa protetora do V400m Preto"},"content":{"rendered":"<p><strong>Estojo Verifone V400m Preto<\/strong><br \/>\nO estojo Verifone v400m \u00e9 o modelo preto de nossa linha. O estojo \u00e9 f\u00e1cil de aplicar e oferece prote\u00e7\u00e3o extra durante seu trabalho. A capa protetora \u00e9 feita de silicone ecologicamente correto e oferece controle extra ao entregar a m\u00e1quina de pagamento. Dessa forma, \u00e9 poss\u00edvel evitar acidentes e custos de reparo.<\/p>\n<p>H\u00e1 padr\u00f5es de ader\u00eancia em ambos os lados da capa protetora que garantem que o terminal de pagamento fique melhor em sua m\u00e3o. Mesmo com as m\u00e3os molhadas. Use uma capa para terminal de pagamento e obtenha a prote\u00e7\u00e3o ideal para o seu terminal.<br \/>\nComo cada empresa \u00e9 diferente, escolhemos cores diferentes que combinam com a apar\u00eancia de sua empresa.<\/p>\n<p><strong>As vantagens<\/strong><br \/>\nCarregue sua bateria sem remover a tampa<br \/>\nMais ader\u00eancia ao entregar o terminal<br \/>\nMaterial extra grosso para prote\u00e7\u00e3o ideal<br \/>\nAltamente vis\u00edvel por meio de cores marcantes<\/p>\n<p><strong>As variantes<\/strong><br \/>\nEstojo Verifone V400m Preto<br \/>\nEstojo Verifone V400m azul escuro<br \/>\nVerifone V400m Case LightBue<br \/>\nVerifone Estojo V400m Cinza<br \/>\nVerifone Estojo V400m Vermelho<\/p>\n<p><strong>Extremamente adequado para<\/strong><br \/>\nComerciantes do mercado<br \/>\nEntregadores e mensageiros<br \/>\nAut\u00f4nomo<br \/>\nMotoristas de t\u00e1xi<br \/>\nFeiras comerciais e congressos<br \/>\nEventos ou festivais<\/p>\n<p>A capa protetora Verifone V400m preta \u00e9 o modelo mais escuro de nossa cole\u00e7\u00e3o. A capa do v400m tem uma camada extra de silicone para que seu terminal de pagamento fique ainda mais protegido. Al\u00e9m disso, voc\u00ea pode carregar facilmente o terminal de pagamento por meio da entrada de energia na lateral. Para ajudar a evitar danos por umidade e \u00e1gua, a lateral e a parte inferior do terminal de pagamento s\u00e3o fechadas.<\/p>","protected":false},"excerpt":{"rendered":"<p>Voc\u00ea pode usar uma capa protetora para evitar danos ao seu terminal de pagamento m\u00f3vel. Feita sob medida para o verifone v400m e dispon\u00edvel em v\u00e1rias cores. A capa protetora Verifone \u00e9 feita de silicone dur\u00e1vel e ecologicamente correto. Isso faz com que ela seja \u00e1spera e se sinta melhor na m\u00e3o.<\/p>","protected":false},"featured_media":9626,"comment_status":"closed","ping_status":"closed","template":"","meta":[],"product_cat":[791,812],"product_tag":[3840,717,735,3844,749,770,775,810,811,3338,3041],"acf":[],"_links":{"self":[{"href":"https:\/\/paymentdiscounter.com\/pt\/wp-json\/wp\/v2\/product\/4582"}],"collection":[{"href":"https:\/\/paymentdiscounter.com\/pt\/wp-json\/wp\/v2\/product"}],"about":[{"href":"https:\/\/paymentdiscounter.com\/pt\/wp-json\/wp\/v2\/types\/product"}],"replies":[{"embeddable":true,"href":"https:\/\/paymentdiscounter.com\/pt\/wp-json\/wp\/v2\/comments?post=4582"}],"version-history":[{"count":8,"href":"https:\/\/paymentdiscounter.com\/pt\/wp-json\/wp\/v2\/product\/4582\/revisions"}],"predecessor-version":[{"id":36631,"href":"https:\/\/paymentdiscounter.com\/pt\/wp-json\/wp\/v2\/product\/4582\/revisions\/36631"}],"wp:featuredmedia":[{"embeddable":true,"href":"https:\/\/paymentdiscounter.com\/pt\/wp-json\/wp\/v2\/media\/9626"}],"wp:attachment":[{"href":"https:\/\/paymentdiscounter.com\/pt\/wp-json\/wp\/v2\/media?parent=4582"}],"wp:term":[{"taxonomy":"product_cat","embeddable":true,"href":"https:\/\/paymentdiscounter.com\/pt\/wp-json\/wp\/v2\/product_cat?post=4582"},{"taxonomy":"product_tag","embeddable":true,"href":"https:\/\/paymentdiscounter.com\/pt\/wp-json\/wp\/v2\/product_tag?post=4582"}],"curies":[{"name":"wp","href":"https:\/\/api.w.org\/{rel}","templated":true}]}}