{"id":38744,"date":"2026-01-29T16:03:47","date_gmt":"2026-01-29T16:03:47","guid":{"rendered":"https:\/\/paymentdiscounter.com\/?post_type=product&#038;p=38744"},"modified":"2026-01-29T16:14:09","modified_gmt":"2026-01-29T16:14:09","slug":"coldre-telpo-m1","status":"publish","type":"product","link":"https:\/\/paymentdiscounter.com\/pt\/product\/coldre-telpo-m1\/","title":{"rendered":"Estojo Telpo M1"},"content":{"rendered":"<p><strong>Telpo M1 | Robusto, leve e seguro<\/strong><\/p>\n<p>O coldre para bolsa Telpo M1 oferece conforto e estabilidade, feito sob medida para profissionais que dependem de ter seu terminal de pagamento ou dispositivo m\u00f3vel de PDV sempre acess\u00edvel. Constru\u00eddo com tecido Cordura\u00ae resistente, ele oferece extrema resist\u00eancia ao desgaste e dura at\u00e9 dez vezes mais do que os materiais padr\u00e3o. Mesmo em ambientes de trabalho exigentes.<\/p>\n<p>\ud83d\udd39 <strong>Conforto ultraleve:<\/strong> Pesa apenas 46 g, quase impercept\u00edvel quando usado.<br \/>\n\ud83d\udd39 <strong>Ajuste sob medida:<\/strong> Perfeito para terminais de pagamento finos e planos.<br \/>\n\ud83d\udd39 <strong>Faixa de seguran\u00e7a el\u00e1stica:<\/strong> Mant\u00e9m seu dispositivo seguro e evita quedas acidentais.<br \/>\n\ud83d\udd39 <strong>Acesso r\u00e1pido:<\/strong> Deslize para dentro ou para fora rapidamente para um uso suave e eficiente.<br \/>\n\ud83d\udd39 <strong>Porta-canetas integrado:<\/strong> Tenha sempre uma caneta \u00e0 m\u00e3o.<br \/>\n\ud83d\udd39 <strong>Presilha e al\u00e7a para cinto:<\/strong> Fecho ajust\u00e1vel, pronto para ser usado instantaneamente.<br \/>\n\ud83d\udd39 <strong>Garantia de 5 anos:<\/strong> De longa dura\u00e7\u00e3o, dur\u00e1vel e resistente a rasgos.<\/p>\n<p>Seja no varejo, na log\u00edstica ou no servi\u00e7o de campo, o Telpo M1 Pouch Holster oferece a combina\u00e7\u00e3o perfeita de durabilidade, conforto e seguran\u00e7a.<\/p>","protected":false},"excerpt":{"rendered":"<p>O Telpo M1 Pouch Holster \u00e9 uma solu\u00e7\u00e3o leve e pr\u00e1tica para transportar terminais de pagamento finos e planos em cafeterias, restaurantes ou dep\u00f3sitos. Pesando apenas 46 g, ele \u00e9 feito de material Cordura\u00ae dur\u00e1vel, oferecendo excelente resist\u00eancia a rasgos, durabilidade duradoura e seguran\u00e7a no uso di\u00e1rio.<\/p>\n<ul>\n<li>Inclui uma garantia de 5 anos<\/li>\n<li>Fornecido com cinto de quadril<\/li>\n<li>Ajuste perfeito para terminais de pagamento finos e planos<\/li>\n<li>Design leve como uma pluma - apenas 46 g<\/li>\n<li>Al\u00e7a el\u00e1stica para maior seguran\u00e7a do dispositivo<\/li>\n<li>Porta-canetas integrado para maior praticidade<\/li>\n<\/ul>","protected":false},"featured_media":38746,"comment_status":"closed","ping_status":"closed","template":"","meta":[],"product_cat":[3000,4340],"product_tag":[702,3816,4342,4343,4344,4341],"acf":[],"_links":{"self":[{"href":"https:\/\/paymentdiscounter.com\/pt\/wp-json\/wp\/v2\/product\/38744"}],"collection":[{"href":"https:\/\/paymentdiscounter.com\/pt\/wp-json\/wp\/v2\/product"}],"about":[{"href":"https:\/\/paymentdiscounter.com\/pt\/wp-json\/wp\/v2\/types\/product"}],"replies":[{"embeddable":true,"href":"https:\/\/paymentdiscounter.com\/pt\/wp-json\/wp\/v2\/comments?post=38744"}],"version-history":[{"count":2,"href":"https:\/\/paymentdiscounter.com\/pt\/wp-json\/wp\/v2\/product\/38744\/revisions"}],"predecessor-version":[{"id":38772,"href":"https:\/\/paymentdiscounter.com\/pt\/wp-json\/wp\/v2\/product\/38744\/revisions\/38772"}],"wp:featuredmedia":[{"embeddable":true,"href":"https:\/\/paymentdiscounter.com\/pt\/wp-json\/wp\/v2\/media\/38746"}],"wp:attachment":[{"href":"https:\/\/paymentdiscounter.com\/pt\/wp-json\/wp\/v2\/media?parent=38744"}],"wp:term":[{"taxonomy":"product_cat","embeddable":true,"href":"https:\/\/paymentdiscounter.com\/pt\/wp-json\/wp\/v2\/product_cat?post=38744"},{"taxonomy":"product_tag","embeddable":true,"href":"https:\/\/paymentdiscounter.com\/pt\/wp-json\/wp\/v2\/product_tag?post=38744"}],"curies":[{"name":"wp","href":"https:\/\/api.w.org\/{rel}","templated":true}]}}