{"id":38221,"date":"2026-01-13T19:01:34","date_gmt":"2026-01-13T19:01:34","guid":{"rendered":"https:\/\/paymentdiscounter.com\/?post_type=product&#038;p=38221"},"modified":"2026-01-13T19:06:16","modified_gmt":"2026-01-13T19:06:16","slug":"bateria-axium-ex6000-2","status":"publish","type":"product","link":"https:\/\/paymentdiscounter.com\/pt\/product\/bateria-axium-ex6000-2\/","title":{"rendered":"Bateria Axium EX6000"},"content":{"rendered":"<p><strong>Bateria do Axium EX6000<\/strong><br \/>\nEm geral, a bateria do Axium EX6000 dura cerca de 2 a 3 anos ou 300 ciclos completos de carga. Como os empres\u00e1rios \u00e0s vezes t\u00eam pagamentos com cart\u00f5es de at\u00e9 50%, \u00e9 importante que voc\u00ea tenha sempre uma bateria completa. O fato de n\u00e3o poder aceitar pagamentos m\u00f3veis pode levar \u00e0 perda de receita. Portanto, \u00e9 sempre recomend\u00e1vel ter uma bateria sobressalente e carregada em m\u00e3os. Por precau\u00e7\u00e3o.<\/p>\n<p><strong>Carregamento da bateria<\/strong><br \/>\n\u00c9 melhor carregar a bateria com a maior frequ\u00eancia poss\u00edvel. Se voc\u00ea completar o ciclo completo de carga de 0% a 100%, a capacidade m\u00e1xima diminuir\u00e1 mais do que em dez ciclos curtos de carga de 90% a 100%. Se a temperatura ambiente estiver abaixo de 0 \u00b0C, \u00e9 recomend\u00e1vel n\u00e3o recarregar a bateria. \u00c9 poss\u00edvel que processos qu\u00edmicos causem um curto-circuito que danifique seu terminal de pagamento. Isso tamb\u00e9m se aplica se a temperatura de seu ambiente for superior a 40 \u00b0C.<\/p>\n<p><strong>Armazenamento de bateria<\/strong><br \/>\nSe voc\u00ea quiser armazenar a bateria, \u00e9 melhor deix\u00e1-la carregada para o 40%. A bateria durar\u00e1 mais e n\u00e3o envelhecer\u00e1 t\u00e3o rapidamente. Voc\u00ea pode encontrar mais informa\u00e7\u00f5es sobre o posicionamento correto da bateria e a manuten\u00e7\u00e3o no guia Pax.<\/p>","protected":false},"excerpt":{"rendered":"<p>A bateria do Axium EX6000 \u00e9 f\u00e1cil de substituir e pode durar at\u00e9 v\u00e1rios anos se usada corretamente. Se voc\u00ea notar que o terminal pode imprimir cada vez menos transa\u00e7\u00f5es com a mesma bateria, mas ele mostra uma bateria totalmente carregada, provavelmente \u00e9 aconselh\u00e1vel substitu\u00ed-lo.<\/p>","protected":false},"featured_media":38222,"comment_status":"open","ping_status":"closed","template":"","meta":[],"product_cat":[705,2672],"product_tag":[2662,3413,2673,681,2674,4128],"acf":[],"_links":{"self":[{"href":"https:\/\/paymentdiscounter.com\/pt\/wp-json\/wp\/v2\/product\/38221"}],"collection":[{"href":"https:\/\/paymentdiscounter.com\/pt\/wp-json\/wp\/v2\/product"}],"about":[{"href":"https:\/\/paymentdiscounter.com\/pt\/wp-json\/wp\/v2\/types\/product"}],"replies":[{"embeddable":true,"href":"https:\/\/paymentdiscounter.com\/pt\/wp-json\/wp\/v2\/comments?post=38221"}],"version-history":[{"count":1,"href":"https:\/\/paymentdiscounter.com\/pt\/wp-json\/wp\/v2\/product\/38221\/revisions"}],"predecessor-version":[{"id":38224,"href":"https:\/\/paymentdiscounter.com\/pt\/wp-json\/wp\/v2\/product\/38221\/revisions\/38224"}],"wp:featuredmedia":[{"embeddable":true,"href":"https:\/\/paymentdiscounter.com\/pt\/wp-json\/wp\/v2\/media\/38222"}],"wp:attachment":[{"href":"https:\/\/paymentdiscounter.com\/pt\/wp-json\/wp\/v2\/media?parent=38221"}],"wp:term":[{"taxonomy":"product_cat","embeddable":true,"href":"https:\/\/paymentdiscounter.com\/pt\/wp-json\/wp\/v2\/product_cat?post=38221"},{"taxonomy":"product_tag","embeddable":true,"href":"https:\/\/paymentdiscounter.com\/pt\/wp-json\/wp\/v2\/product_tag?post=38221"}],"curies":[{"name":"wp","href":"https:\/\/api.w.org\/{rel}","templated":true}]}}