{"id":37558,"date":"2025-09-16T19:30:16","date_gmt":"2025-09-16T19:30:16","guid":{"rendered":"https:\/\/paymentdiscounter.com\/?post_type=product&#038;p=37558"},"modified":"2025-09-16T19:51:33","modified_gmt":"2025-09-16T19:51:33","slug":"estojo-compacto-para-verifone-e280","status":"publish","type":"product","link":"https:\/\/paymentdiscounter.com\/pt\/product\/estojo-compacto-para-verifone-e280\/","title":{"rendered":"Verifone e280 Holster Compact"},"content":{"rendered":"<p>O Verifone e280 Holster Compact \u00e9 uma solu\u00e7\u00e3o leve, que pesa apenas 66 g e foi projetado para transa\u00e7\u00f5es m\u00f3veis, lojas de varejo e opera\u00e7\u00f5es de entrega. Fabricado com o aut\u00eantico Cordura\u00ae, at\u00e9 dez vezes mais resistente do que os tecidos comuns, este coldre combina resist\u00eancia com prote\u00e7\u00e3o duradoura e conta com uma garantia de 5 anos.<\/p>\n<p>Ela inclui um discreto fecho de velcro para manter seu dispositivo seguro, um compartimento para caneta integrado e um bolso extra para recibos ou itens pequenos. Fornecida com um cinto de quadril de 30 mm e compat\u00edvel com uma al\u00e7a de ombro opcional, ela oferece op\u00e7\u00f5es de transporte flex\u00edveis e confort\u00e1veis.<\/p>\n<p><strong>Especifica\u00e7\u00f5es t\u00e9cnicas<\/strong><\/p>\n<ul>\n<li>Fabricado com Cordura\u00ae original - at\u00e9 10 vezes mais resistente do que os tecidos padr\u00e3o<\/li>\n<li>Design ultraleve - apenas 66 g<\/li>\n<li>Garantia de 5 anos, resist\u00eancia garantida a rasgos<\/li>\n<li>Ajuste perfeito para terminais de pagamento do tamanho de um smartphone<\/li>\n<li>Fixa\u00e7\u00e3o segura com velcro - estilo discreto<\/li>\n<li>Fornecido com cinto de quadril de 30 mm de largura<\/li>\n<li>Fixa\u00e7\u00e3o opcional da al\u00e7a de ombro<\/li>\n<li>Bolso extra para recibos ou acess\u00f3rios<\/li>\n<li>Porta-canetas integrado para uso di\u00e1rio<\/li>\n<\/ul>","protected":false},"excerpt":{"rendered":"<p>O Verifone e280 Holster Compact, que pesa apenas 66 g, oferece uma maneira confi\u00e1vel de proteger e transportar seu terminal de pagamento do tamanho de um smartphone. Constru\u00eddo com Cordura\u00ae dur\u00e1vel, ele foi projetado para uso profissional de longo prazo em vendas m\u00f3veis, servi\u00e7os de correio e ambientes de varejo. O estojo inclui um discreto fecho de velcro, suporte para caneta integrado e um bolso para anota\u00e7\u00f5es ou acess\u00f3rios.<\/p>\n<p>Para m\u00e1xima flexibilidade, ela vem com um cinto para quadril e pode ser combinada com uma al\u00e7a de ombro opcional, o que a torna a solu\u00e7\u00e3o ideal para profissionais em movimento.<\/p>\n<ul>\n<li>Constru\u00eddo com tecido Cordura\u00ae resistente<\/li>\n<li>Peso ultraleve - apenas 66 g<\/li>\n<li>Fechamento discreto com velcro para armazenamento seguro<\/li>\n<li>Compatibilidade com al\u00e7a de ombro opcional<\/li>\n<li>Inclui cinto de quadril para uso di\u00e1rio<\/li>\n<li>Pr\u00e1tico suporte para caneta embutido<\/li>\n<li>Bolso extra para anota\u00e7\u00f5es ou itens pequenos<\/li>\n<li>Protegido por uma garantia de 5 anos<\/li>\n<\/ul>","protected":false},"featured_media":37560,"comment_status":"closed","ping_status":"closed","template":"","meta":[],"product_cat":[791,1553],"product_tag":[4031,702,3816,3338,1780,4030,4032],"acf":[],"_links":{"self":[{"href":"https:\/\/paymentdiscounter.com\/pt\/wp-json\/wp\/v2\/product\/37558"}],"collection":[{"href":"https:\/\/paymentdiscounter.com\/pt\/wp-json\/wp\/v2\/product"}],"about":[{"href":"https:\/\/paymentdiscounter.com\/pt\/wp-json\/wp\/v2\/types\/product"}],"replies":[{"embeddable":true,"href":"https:\/\/paymentdiscounter.com\/pt\/wp-json\/wp\/v2\/comments?post=37558"}],"version-history":[{"count":1,"href":"https:\/\/paymentdiscounter.com\/pt\/wp-json\/wp\/v2\/product\/37558\/revisions"}],"predecessor-version":[{"id":37563,"href":"https:\/\/paymentdiscounter.com\/pt\/wp-json\/wp\/v2\/product\/37558\/revisions\/37563"}],"wp:featuredmedia":[{"embeddable":true,"href":"https:\/\/paymentdiscounter.com\/pt\/wp-json\/wp\/v2\/media\/37560"}],"wp:attachment":[{"href":"https:\/\/paymentdiscounter.com\/pt\/wp-json\/wp\/v2\/media?parent=37558"}],"wp:term":[{"taxonomy":"product_cat","embeddable":true,"href":"https:\/\/paymentdiscounter.com\/pt\/wp-json\/wp\/v2\/product_cat?post=37558"},{"taxonomy":"product_tag","embeddable":true,"href":"https:\/\/paymentdiscounter.com\/pt\/wp-json\/wp\/v2\/product_tag?post=37558"}],"curies":[{"name":"wp","href":"https:\/\/api.w.org\/{rel}","templated":true}]}}