{"id":37445,"date":"2025-09-16T17:18:57","date_gmt":"2025-09-16T17:18:57","guid":{"rendered":"https:\/\/paymentdiscounter.com\/?post_type=product&#038;p=37445"},"modified":"2025-09-16T17:53:57","modified_gmt":"2025-09-16T17:53:57","slug":"coldre-pax-a910-grande","status":"publish","type":"product","link":"https:\/\/paymentdiscounter.com\/pt\/product\/coldre-pax-a910-grande\/","title":{"rendered":"Estojo PAX A910 Grande"},"content":{"rendered":"<p>O PAX A910 Holster Large oferece transporte seguro e com as m\u00e3os livres para terminais de pagamento em ambientes de varejo, log\u00edstica e armaz\u00e9ns. Fabricado em Cordura\u00ae robusto, este coldre ultraleve de 75 g garante durabilidade, conforto e estabilidade. Apresenta um fecho de velcro oculto, suporte para caneta integrado e compatibilidade com al\u00e7a de ombro opcional.<\/p>\n<ul>\n<li>Cordura\u00ae resistente a rasgos com garantia de 5 anos<\/li>\n<li>Peso ultraleve - apenas 75 g<\/li>\n<li>Pr\u00e1tico porta-canetas integrado<\/li>\n<li>Fecho de velcro oculto<\/li>\n<li>Suporte opcional para al\u00e7a de ombro<\/li>\n<li>Adapta-se a terminais de pagamento com formato cl\u00e1ssico<\/li>\n<\/ul>","protected":false},"excerpt":{"rendered":"<p>O coldre PAX A910 foi projetado para o processamento de pagamentos eficiente e sem o uso das m\u00e3os em restaurantes, caf\u00e9s e eventos. Fabricado em Cordura\u00ae dur\u00e1vel, este coldre ultraleve de 75 g oferece conforto, estabilidade e desempenho duradouro. Com uma al\u00e7a segura para cinto, suporte integrado para caneta e compatibilidade opcional com al\u00e7a de ombro, \u00e9 ideal para terminais de pagamento com formato tradicional.<\/p>\n<ul>\n<li>Material Cordura\u00ae dur\u00e1vel - feito para durar<\/li>\n<li>Compatibilidade com al\u00e7a de ombro opcional<\/li>\n<li>Al\u00e7a segura para cinto inclu\u00edda<\/li>\n<li>Pr\u00e1tico porta-canetas integrado<\/li>\n<li>Peso ultraleve - apenas 75 g<\/li>\n<li>Garantia de 5 anos<\/li>\n<\/ul>","protected":false},"featured_media":37451,"comment_status":"closed","ping_status":"closed","template":"","meta":[],"product_cat":[730,1573],"product_tag":[4011,702,1794,4010,2611,3983,3816],"acf":[],"_links":{"self":[{"href":"https:\/\/paymentdiscounter.com\/pt\/wp-json\/wp\/v2\/product\/37445"}],"collection":[{"href":"https:\/\/paymentdiscounter.com\/pt\/wp-json\/wp\/v2\/product"}],"about":[{"href":"https:\/\/paymentdiscounter.com\/pt\/wp-json\/wp\/v2\/types\/product"}],"replies":[{"embeddable":true,"href":"https:\/\/paymentdiscounter.com\/pt\/wp-json\/wp\/v2\/comments?post=37445"}],"version-history":[{"count":2,"href":"https:\/\/paymentdiscounter.com\/pt\/wp-json\/wp\/v2\/product\/37445\/revisions"}],"predecessor-version":[{"id":37453,"href":"https:\/\/paymentdiscounter.com\/pt\/wp-json\/wp\/v2\/product\/37445\/revisions\/37453"}],"wp:featuredmedia":[{"embeddable":true,"href":"https:\/\/paymentdiscounter.com\/pt\/wp-json\/wp\/v2\/media\/37451"}],"wp:attachment":[{"href":"https:\/\/paymentdiscounter.com\/pt\/wp-json\/wp\/v2\/media?parent=37445"}],"wp:term":[{"taxonomy":"product_cat","embeddable":true,"href":"https:\/\/paymentdiscounter.com\/pt\/wp-json\/wp\/v2\/product_cat?post=37445"},{"taxonomy":"product_tag","embeddable":true,"href":"https:\/\/paymentdiscounter.com\/pt\/wp-json\/wp\/v2\/product_tag?post=37445"}],"curies":[{"name":"wp","href":"https:\/\/api.w.org\/{rel}","templated":true}]}}