{"id":37403,"date":"2025-09-15T19:14:38","date_gmt":"2025-09-15T19:14:38","guid":{"rendered":"https:\/\/paymentdiscounter.com\/?post_type=product&#038;p=37403"},"modified":"2025-09-15T19:18:50","modified_gmt":"2025-09-15T19:18:50","slug":"coldre-pax-m30-compacto","status":"publish","type":"product","link":"https:\/\/paymentdiscounter.com\/pt\/product\/coldre-pax-m30-compacto\/","title":{"rendered":"Coldre PAX M30 Compacto"},"content":{"rendered":"<p><strong>Coldre PAX M30 Compacto<\/strong><br \/>\nLeve, com apenas 66 gramas, o PAX M30 Holster \u00e9 perfeito para vendas m\u00f3veis, ambientes de varejo e servi\u00e7os de entrega. Fabricado com o tecido original Cordura\u00ae, que \u00e9 at\u00e9 10 vezes mais resistente do que os tecidos padr\u00e3o, ele oferece durabilidade e prote\u00e7\u00e3o com uma garantia de 5 anos.<\/p>\n<p>O coldre apresenta um discreto fecho de velcro para seguran\u00e7a, um suporte para caneta integrado e um bolso adicional para pequenos acess\u00f3rios ou anota\u00e7\u00f5es. Ele \u00e9 fornecido com um cinto de quadril de 30 mm e pode ser combinado com uma al\u00e7a de ombro opcional para um conforto de transporte flex\u00edvel.<\/p>\n<p><strong>Especifica\u00e7\u00f5es t\u00e9cnicas<\/strong><\/p>\n<ul>\n<li>Constru\u00e7\u00e3o original Cordura\u00ae - at\u00e9 10 vezes mais resistente do que o tecido padr\u00e3o<\/li>\n<li>Pesa apenas 66 g - design ultraleve<\/li>\n<li>Garantia de 5 anos com resist\u00eancia garantida a rasgos<\/li>\n<li>Adapta-se a terminais de pagamento do tamanho de um smartphone<\/li>\n<li>Fechamento seguro com velcro, design discreto<\/li>\n<li>Inclui cinto de quadril de 30 mm de largura<\/li>\n<li>Al\u00e7a de ombro opcional dispon\u00edvel<\/li>\n<li>Bolso adicional para anota\u00e7\u00f5es ou acess\u00f3rios<\/li>\n<li>Porta-canetas embutido<\/li>\n<\/ul>","protected":false},"excerpt":{"rendered":"<p>O PAX M30 Holster Compact, que pesa apenas 66 gramas, \u00e9 feito de Cordura resistente para manter seu terminal de pagamento do tamanho de um smartphone sempre seguro. Projetado para uso di\u00e1rio em varejo, entregas e pagamentos m\u00f3veis, ele oferece um fechamento seguro com velcro, um pr\u00e1tico suporte para caneta e espa\u00e7o extra para um bloco de notas.<\/p>\n<p>Para profissionais em tr\u00e2nsito, ele apresenta pontos de fixa\u00e7\u00e3o para uma al\u00e7a de ombro e vem com um cinto de quadril, tornando-o o companheiro perfeito onde quer que voc\u00ea trabalhe.<\/p>\n<ul>\n<li>Fabricado em Cordura dur\u00e1vel<\/li>\n<li>Pesa apenas 66 g<\/li>\n<li>Fixa\u00e7\u00e3o segura com velcro<\/li>\n<li>Pontos de fixa\u00e7\u00e3o para al\u00e7a de ombro<\/li>\n<li>Fornecido com cinto de quadril<\/li>\n<li>Porta-canetas embutido<\/li>\n<li>Espa\u00e7o adicional para bloco de notas<\/li>\n<li>Garantia de 5 anos<\/li>\n<\/ul>","protected":false},"featured_media":37406,"comment_status":"closed","ping_status":"closed","template":"","meta":[],"product_cat":[730,1577],"product_tag":[702,4002,2611,3983,1811,4001,3816],"acf":[],"_links":{"self":[{"href":"https:\/\/paymentdiscounter.com\/pt\/wp-json\/wp\/v2\/product\/37403"}],"collection":[{"href":"https:\/\/paymentdiscounter.com\/pt\/wp-json\/wp\/v2\/product"}],"about":[{"href":"https:\/\/paymentdiscounter.com\/pt\/wp-json\/wp\/v2\/types\/product"}],"replies":[{"embeddable":true,"href":"https:\/\/paymentdiscounter.com\/pt\/wp-json\/wp\/v2\/comments?post=37403"}],"version-history":[{"count":1,"href":"https:\/\/paymentdiscounter.com\/pt\/wp-json\/wp\/v2\/product\/37403\/revisions"}],"predecessor-version":[{"id":37412,"href":"https:\/\/paymentdiscounter.com\/pt\/wp-json\/wp\/v2\/product\/37403\/revisions\/37412"}],"wp:featuredmedia":[{"embeddable":true,"href":"https:\/\/paymentdiscounter.com\/pt\/wp-json\/wp\/v2\/media\/37406"}],"wp:attachment":[{"href":"https:\/\/paymentdiscounter.com\/pt\/wp-json\/wp\/v2\/media?parent=37403"}],"wp:term":[{"taxonomy":"product_cat","embeddable":true,"href":"https:\/\/paymentdiscounter.com\/pt\/wp-json\/wp\/v2\/product_cat?post=37403"},{"taxonomy":"product_tag","embeddable":true,"href":"https:\/\/paymentdiscounter.com\/pt\/wp-json\/wp\/v2\/product_tag?post=37403"}],"curies":[{"name":"wp","href":"https:\/\/api.w.org\/{rel}","templated":true}]}}