{"id":37368,"date":"2025-09-15T18:48:07","date_gmt":"2025-09-15T18:48:07","guid":{"rendered":"https:\/\/paymentdiscounter.com\/?post_type=product&#038;p=37368"},"modified":"2025-09-15T19:01:15","modified_gmt":"2025-09-15T19:01:15","slug":"coldre-pax-d188-compact-2","status":"publish","type":"product","link":"https:\/\/paymentdiscounter.com\/pt\/product\/coldre-pax-d188-compact-2\/","title":{"rendered":"Estojo compacto PAX D188"},"content":{"rendered":"<p><strong>Estojo compacto PAX D188<\/strong><br \/>\nLeve, com apenas 66 gramas, este coldre Cordura\u00ae \u00e9 perfeito para vendas m\u00f3veis, varejo e servi\u00e7os de entrega, garantindo conforto durante o uso di\u00e1rio.<\/p>\n<p>Ele inclui um cinto de quadril de 30 mm de largura, com a op\u00e7\u00e3o de adicionar uma al\u00e7a de ombro. Um discreto fechamento com velcro mant\u00e9m o terminal seguro, enquanto um porta-canetas integrado e um bolso extra oferecem espa\u00e7o para anota\u00e7\u00f5es ou pequenos acess\u00f3rios.<\/p>\n<p>Fabricado com Cordura\u00ae original (at\u00e9 10 vezes mais resistente que o tecido comum), o coldre PAX D188 garante seguran\u00e7a e praticidade para os comerciantes e conta com uma garantia confi\u00e1vel de 5 anos.<\/p>\n<p><strong>Especifica\u00e7\u00f5es t\u00e9cnicas<\/strong><\/p>\n<ul>\n<li>Material original Cordura\u00ae - at\u00e9 10 vezes mais resistente do que o tecido padr\u00e3o<\/li>\n<li>Extremamente leve: apenas 66 g<\/li>\n<li>Garantia dur\u00e1vel de 5 anos, incluindo resist\u00eancia a rasgos<\/li>\n<li>Adapta-se a terminais de pagamento do tamanho de um smartphone<\/li>\n<li>Fechamento seguro com velcro, design discreto<\/li>\n<li>Cinto de quadril de 30 mm de largura inclu\u00eddo<\/li>\n<li>Al\u00e7a de ombro opcional acopl\u00e1vel<\/li>\n<li>Bolso adicional para anota\u00e7\u00f5es ou acess\u00f3rios<\/li>\n<li>Porta-canetas embutido<\/li>\n<\/ul>","protected":false},"excerpt":{"rendered":"<p>Compacto e ultraleve, com apenas 66 gramas. O estojo PAX D188 \u00e9 feito de Cordura dur\u00e1vel para oferecer prote\u00e7\u00e3o confi\u00e1vel para o terminal de pagamento do tamanho de seu smartphone.<br \/>\nEquipado com um fecho de velcro seguro, um suporte para caneta integrado e espa\u00e7o extra para um bloco de notas. Ele \u00e9 feito sob medida para uso di\u00e1rio em ambientes de varejo, entrega e pagamento m\u00f3vel.<\/p>\n<p>Perfeito para profissionais em movimento, ele apresenta pontos de fixa\u00e7\u00e3o para uma al\u00e7a de ombro e um cinto de quadril, o que o torna um companheiro ideal para o dia a dia.<\/p>\n<ul>\n<li>Material Cordura dur\u00e1vel<\/li>\n<li>Fechamento seguro com velcro<\/li>\n<li>Porta-canetas integrado<\/li>\n<li>Espa\u00e7o extra para um bloco de notas<\/li>\n<li>Pontos de fixa\u00e7\u00e3o para al\u00e7a de ombro<\/li>\n<li>Inclui cinto de quadril<\/li>\n<li>Ultra-leve - apenas 66 g<\/li>\n<li>Garantia de 5 anos<\/li>\n<\/ul>","protected":false},"featured_media":37387,"comment_status":"closed","ping_status":"closed","template":"","meta":[],"product_cat":[730,1589],"product_tag":[3446,3996,702,2611,1799,3995,3983,3816],"acf":[],"_links":{"self":[{"href":"https:\/\/paymentdiscounter.com\/pt\/wp-json\/wp\/v2\/product\/37368"}],"collection":[{"href":"https:\/\/paymentdiscounter.com\/pt\/wp-json\/wp\/v2\/product"}],"about":[{"href":"https:\/\/paymentdiscounter.com\/pt\/wp-json\/wp\/v2\/types\/product"}],"replies":[{"embeddable":true,"href":"https:\/\/paymentdiscounter.com\/pt\/wp-json\/wp\/v2\/comments?post=37368"}],"version-history":[{"count":3,"href":"https:\/\/paymentdiscounter.com\/pt\/wp-json\/wp\/v2\/product\/37368\/revisions"}],"predecessor-version":[{"id":37388,"href":"https:\/\/paymentdiscounter.com\/pt\/wp-json\/wp\/v2\/product\/37368\/revisions\/37388"}],"wp:featuredmedia":[{"embeddable":true,"href":"https:\/\/paymentdiscounter.com\/pt\/wp-json\/wp\/v2\/media\/37387"}],"wp:attachment":[{"href":"https:\/\/paymentdiscounter.com\/pt\/wp-json\/wp\/v2\/media?parent=37368"}],"wp:term":[{"taxonomy":"product_cat","embeddable":true,"href":"https:\/\/paymentdiscounter.com\/pt\/wp-json\/wp\/v2\/product_cat?post=37368"},{"taxonomy":"product_tag","embeddable":true,"href":"https:\/\/paymentdiscounter.com\/pt\/wp-json\/wp\/v2\/product_tag?post=37368"}],"curies":[{"name":"wp","href":"https:\/\/api.w.org\/{rel}","templated":true}]}}