{"id":3676,"date":"2018-10-15T18:21:18","date_gmt":"2018-10-15T18:21:18","guid":{"rendered":"https:\/\/paymentdiscounter.com\/product\/ingenico-iwl-250-beschermhoes\/"},"modified":"2025-09-13T21:49:17","modified_gmt":"2025-09-13T21:49:17","slug":"capa-protetora-do-ingenico-iwl250","status":"publish","type":"product","link":"https:\/\/paymentdiscounter.com\/pt\/product\/capa-protetora-do-ingenico-iwl250\/","title":{"rendered":"Ingenico Capa protetora para IWL250"},"content":{"rendered":"<p>iwlIngenico tampa do pino do iwl250<br \/>\nO uso de uma capa protetora Ingenico iwl250 tem muitas vantagens. Cada vez mais pessoas pagam com cart\u00f5es. Pagamos no supermercado, em lojas de varejo, mas tamb\u00e9m no mercado ou para entregadores. Especialmente os empres\u00e1rios do setor de hospitalidade fazem uso extensivo de um terminal de pagamento m\u00f3vel, como o Ingenico iwl250. Ele \u00e9 equipado com GPRS ou WIFI e \u00e9 ideal para que seus clientes fa\u00e7am pagamentos m\u00f3veis. As vantagens de uma m\u00e1quina de pagamento m\u00f3vel geralmente j\u00e1 s\u00e3o conhecidas por todos os empres\u00e1rios. Ela aumenta as vendas e tamb\u00e9m \u00e9 mais barata do que aceitar dinheiro.<\/p>\n<p>Os benef\u00edcios<br \/>\nComo os terminais de pagamento m\u00f3vel s\u00e3o caros para comprar, \u00e9 aconselh\u00e1vel proteger seu terminal com uma capa protetora. Isso oferece prote\u00e7\u00e3o extra e lhe d\u00e1 mais ader\u00eancia ao entregar ou substituir o terminal. Ela oferece prote\u00e7\u00e3o extra ao compartimento e ajuda a evitar quedas e danos por impacto.<\/p>\n<p>Fa\u00e7a o pedido da capa Ingenico IWL250 aqui on-line.<\/p>","protected":false},"excerpt":{"rendered":"<p>A capa protetora Ingenico iwl250 oferece prote\u00e7\u00e3o extra durante o trabalho e ajuda a evitar danos ao seu terminal de pagamento. Dispon\u00edvel em azul e preto. Feita de silicone, f\u00e1cil de limpar, reutiliz\u00e1vel, em diferentes cores, oferece prote\u00e7\u00e3o extra em caso de queda, impacto e incidentes com \u00e1gua.<\/p>","protected":false},"featured_media":9298,"comment_status":"open","ping_status":"closed","template":"","meta":[],"product_cat":[705,830],"product_tag":[901,703,710,891,735],"acf":[],"_links":{"self":[{"href":"https:\/\/paymentdiscounter.com\/pt\/wp-json\/wp\/v2\/product\/3676"}],"collection":[{"href":"https:\/\/paymentdiscounter.com\/pt\/wp-json\/wp\/v2\/product"}],"about":[{"href":"https:\/\/paymentdiscounter.com\/pt\/wp-json\/wp\/v2\/types\/product"}],"replies":[{"embeddable":true,"href":"https:\/\/paymentdiscounter.com\/pt\/wp-json\/wp\/v2\/comments?post=3676"}],"version-history":[{"count":40,"href":"https:\/\/paymentdiscounter.com\/pt\/wp-json\/wp\/v2\/product\/3676\/revisions"}],"predecessor-version":[{"id":22550,"href":"https:\/\/paymentdiscounter.com\/pt\/wp-json\/wp\/v2\/product\/3676\/revisions\/22550"}],"wp:featuredmedia":[{"embeddable":true,"href":"https:\/\/paymentdiscounter.com\/pt\/wp-json\/wp\/v2\/media\/9298"}],"wp:attachment":[{"href":"https:\/\/paymentdiscounter.com\/pt\/wp-json\/wp\/v2\/media?parent=3676"}],"wp:term":[{"taxonomy":"product_cat","embeddable":true,"href":"https:\/\/paymentdiscounter.com\/pt\/wp-json\/wp\/v2\/product_cat?post=3676"},{"taxonomy":"product_tag","embeddable":true,"href":"https:\/\/paymentdiscounter.com\/pt\/wp-json\/wp\/v2\/product_tag?post=3676"}],"curies":[{"name":"wp","href":"https:\/\/api.w.org\/{rel}","templated":true}]}}