{"id":36245,"date":"2025-07-10T18:23:55","date_gmt":"2025-07-10T18:23:55","guid":{"rendered":"https:\/\/paymentdiscounter.com\/?post_type=product&#038;p=36245"},"modified":"2025-09-15T17:31:56","modified_gmt":"2025-09-15T17:31:56","slug":"estojo-de-transporte-do-terminal-sumup","status":"publish","type":"product","link":"https:\/\/paymentdiscounter.com\/pt\/product\/estojo-de-transporte-do-terminal-sumup\/","title":{"rendered":"Sumup Estojo de transporte de terminal"},"content":{"rendered":"<p>O estojo de transporte do terminal Sumup \u00e9 feito de tecido dur\u00e1vel e de alta qualidade. Seu design garante um ajuste perfeito e apresenta uma al\u00e7a de velcro na parte frontal e al\u00e7as de transporte na parte traseira.<\/p>\n<ul>\n<li>Pode ser usado como um coldre de ombro<\/li>\n<li>Pode ser usado como um coldre de cintura<\/li>\n<li>Equipado com uma tira de velcro para maior seguran\u00e7a<\/li>\n<li>Ideal para hotelaria e eventos<\/li>\n<\/ul>","protected":false},"excerpt":{"rendered":"<p>O estojo de transporte do terminal Sumup \u00e9 feito de tecido dur\u00e1vel e de alta qualidade. Seu design garante um ajuste perfeito e apresenta uma al\u00e7a de velcro na parte frontal e al\u00e7as de transporte na parte traseira.<\/p>\n<ul>\n<li>Pode ser usado como um coldre de ombro<\/li>\n<li>Pode ser usado como um coldre de cintura<\/li>\n<li>Equipado com uma tira de velcro para maior seguran\u00e7a<\/li>\n<li>Ideal para hotelaria e eventos<\/li>\n<\/ul>","protected":false},"featured_media":36409,"comment_status":"closed","ping_status":"closed","template":"","meta":[],"product_cat":[842,3867],"product_tag":[702,3915,3799,767,3870,3874,3914,3881,3880],"acf":[],"_links":{"self":[{"href":"https:\/\/paymentdiscounter.com\/pt\/wp-json\/wp\/v2\/product\/36245"}],"collection":[{"href":"https:\/\/paymentdiscounter.com\/pt\/wp-json\/wp\/v2\/product"}],"about":[{"href":"https:\/\/paymentdiscounter.com\/pt\/wp-json\/wp\/v2\/types\/product"}],"replies":[{"embeddable":true,"href":"https:\/\/paymentdiscounter.com\/pt\/wp-json\/wp\/v2\/comments?post=36245"}],"version-history":[{"count":5,"href":"https:\/\/paymentdiscounter.com\/pt\/wp-json\/wp\/v2\/product\/36245\/revisions"}],"predecessor-version":[{"id":37319,"href":"https:\/\/paymentdiscounter.com\/pt\/wp-json\/wp\/v2\/product\/36245\/revisions\/37319"}],"wp:featuredmedia":[{"embeddable":true,"href":"https:\/\/paymentdiscounter.com\/pt\/wp-json\/wp\/v2\/media\/36409"}],"wp:attachment":[{"href":"https:\/\/paymentdiscounter.com\/pt\/wp-json\/wp\/v2\/media?parent=36245"}],"wp:term":[{"taxonomy":"product_cat","embeddable":true,"href":"https:\/\/paymentdiscounter.com\/pt\/wp-json\/wp\/v2\/product_cat?post=36245"},{"taxonomy":"product_tag","embeddable":true,"href":"https:\/\/paymentdiscounter.com\/pt\/wp-json\/wp\/v2\/product_tag?post=36245"}],"curies":[{"name":"wp","href":"https:\/\/api.w.org\/{rel}","templated":true}]}}