{"id":36177,"date":"2025-07-05T19:30:11","date_gmt":"2025-07-05T19:30:11","guid":{"rendered":"https:\/\/paymentdiscounter.com\/?post_type=product&#038;p=36177"},"modified":"2026-02-03T11:47:54","modified_gmt":"2026-02-03T11:47:54","slug":"dockingstation-sunmi-m3","status":"publish","type":"product","link":"https:\/\/paymentdiscounter.com\/pt\/product\/dockingstation-sunmi-m3\/","title":{"rendered":"Sunmi M3 Dockingstation"},"content":{"rendered":"<p><strong>Sunmi Base de carregamento M3<br \/>\n<\/strong>A base de carregamento Sunmi M3 oferece uma solu\u00e7\u00e3o perfeita e profissional para as empresas alimentarem e organizarem seus dispositivos de pagamento m\u00f3vel Sunmi. Diga adeus aos cabos emaranhados e aos carregadores n\u00e3o confi\u00e1veis. Basta deslizar o terminal POS Sunmi para dentro da base robusta e ele permanecer\u00e1 carregado e armazenado com seguran\u00e7a em um s\u00f3 lugar. Isso reduz o tempo de inatividade e garante opera\u00e7\u00f5es di\u00e1rias tranquilas.<\/p>\n<p><strong>Carregamento seguro e sem esfor\u00e7o para terminais POS m\u00f3veis<br \/>\n<\/strong>Projetado para uma configura\u00e7\u00e3o descomplicada, o Sunmi M3 Dock se conecta usando o adaptador Sunmi original e oferece uma base est\u00e1vel para evitar escorreg\u00f5es ou quedas acidentais. Sua constru\u00e7\u00e3o s\u00f3lida mant\u00e9m seu dispositivo de pagamento protegido, al\u00e9m de manter um balc\u00e3o limpo e organizado.<\/p>\n<p><strong>Proteja seu terminal e minimize os custos de reparo<br \/>\n<\/strong>A escolha de uma base de carregamento Sunmi aut\u00eantica ajuda a evitar danos ao conector, desgaste da bateria e manuten\u00e7\u00e3o dispendiosa. Essa esta\u00e7\u00e3o de carregamento confi\u00e1vel protege seu dispositivo m\u00f3vel de PDV, mantendo-o em condi\u00e7\u00f5es ideais por mais tempo e reduzindo despesas inesperadas com manuten\u00e7\u00e3o.<\/p>\n<p><strong>Sempre pronto para aceitar pagamentos<br \/>\n<\/strong>Com a esta\u00e7\u00e3o de acoplamento Sunmi M3, seu terminal de pagamento m\u00f3vel permanece totalmente carregado e pronto para realizar transa\u00e7\u00f5es a qualquer momento. O acoplamento \u00e9 simples - uma vez colocado, o dispositivo come\u00e7a a carregar instantaneamente, eliminando interrup\u00e7\u00f5es relacionadas \u00e0 bateria, mesmo durante per\u00edodos de grande movimento.<\/p>\n<p><strong>Melhore a imagem de sua marca com uma configura\u00e7\u00e3o profissional<br \/>\n<\/strong>Uma esta\u00e7\u00e3o de acoplamento de alta qualidade n\u00e3o apenas simplifica os fluxos de trabalho di\u00e1rios, mas tamb\u00e9m refor\u00e7a o profissionalismo de sua marca. Ela prolonga a vida \u00fatil do seu dispositivo Sunmi e, ao mesmo tempo, oferece suporte a um ambiente elegante e sem bagun\u00e7a que reflete a confiabilidade e a confiabilidade para seus clientes.<\/p>","protected":false},"excerpt":{"rendered":"<p>A docking station Sunmi M3 \u00e9 a solu\u00e7\u00e3o perfeita para manter seu terminal de pagamento m\u00f3vel carregado, protegido e sempre pronto para a a\u00e7\u00e3o. Projetado para oferecer o m\u00e1ximo de conveni\u00eancia e confiabilidade robusta, ele ajuda a manter o desempenho do dispositivo e prolonga sua vida \u00fatil.<\/p>","protected":false},"featured_media":36178,"comment_status":"closed","ping_status":"closed","template":"","meta":[],"product_cat":[1555,3811],"product_tag":[2707,690,694,3846,3855,3851,3852,2704,3605,4407,3853],"acf":[],"_links":{"self":[{"href":"https:\/\/paymentdiscounter.com\/pt\/wp-json\/wp\/v2\/product\/36177"}],"collection":[{"href":"https:\/\/paymentdiscounter.com\/pt\/wp-json\/wp\/v2\/product"}],"about":[{"href":"https:\/\/paymentdiscounter.com\/pt\/wp-json\/wp\/v2\/types\/product"}],"replies":[{"embeddable":true,"href":"https:\/\/paymentdiscounter.com\/pt\/wp-json\/wp\/v2\/comments?post=36177"}],"version-history":[{"count":5,"href":"https:\/\/paymentdiscounter.com\/pt\/wp-json\/wp\/v2\/product\/36177\/revisions"}],"predecessor-version":[{"id":39057,"href":"https:\/\/paymentdiscounter.com\/pt\/wp-json\/wp\/v2\/product\/36177\/revisions\/39057"}],"wp:featuredmedia":[{"embeddable":true,"href":"https:\/\/paymentdiscounter.com\/pt\/wp-json\/wp\/v2\/media\/36178"}],"wp:attachment":[{"href":"https:\/\/paymentdiscounter.com\/pt\/wp-json\/wp\/v2\/media?parent=36177"}],"wp:term":[{"taxonomy":"product_cat","embeddable":true,"href":"https:\/\/paymentdiscounter.com\/pt\/wp-json\/wp\/v2\/product_cat?post=36177"},{"taxonomy":"product_tag","embeddable":true,"href":"https:\/\/paymentdiscounter.com\/pt\/wp-json\/wp\/v2\/product_tag?post=36177"}],"curies":[{"name":"wp","href":"https:\/\/api.w.org\/{rel}","templated":true}]}}