{"id":35536,"date":"2025-03-16T15:23:39","date_gmt":"2025-03-16T15:23:39","guid":{"rendered":"https:\/\/paymentdiscounter.com\/?post_type=product&#038;p=35536"},"modified":"2026-04-04T04:36:47","modified_gmt":"2026-04-04T04:36:47","slug":"dockingstation-pax-a920-pro","status":"publish","type":"product","link":"https:\/\/paymentdiscounter.com\/pt\/product\/dockingstation-pax-a920-pro\/","title":{"rendered":"Pax A920 PRO Dockingstation"},"content":{"rendered":"","protected":false},"excerpt":{"rendered":"<p>Com a esta\u00e7\u00e3o de acoplamento Pax A920 PRO, voc\u00ea pode carregar facilmente seu terminal de pagamento m\u00f3vel sem precisar conect\u00e1-lo constantemente ao cabo de alimenta\u00e7\u00e3o. Use sua pr\u00f3pria fonte de alimenta\u00e7\u00e3o e conecte-a \u00e0 parte traseira da esta\u00e7\u00e3o base. Depois de conectada, voc\u00ea n\u00e3o precisa mais se preocupar com isso.<\/p>\n<p>Coloque o terminal no suporte ap\u00f3s cada transa\u00e7\u00e3o e seu terminal de pagamento ser\u00e1 carregado automaticamente. Evite a quebra de cabos e custos de reparo caros e comece a usar uma dockingstation Pax original.<\/p>","protected":false},"featured_media":35539,"comment_status":"open","ping_status":"closed","template":"","meta":[],"product_cat":[730,1489],"product_tag":[2610,3333,690,694,728,1488,1492,3767,2611,1314,2609],"acf":[],"_links":{"self":[{"href":"https:\/\/paymentdiscounter.com\/pt\/wp-json\/wp\/v2\/product\/35536"}],"collection":[{"href":"https:\/\/paymentdiscounter.com\/pt\/wp-json\/wp\/v2\/product"}],"about":[{"href":"https:\/\/paymentdiscounter.com\/pt\/wp-json\/wp\/v2\/types\/product"}],"replies":[{"embeddable":true,"href":"https:\/\/paymentdiscounter.com\/pt\/wp-json\/wp\/v2\/comments?post=35536"}],"version-history":[{"count":3,"href":"https:\/\/paymentdiscounter.com\/pt\/wp-json\/wp\/v2\/product\/35536\/revisions"}],"predecessor-version":[{"id":38182,"href":"https:\/\/paymentdiscounter.com\/pt\/wp-json\/wp\/v2\/product\/35536\/revisions\/38182"}],"wp:featuredmedia":[{"embeddable":true,"href":"https:\/\/paymentdiscounter.com\/pt\/wp-json\/wp\/v2\/media\/35539"}],"wp:attachment":[{"href":"https:\/\/paymentdiscounter.com\/pt\/wp-json\/wp\/v2\/media?parent=35536"}],"wp:term":[{"taxonomy":"product_cat","embeddable":true,"href":"https:\/\/paymentdiscounter.com\/pt\/wp-json\/wp\/v2\/product_cat?post=35536"},{"taxonomy":"product_tag","embeddable":true,"href":"https:\/\/paymentdiscounter.com\/pt\/wp-json\/wp\/v2\/product_tag?post=35536"}],"curies":[{"name":"wp","href":"https:\/\/api.w.org\/{rel}","templated":true}]}}