{"id":35488,"date":"2025-02-25T15:25:15","date_gmt":"2025-02-25T15:25:15","guid":{"rendered":"https:\/\/paymentdiscounter.com\/?post_type=product&#038;p=35488"},"modified":"2026-04-18T14:53:08","modified_gmt":"2026-04-18T14:53:08","slug":"dockingstation-pax-a960","status":"publish","type":"product","link":"https:\/\/paymentdiscounter.com\/pt\/product\/dockingstation-pax-a960\/","title":{"rendered":"Esta\u00e7\u00e3o de acoplamento Pax A960"},"content":{"rendered":"<p><strong>Esta\u00e7\u00e3o de acoplamento Pax A960<\/strong><br \/>\nA dockingstation Pax A960 oferece praticidade e simplicidade. N\u00e3o h\u00e1 necessidade de cabos - basta colocar o terminal de pagamento na esta\u00e7\u00e3o de acoplamento. O carregamento em um local fixo garante que seu terminal esteja sempre carregado e seja f\u00e1cil de encontrar.<\/p>\n<p>Essa esta\u00e7\u00e3o de acoplamento \u00e9 simples de configurar e pode ser carregada com um cabo de alimenta\u00e7\u00e3o separado. Recomendamos o uso de uma esta\u00e7\u00e3o base original para proteger seu terminal e evitar reparos dispendiosos.<\/p>","protected":false},"excerpt":{"rendered":"<p>A dockingstation Pax A960 garante que seu terminal esteja sempre totalmente carregado. Basta colocar o terminal de pagamento no suporte, conect\u00e1-lo a uma fonte de alimenta\u00e7\u00e3o e deixar que a esta\u00e7\u00e3o de acoplamento cuide do carregamento.<\/p>\n<p>Essa esta\u00e7\u00e3o base ajuda a evitar problemas como baterias descarregadas ou danos causados por cabos desgastados.<\/p>","protected":false},"featured_media":39342,"comment_status":"open","ping_status":"closed","template":"","meta":[],"product_cat":[730,2652],"product_tag":[2654,3757,3756,2707,694,728,2653,3755,2611],"acf":[],"_links":{"self":[{"href":"https:\/\/paymentdiscounter.com\/pt\/wp-json\/wp\/v2\/product\/35488"}],"collection":[{"href":"https:\/\/paymentdiscounter.com\/pt\/wp-json\/wp\/v2\/product"}],"about":[{"href":"https:\/\/paymentdiscounter.com\/pt\/wp-json\/wp\/v2\/types\/product"}],"replies":[{"embeddable":true,"href":"https:\/\/paymentdiscounter.com\/pt\/wp-json\/wp\/v2\/comments?post=35488"}],"version-history":[{"count":2,"href":"https:\/\/paymentdiscounter.com\/pt\/wp-json\/wp\/v2\/product\/35488\/revisions"}],"predecessor-version":[{"id":39346,"href":"https:\/\/paymentdiscounter.com\/pt\/wp-json\/wp\/v2\/product\/35488\/revisions\/39346"}],"wp:featuredmedia":[{"embeddable":true,"href":"https:\/\/paymentdiscounter.com\/pt\/wp-json\/wp\/v2\/media\/39342"}],"wp:attachment":[{"href":"https:\/\/paymentdiscounter.com\/pt\/wp-json\/wp\/v2\/media?parent=35488"}],"wp:term":[{"taxonomy":"product_cat","embeddable":true,"href":"https:\/\/paymentdiscounter.com\/pt\/wp-json\/wp\/v2\/product_cat?post=35488"},{"taxonomy":"product_tag","embeddable":true,"href":"https:\/\/paymentdiscounter.com\/pt\/wp-json\/wp\/v2\/product_tag?post=35488"}],"curies":[{"name":"wp","href":"https:\/\/api.w.org\/{rel}","templated":true}]}}