{"id":35414,"date":"2025-01-19T20:42:39","date_gmt":"2025-01-19T20:42:39","guid":{"rendered":"https:\/\/paymentdiscounter.com\/?post_type=product&#038;p=35414"},"modified":"2026-04-17T20:45:07","modified_gmt":"2026-04-17T20:45:07","slug":"capa-protetora-para-sunmi-p3-air","status":"publish","type":"product","link":"https:\/\/paymentdiscounter.com\/pt\/product\/capa-protetora-para-sunmi-p3-air\/","title":{"rendered":"Sunmi Capa protetora para P3 Air"},"content":{"rendered":"<p><strong>Sunmi Capa protetora para P3 Air<\/strong><br \/>\nA capa protetora Sunmi P3 Air \u00e9 f\u00e1cil de aplicar e oferece prote\u00e7\u00e3o extra durante seu trabalho. A capa protetora \u00e9 feita de silicone ecologicamente correto e oferece controle extra ao entregar a m\u00e1quina de pagamento. Dessa forma, \u00e9 poss\u00edvel evitar acidentes e custos de reparo.<\/p>\n<p>O material garante uma ader\u00eancia firme, mesmo com as m\u00e3os molhadas. Use uma capa para terminal de pagamento e obtenha a prote\u00e7\u00e3o ideal para o seu dispositivo m\u00f3vel. Como cada empresa \u00e9 diferente, a capa pode ser produzida em cores diferentes que combinem com o visual de sua empresa.<\/p>\n<ul>\n<li>Carregue sua bateria sem remover o estojo<\/li>\n<li>Mais ader\u00eancia ao entregar o terminal<\/li>\n<li>Material extra grosso para prote\u00e7\u00e3o ideal<\/li>\n<li>Altamente vis\u00edvel<\/li>\n<\/ul>\n<p><strong>Extremamente adequado para:<br \/>\n<\/strong><\/p>\n<ul>\n<li>Comerciantes do mercado<\/li>\n<li>Entregadores e mensageiros<\/li>\n<li>Aut\u00f4nomo<\/li>\n<li>Motoristas de t\u00e1xi<\/li>\n<li>Feiras comerciais e congressos<\/li>\n<li>Eventos ou festivais<\/li>\n<\/ul>","protected":false},"excerpt":{"rendered":"<p>Use a capa protetora do Sunmi P3 Air para evitar danos ao seu terminal de pagamento m\u00f3vel. Feita sob medida para o Sunmi P3 Air.<\/p>\n<p>A capa protetora Sunmi \u00e9 feita de silicone dur\u00e1vel e ecologicamente correto. Ao usar silicone, voc\u00ea tem mais ader\u00eancia e pode evitar acidentes e custos de reparos caros.<br \/>\n<\/p>\n<p><h1 style=\"color: #cc1e1e; font-size: 12px;\">*Prazo de entrega: 14 dias<\/h1>","protected":false},"featured_media":38255,"comment_status":"open","ping_status":"closed","template":"","meta":[],"product_cat":[1555,3710],"product_tag":[3840,3741,3750,3844,1874,2704,2723,2722,3711,3749],"acf":[],"_links":{"self":[{"href":"https:\/\/paymentdiscounter.com\/pt\/wp-json\/wp\/v2\/product\/35414"}],"collection":[{"href":"https:\/\/paymentdiscounter.com\/pt\/wp-json\/wp\/v2\/product"}],"about":[{"href":"https:\/\/paymentdiscounter.com\/pt\/wp-json\/wp\/v2\/types\/product"}],"replies":[{"embeddable":true,"href":"https:\/\/paymentdiscounter.com\/pt\/wp-json\/wp\/v2\/comments?post=35414"}],"version-history":[{"count":4,"href":"https:\/\/paymentdiscounter.com\/pt\/wp-json\/wp\/v2\/product\/35414\/revisions"}],"predecessor-version":[{"id":39331,"href":"https:\/\/paymentdiscounter.com\/pt\/wp-json\/wp\/v2\/product\/35414\/revisions\/39331"}],"wp:featuredmedia":[{"embeddable":true,"href":"https:\/\/paymentdiscounter.com\/pt\/wp-json\/wp\/v2\/media\/38255"}],"wp:attachment":[{"href":"https:\/\/paymentdiscounter.com\/pt\/wp-json\/wp\/v2\/media?parent=35414"}],"wp:term":[{"taxonomy":"product_cat","embeddable":true,"href":"https:\/\/paymentdiscounter.com\/pt\/wp-json\/wp\/v2\/product_cat?post=35414"},{"taxonomy":"product_tag","embeddable":true,"href":"https:\/\/paymentdiscounter.com\/pt\/wp-json\/wp\/v2\/product_tag?post=35414"}],"curies":[{"name":"wp","href":"https:\/\/api.w.org\/{rel}","templated":true}]}}