{"id":33637,"date":"2024-09-23T19:04:35","date_gmt":"2024-09-23T19:04:35","guid":{"rendered":"https:\/\/paymentdiscounter.com\/?post_type=product&#038;p=33637"},"modified":"2025-12-11T09:54:45","modified_gmt":"2025-12-11T09:54:45","slug":"castelos-s1f2-suporte-de-metal-12cm","status":"publish","type":"product","link":"https:\/\/paymentdiscounter.com\/pt\/product\/castelos-s1f2-suporte-de-metal-12cm\/","title":{"rendered":"Castles S1F2 Stand Metal 12cm"},"content":{"rendered":"<p>O Castles S1F2 DuraTilt padr\u00e3o \u00e9 um suporte de metal para terminal de pagamento da Ergonomic solutions com um design modular e ergon\u00f4mico. Esse produto \u00e9 composto de duas partes: Um poste de metal de 12 cm de altura e uma placa de montagem feita sob medida. A grande vantagem disso \u00e9 que, ao atualizar seu terminal de pagamento, somente a placa solta precisa ser substitu\u00edda. O padr\u00e3o em si \u00e9 universal e, portanto, pode ser reutilizado.<\/p>\n<p>- Altura fixa de 12 cent\u00edmetros<br \/>\n- Inclin\u00e1vel em at\u00e9 70\u00b0 e girat\u00f3rio em at\u00e9 210\u00b0<br \/>\n- Di\u00e2metro de 38 mm para gerenciamento e prote\u00e7\u00e3o eficientes dos cabos<br \/>\n- Estabilidade aprimorada para terminais maiores<br \/>\n- F\u00e1cil montagem usando fita dupla face e\/ou parafusos<\/p>\n<p><strong>Seguran\u00e7a<\/strong><br \/>\nSe desejar, o padr\u00e3o pode ser expandido com uma op\u00e7\u00e3o de seguran\u00e7a ClickSafe\u00ae para evitar roubos e danos.<\/p>\n<p><strong>Upgrade<\/strong><br \/>\nVoc\u00ea est\u00e1 mudando para outro terminal de pagamento Castles?<br \/>\nEnt\u00e3o, voc\u00ea s\u00f3 precisa trocar a placa de montagem. A base permanece sempre a mesma.<\/p>","protected":false},"excerpt":{"rendered":"<p>O suporte Castles S1F2 DuraTilt \u00e9 um suporte de metal para terminais de pagamento com 12 cent\u00edmetros de altura. Equipado com um duto de cabos interno para ocultar seus cabos e padr\u00e3o com garantia de f\u00e1brica de 5 anos. Esse modelo pode ser inclinado em at\u00e9 70\u00b0 e girado em at\u00e9 210\u00b0.<\/p>\n<p>F\u00e1cil de fixar com fita dupla face ou um conjunto de parafusos.<\/p>","protected":false},"featured_media":33630,"comment_status":"closed","ping_status":"closed","template":"","meta":[],"product_cat":[1550,3149],"product_tag":[3335,3150,3590,3587,3589,908,3151,3336,3600,3588],"acf":[],"_links":{"self":[{"href":"https:\/\/paymentdiscounter.com\/pt\/wp-json\/wp\/v2\/product\/33637"}],"collection":[{"href":"https:\/\/paymentdiscounter.com\/pt\/wp-json\/wp\/v2\/product"}],"about":[{"href":"https:\/\/paymentdiscounter.com\/pt\/wp-json\/wp\/v2\/types\/product"}],"replies":[{"embeddable":true,"href":"https:\/\/paymentdiscounter.com\/pt\/wp-json\/wp\/v2\/comments?post=33637"}],"version-history":[{"count":2,"href":"https:\/\/paymentdiscounter.com\/pt\/wp-json\/wp\/v2\/product\/33637\/revisions"}],"predecessor-version":[{"id":38165,"href":"https:\/\/paymentdiscounter.com\/pt\/wp-json\/wp\/v2\/product\/33637\/revisions\/38165"}],"wp:featuredmedia":[{"embeddable":true,"href":"https:\/\/paymentdiscounter.com\/pt\/wp-json\/wp\/v2\/media\/33630"}],"wp:attachment":[{"href":"https:\/\/paymentdiscounter.com\/pt\/wp-json\/wp\/v2\/media?parent=33637"}],"wp:term":[{"taxonomy":"product_cat","embeddable":true,"href":"https:\/\/paymentdiscounter.com\/pt\/wp-json\/wp\/v2\/product_cat?post=33637"},{"taxonomy":"product_tag","embeddable":true,"href":"https:\/\/paymentdiscounter.com\/pt\/wp-json\/wp\/v2\/product_tag?post=33637"}],"curies":[{"name":"wp","href":"https:\/\/api.w.org\/{rel}","templated":true}]}}