{"id":33398,"date":"2024-09-20T19:58:14","date_gmt":"2024-09-20T19:58:14","guid":{"rendered":"https:\/\/paymentdiscounter.com\/?post_type=product&#038;p=33398"},"modified":"2025-04-08T22:27:03","modified_gmt":"2025-04-08T22:27:03","slug":"protetor-de-tela-castles-s1f4-pro","status":"publish","type":"product","link":"https:\/\/paymentdiscounter.com\/pt\/product\/protetor-de-tela-castles-s1f4-pro\/","title":{"rendered":"Protetor de tela Castles S1F4 PRO"},"content":{"rendered":"<p><strong>Se voc\u00ea usa um terminal de pagamento m\u00f3vel, \u00e9 natural que queira proteg\u00ea-lo contra acidentes e danos. O protetor de tela Castles S1F4 PRO oferece prote\u00e7\u00e3o extra sem comprometer a funcionalidade.<\/strong><\/p>\n<p>Protetor de tela Castles S1F4 PRO<br \/>\nO protetor de tela Castles S1F4 PRO \u00e9 altamente resistente a arranh\u00f5es e f\u00e1cil de aplicar. Ele possui um revestimento anti-impress\u00e3o digital que facilita a remo\u00e7\u00e3o de manchas e sujeira. Ele tamb\u00e9m funciona perfeitamente com a sua tela sens\u00edvel ao toque.<\/p>\n<p><strong>Benef\u00edcios de um protetor de tela<\/strong><br \/>\nA camada adesiva inovadora permite uma aplica\u00e7\u00e3o f\u00e1cil, resultando em um protetor de tela sem bolhas.<\/p>\n<p>O protetor de tela acrescenta uma camada adicional de defesa para o seu valioso terminal, protegendo a tela contra arranh\u00f5es e prolongando a vida \u00fatil do seu terminal de pagamento.<\/p>\n<ul>\n<li>Cristalino<\/li>\n<li>Com revestimento r\u00edgido<\/li>\n<li>Resistente \u00e0 sujeira<\/li>\n<li>F\u00e1cil de instalar e remover<\/li>\n<\/ul>","protected":false},"excerpt":{"rendered":"<p>O S1F4 Pro tem duas telas. A tela principal, mas tamb\u00e9m uma tela NFC na parte frontal. H\u00e1 dois tipos de protetores de tela dispon\u00edveis.<\/p>\n<ul>\n<li><strong>Vers\u00e3o 1<\/strong> \u00e9 o modelo padr\u00e3o<\/li>\n<li><strong>Vers\u00e3o 2<\/strong> inclui o <strong>Protetor de tela NFC<\/strong> para uma prote\u00e7\u00e3o ideal.<\/li>\n<\/ul>\n<p>&nbsp;<\/p>","protected":false},"featured_media":33424,"comment_status":"closed","ping_status":"closed","template":"","meta":[],"product_cat":[1550,3558],"product_tag":[3335,3559,3583,3562,3560,3582,762],"acf":[],"_links":{"self":[{"href":"https:\/\/paymentdiscounter.com\/pt\/wp-json\/wp\/v2\/product\/33398"}],"collection":[{"href":"https:\/\/paymentdiscounter.com\/pt\/wp-json\/wp\/v2\/product"}],"about":[{"href":"https:\/\/paymentdiscounter.com\/pt\/wp-json\/wp\/v2\/types\/product"}],"replies":[{"embeddable":true,"href":"https:\/\/paymentdiscounter.com\/pt\/wp-json\/wp\/v2\/comments?post=33398"}],"version-history":[{"count":17,"href":"https:\/\/paymentdiscounter.com\/pt\/wp-json\/wp\/v2\/product\/33398\/revisions"}],"predecessor-version":[{"id":35777,"href":"https:\/\/paymentdiscounter.com\/pt\/wp-json\/wp\/v2\/product\/33398\/revisions\/35777"}],"wp:featuredmedia":[{"embeddable":true,"href":"https:\/\/paymentdiscounter.com\/pt\/wp-json\/wp\/v2\/media\/33424"}],"wp:attachment":[{"href":"https:\/\/paymentdiscounter.com\/pt\/wp-json\/wp\/v2\/media?parent=33398"}],"wp:term":[{"taxonomy":"product_cat","embeddable":true,"href":"https:\/\/paymentdiscounter.com\/pt\/wp-json\/wp\/v2\/product_cat?post=33398"},{"taxonomy":"product_tag","embeddable":true,"href":"https:\/\/paymentdiscounter.com\/pt\/wp-json\/wp\/v2\/product_tag?post=33398"}],"curies":[{"name":"wp","href":"https:\/\/api.w.org\/{rel}","templated":true}]}}