{"id":33011,"date":"2024-08-29T17:35:50","date_gmt":"2024-08-29T17:35:50","guid":{"rendered":"https:\/\/paymentdiscounter.com\/?post_type=product&#038;p=33011"},"modified":"2025-09-04T08:56:33","modified_gmt":"2025-09-04T08:56:33","slug":"dockingstation-sunmi-p3k","status":"publish","type":"product","link":"https:\/\/paymentdiscounter.com\/pt\/product\/dockingstation-sunmi-p3k\/","title":{"rendered":"Dockingstation Sunmi P3K"},"content":{"rendered":"<p><strong>Dockingstation Sunmi P3K<\/strong><br \/>\nO uso de uma esta\u00e7\u00e3o r\u00e1dio-base tem muitas vantagens. Voc\u00ea n\u00e3o depende mais de cabos e fios, basta colocar o terminal de pagamento no suporte. Como voc\u00ea est\u00e1 sempre carregando o terminal em um local fixo, sabe exatamente onde ele est\u00e1. A esta\u00e7\u00e3o base Sunmi P3K \u00e9 f\u00e1cil de instalar com um cabo de alimenta\u00e7\u00e3o separado.<\/p>\n<p>Para obter uma experi\u00eancia ideal, recomendamos o uso de uma esta\u00e7\u00e3o base original. Isso ajuda a evitar danos ao seu terminal de pagamento e custos de reparo elevados.<\/p>\n<p><strong>Sobre a fam\u00edlia Sunmi P3<\/strong><br \/>\nApresentando o <strong>Fam\u00edlia SUNMI P3<\/strong>-o mais recente <strong>terminais de pagamento inteligentes <\/strong>em execu\u00e7\u00e3o no Android. Dispon\u00edvel em tr\u00eas vers\u00f5es<a href=\"https:\/\/paymentdiscounter.com\/pt\/loja-2\/sunmi\/sunmi-p3\/\"><strong>SUNMI P3<\/strong><\/a>, <a href=\"https:\/\/paymentdiscounter.com\/pt\/loja-2\/sunmi\/sunmi-p3h\/\"><strong>SUNMI P3H<\/strong><\/a>\u00a0e <a href=\"\/pt\/loja-2\/sunmi\/sunmi-p3k\/\"><strong>SUNMI P3K<\/strong><\/a>-Estes <a href=\"\/pt\/loja\/?attro-product-type=2619&amp;attro-os=2930&amp;attro-brand=1603\"><strong>Terminais de pagamento Android<\/strong><\/a> oferecem flexibilidade e funcionalidade para todas as necessidades de neg\u00f3cios. O <strong>P3K<\/strong> O modelo ainda conta com um teclado f\u00edsico para facilitar o uso.<\/p>\n<p>Aprimore seu terminal com nossa linha de <a href=\"\/pt\/loja\/?attro-product-type=2620&amp;attro-brand=1603\"><strong>Acess\u00f3rios Sunmi<\/strong><\/a> para seu terminal Sunmi P3K. De carregadores e suportes a capas e protetores de tela. Temos tudo para manter seu dispositivo funcionando sem problemas. Est\u00e1 procurando pe\u00e7as ou acess\u00f3rios Sunmi e n\u00e3o consegue encontr\u00e1-los na loja? <a href=\"\/pt\/contato\/\">Envie-nos uma mensagem<\/a> !<\/p>\n<p><strong>Sobre a fam\u00edlia Sunmi P3<\/strong><br \/>\nApresentando o <strong>Fam\u00edlia SUNMI P3<\/strong>-o mais recente <strong>terminais de pagamento inteligentes <\/strong>em execu\u00e7\u00e3o no Android. Dispon\u00edvel em tr\u00eas vers\u00f5es<a href=\"https:\/\/paymentdiscounter.com\/pt\/loja-2\/sunmi\/sunmi-p3\/\"><strong>SUNMI P3<\/strong><\/a>, <a href=\"https:\/\/paymentdiscounter.com\/pt\/loja-2\/sunmi\/sunmi-p3h\/\"><strong>SUNMI P3H<\/strong><\/a>\u00a0e <a href=\"\/pt\/loja-2\/sunmi\/sunmi-p3k\/\"><strong>SUNMI P3K<\/strong><\/a>-Estes <a href=\"\/pt\/loja\/?attro-product-type=2619&amp;attro-os=2930&amp;attro-brand=1603\"><strong>Terminais de pagamento Android<\/strong><\/a> oferecem flexibilidade e funcionalidade para todas as necessidades de neg\u00f3cios. O <strong>P3K<\/strong> O modelo ainda conta com um teclado f\u00edsico para facilitar o uso.<\/p>\n<p>Aprimore seu terminal com nossa linha de <a href=\"\/pt\/loja\/?attro-product-type=2620&amp;attro-brand=1603\"><strong>Acess\u00f3rios Sunmi<\/strong><\/a> para seu terminal Sunmi P3K. De carregadores e suportes a capas e protetores de tela. Temos tudo para manter seu dispositivo funcionando sem problemas. Est\u00e1 procurando pe\u00e7as ou acess\u00f3rios Sunmi e n\u00e3o consegue encontr\u00e1-los na loja? <a href=\"\/pt\/contato\/\">Envie-nos uma mensagem<\/a> !<\/p>","protected":false},"excerpt":{"rendered":"<p>Com uma dockingstation Sunmi P3K, seu terminal de pagamento sempre ter\u00e1 uma bateria completa. Voc\u00ea pode facilmente colocar o terminal de pagamento no suporte, conect\u00e1-lo a um carregador Sunmi e deixar que a esta\u00e7\u00e3o de acoplamento fa\u00e7a o resto.<\/p>\n<p>Essa esta\u00e7\u00e3o base Sunmi ajuda a evitar problemas como baterias descarregadas ou danos causados por quebra de cabos que podem levar a curtos-circuitos. Use a base Sunmi original para garantir a compatibilidade adequada e o desempenho ideal.<\/p>\n<p>* Prazo de entrega: 7 dias<\/p>","protected":false},"featured_media":33304,"comment_status":"open","ping_status":"closed","template":"","meta":[],"product_cat":[1555,3511],"product_tag":[2707,694,3537,3536,3515,3532,3524,2708,1874,2704,3538,3539,3514,3513,3512],"acf":[],"_links":{"self":[{"href":"https:\/\/paymentdiscounter.com\/pt\/wp-json\/wp\/v2\/product\/33011"}],"collection":[{"href":"https:\/\/paymentdiscounter.com\/pt\/wp-json\/wp\/v2\/product"}],"about":[{"href":"https:\/\/paymentdiscounter.com\/pt\/wp-json\/wp\/v2\/types\/product"}],"replies":[{"embeddable":true,"href":"https:\/\/paymentdiscounter.com\/pt\/wp-json\/wp\/v2\/comments?post=33011"}],"version-history":[{"count":8,"href":"https:\/\/paymentdiscounter.com\/pt\/wp-json\/wp\/v2\/product\/33011\/revisions"}],"predecessor-version":[{"id":37271,"href":"https:\/\/paymentdiscounter.com\/pt\/wp-json\/wp\/v2\/product\/33011\/revisions\/37271"}],"wp:featuredmedia":[{"embeddable":true,"href":"https:\/\/paymentdiscounter.com\/pt\/wp-json\/wp\/v2\/media\/33304"}],"wp:attachment":[{"href":"https:\/\/paymentdiscounter.com\/pt\/wp-json\/wp\/v2\/media?parent=33011"}],"wp:term":[{"taxonomy":"product_cat","embeddable":true,"href":"https:\/\/paymentdiscounter.com\/pt\/wp-json\/wp\/v2\/product_cat?post=33011"},{"taxonomy":"product_tag","embeddable":true,"href":"https:\/\/paymentdiscounter.com\/pt\/wp-json\/wp\/v2\/product_tag?post=33011"}],"curies":[{"name":"wp","href":"https:\/\/api.w.org\/{rel}","templated":true}]}}