{"id":31587,"date":"2024-04-06T09:05:40","date_gmt":"2024-04-06T09:05:40","guid":{"rendered":"https:\/\/paymentdiscounter.com\/?post_type=product&#038;p=31587"},"modified":"2026-05-05T11:06:29","modified_gmt":"2026-05-05T11:06:29","slug":"pax-a920-dockingstation-multi","status":"publish","type":"product","link":"https:\/\/paymentdiscounter.com\/pt\/product\/pax-a920-dockingstation-multi\/","title":{"rendered":"Pax A920 Dockingstation Multi"},"content":{"rendered":"<p>A base de carregamento m\u00faltiplo Pax L-920 \u00e9 uma base de carregamento vers\u00e1til projetada para carregar at\u00e9 5 baterias Pax A920 simultaneamente. Essa esta\u00e7\u00e3o de carregamento \u00e9 ideal para propriet\u00e1rios de empresas que usam v\u00e1rios terminais de pagamento em seus neg\u00f3cios. A vantagem \u00e9 que voc\u00ea n\u00e3o precisa comprar v\u00e1rias esta\u00e7\u00f5es de acoplamento, mas pode carregar v\u00e1rias baterias simultaneamente com apenas uma unidade.<\/p>\n<p>A base de carregamento m\u00faltiplo Pax A920 tem um design elegante e compacto que pode ser facilmente colocado em seu balc\u00e3o ou no caixa. A parte inferior da esta\u00e7\u00e3o de carregamento tem nervuras antiderrapantes para evitar que ela escorregue ou seja danificada. Al\u00e9m disso, a base de carregamento \u00e9 equipada com uma luz indicadora de LED na parte frontal que permite ver se os terminais est\u00e3o sendo carregados corretamente.<\/p>\n<p>Com esse Multi Charger original da Pax, carregar seus terminais de pagamento nunca foi t\u00e3o f\u00e1cil. Esse produto \u00e9 indispens\u00e1vel para quem procura uma maneira conveniente e eficiente de carregar v\u00e1rios terminais de pagamento.<\/p>\n<p><strong>Alguns benef\u00edcios desse modelo incluem:<\/strong><\/p>\n<ul>\n<li>Produto original Pax (L-920 AC)<\/li>\n<li>Carrega at\u00e9 5 baterias simultaneamente<\/li>\n<li>Requer apenas uma tomada el\u00e9trica<\/li>\n<li>A fonte de alimenta\u00e7\u00e3o est\u00e1 inclu\u00edda<\/li>\n<\/ul>","protected":false},"excerpt":{"rendered":"<p>A base de carregamento m\u00faltiplo Pax L-920 \u00e9 uma esta\u00e7\u00e3o de carregamento vers\u00e1til projetada para carregar simultaneamente at\u00e9 5 baterias Pax A920. Essa base de carregamento \u00e9 ideal para propriet\u00e1rios de empresas que usam v\u00e1rios terminais de pagamento em seus neg\u00f3cios. A principal vantagem \u00e9 que voc\u00ea n\u00e3o precisa comprar esta\u00e7\u00f5es de acoplamento separadas, pois com apenas uma unidade \u00e9 poss\u00edvel carregar v\u00e1rias baterias ao mesmo tempo.<\/p>\n<p>A base de carregamento simplifica o processo de manter os terminais carregados, organizados e facilmente acess\u00edveis para os membros da equipe. <\/p>","protected":false},"featured_media":31588,"comment_status":"open","ping_status":"closed","template":"","meta":[],"product_cat":[730,1485],"product_tag":[2610,3333,2913,3837,690,694,728,1492,2611,1314,2609],"acf":[],"_links":{"self":[{"href":"https:\/\/paymentdiscounter.com\/pt\/wp-json\/wp\/v2\/product\/31587"}],"collection":[{"href":"https:\/\/paymentdiscounter.com\/pt\/wp-json\/wp\/v2\/product"}],"about":[{"href":"https:\/\/paymentdiscounter.com\/pt\/wp-json\/wp\/v2\/types\/product"}],"replies":[{"embeddable":true,"href":"https:\/\/paymentdiscounter.com\/pt\/wp-json\/wp\/v2\/comments?post=31587"}],"version-history":[{"count":4,"href":"https:\/\/paymentdiscounter.com\/pt\/wp-json\/wp\/v2\/product\/31587\/revisions"}],"predecessor-version":[{"id":39408,"href":"https:\/\/paymentdiscounter.com\/pt\/wp-json\/wp\/v2\/product\/31587\/revisions\/39408"}],"wp:featuredmedia":[{"embeddable":true,"href":"https:\/\/paymentdiscounter.com\/pt\/wp-json\/wp\/v2\/media\/31588"}],"wp:attachment":[{"href":"https:\/\/paymentdiscounter.com\/pt\/wp-json\/wp\/v2\/media?parent=31587"}],"wp:term":[{"taxonomy":"product_cat","embeddable":true,"href":"https:\/\/paymentdiscounter.com\/pt\/wp-json\/wp\/v2\/product_cat?post=31587"},{"taxonomy":"product_tag","embeddable":true,"href":"https:\/\/paymentdiscounter.com\/pt\/wp-json\/wp\/v2\/product_tag?post=31587"}],"curies":[{"name":"wp","href":"https:\/\/api.w.org\/{rel}","templated":true}]}}