{"id":29344,"date":"2024-02-25T19:27:47","date_gmt":"2024-02-25T19:27:47","guid":{"rendered":"https:\/\/paymentdiscounter.com\/?post_type=product&#038;p=29344"},"modified":"2026-03-07T11:53:06","modified_gmt":"2026-03-07T11:53:06","slug":"dockingstation-axium-dx8000","status":"publish","type":"product","link":"https:\/\/paymentdiscounter.com\/pt\/product\/dockingstation-axium-dx8000\/","title":{"rendered":"Dockingstation Axium DX8000"},"content":{"rendered":"<p><strong>O que \u00e9 uma esta\u00e7\u00e3o de acoplamento Axium DX8000?<\/strong><br \/>\nA docking station Ingenico DX8000 \u00e9 um carregador para seu terminal de pagamento m\u00f3vel que carrega automaticamente a bateria entre as transa\u00e7\u00f5es. Ap\u00f3s cada pagamento, coloque o terminal de volta na esta\u00e7\u00e3o de carregamento e voc\u00ea sempre ter\u00e1 a garantia de uma bateria cheia.<\/p>\n<p><strong>Para que tipo de m\u00e1quina essa esta\u00e7\u00e3o de acoplamento \u00e9 adequada?<\/strong><br \/>\nEssa esta\u00e7\u00e3o base foi projetada exclusivamente para o Ingenico DX8000 e, portanto, s\u00f3 pode ser usada em combina\u00e7\u00e3o com esse modelo da ingenico.<\/p>\n<p><strong>Quais s\u00e3o as vantagens de uma esta\u00e7\u00e3o de acoplamento Ingenico?<\/strong><br \/>\n- Ele oferece um local seguro e est\u00e1vel para carregar seu terminal de pagamento.<br \/>\n- N\u00e3o \u00e9 necess\u00e1rio conectar constantemente o terminal a um carregador de bateria<br \/>\n- Ele oferece mais vis\u00e3o geral e um local de trabalho organizado.<\/p>","protected":false},"excerpt":{"rendered":"<p>O uso de uma esta\u00e7\u00e3o base para terminais de pagamento pode ser \u00fatil para empres\u00e1rios que processam transa\u00e7\u00f5es com frequ\u00eancia. O objetivo dessa docking station DX8000 \u00e9 carregar facilmente seu terminal de pagamento sem precisar conectar sempre a fonte de alimenta\u00e7\u00e3o ao dispositivo.<\/p>","protected":false},"featured_media":29347,"comment_status":"open","ping_status":"closed","template":"","meta":[],"product_cat":[705,2668],"product_tag":[3295,2662,2669,2707,690,694,2670,703,751],"acf":[],"_links":{"self":[{"href":"https:\/\/paymentdiscounter.com\/pt\/wp-json\/wp\/v2\/product\/29344"}],"collection":[{"href":"https:\/\/paymentdiscounter.com\/pt\/wp-json\/wp\/v2\/product"}],"about":[{"href":"https:\/\/paymentdiscounter.com\/pt\/wp-json\/wp\/v2\/types\/product"}],"replies":[{"embeddable":true,"href":"https:\/\/paymentdiscounter.com\/pt\/wp-json\/wp\/v2\/comments?post=29344"}],"version-history":[{"count":2,"href":"https:\/\/paymentdiscounter.com\/pt\/wp-json\/wp\/v2\/product\/29344\/revisions"}],"predecessor-version":[{"id":35436,"href":"https:\/\/paymentdiscounter.com\/pt\/wp-json\/wp\/v2\/product\/29344\/revisions\/35436"}],"wp:featuredmedia":[{"embeddable":true,"href":"https:\/\/paymentdiscounter.com\/pt\/wp-json\/wp\/v2\/media\/29347"}],"wp:attachment":[{"href":"https:\/\/paymentdiscounter.com\/pt\/wp-json\/wp\/v2\/media?parent=29344"}],"wp:term":[{"taxonomy":"product_cat","embeddable":true,"href":"https:\/\/paymentdiscounter.com\/pt\/wp-json\/wp\/v2\/product_cat?post=29344"},{"taxonomy":"product_tag","embeddable":true,"href":"https:\/\/paymentdiscounter.com\/pt\/wp-json\/wp\/v2\/product_tag?post=29344"}],"curies":[{"name":"wp","href":"https:\/\/api.w.org\/{rel}","templated":true}]}}