{"id":29317,"date":"2024-02-25T15:40:41","date_gmt":"2024-02-25T15:40:41","guid":{"rendered":"https:\/\/paymentdiscounter.com\/?post_type=product&#038;p=29317"},"modified":"2026-04-29T12:49:59","modified_gmt":"2026-04-29T12:49:59","slug":"castles-s1f2-multi-base","status":"publish","type":"product","link":"https:\/\/paymentdiscounter.com\/pt\/product\/castles-s1f2-multi-base\/","title":{"rendered":"Castles S1F2 Multi Base"},"content":{"rendered":"<p>O Castles S1F2 Multi Docking Station \u00e9 um carregador que permite carregar facilmente 4 terminais ao mesmo tempo. Isso n\u00e3o apenas economiza espa\u00e7o, mas tamb\u00e9m garante um local de trabalho limpo. Essa esta\u00e7\u00e3o base foi projetada para funcionar com ou sem uma capa protetora.<\/p>","protected":false},"excerpt":{"rendered":"<p>O Castles S1F2 Multi Docking Station \u00e9 um carregador que permite carregar facilmente 4 terminais ao mesmo tempo. Isso n\u00e3o apenas economiza espa\u00e7o, mas tamb\u00e9m garante um local de trabalho limpo. Essa esta\u00e7\u00e3o base foi projetada para funcionar com ou sem uma capa protetora.<\/p>","protected":false},"featured_media":29320,"comment_status":"open","ping_status":"closed","template":"","meta":[],"product_cat":[1550,3149],"product_tag":[2707,1857,3335,3150,690,694,751,3151,3336],"acf":[],"_links":{"self":[{"href":"https:\/\/paymentdiscounter.com\/pt\/wp-json\/wp\/v2\/product\/29317"}],"collection":[{"href":"https:\/\/paymentdiscounter.com\/pt\/wp-json\/wp\/v2\/product"}],"about":[{"href":"https:\/\/paymentdiscounter.com\/pt\/wp-json\/wp\/v2\/types\/product"}],"replies":[{"embeddable":true,"href":"https:\/\/paymentdiscounter.com\/pt\/wp-json\/wp\/v2\/comments?post=29317"}],"version-history":[{"count":10,"href":"https:\/\/paymentdiscounter.com\/pt\/wp-json\/wp\/v2\/product\/29317\/revisions"}],"predecessor-version":[{"id":39402,"href":"https:\/\/paymentdiscounter.com\/pt\/wp-json\/wp\/v2\/product\/29317\/revisions\/39402"}],"wp:featuredmedia":[{"embeddable":true,"href":"https:\/\/paymentdiscounter.com\/pt\/wp-json\/wp\/v2\/media\/29320"}],"wp:attachment":[{"href":"https:\/\/paymentdiscounter.com\/pt\/wp-json\/wp\/v2\/media?parent=29317"}],"wp:term":[{"taxonomy":"product_cat","embeddable":true,"href":"https:\/\/paymentdiscounter.com\/pt\/wp-json\/wp\/v2\/product_cat?post=29317"},{"taxonomy":"product_tag","embeddable":true,"href":"https:\/\/paymentdiscounter.com\/pt\/wp-json\/wp\/v2\/product_tag?post=29317"}],"curies":[{"name":"wp","href":"https:\/\/api.w.org\/{rel}","templated":true}]}}