{"id":23417,"date":"2023-11-30T22:42:58","date_gmt":"2023-11-30T22:42:58","guid":{"rendered":"https:\/\/paymentdiscounter.com\/?post_type=product&#038;p=23417"},"modified":"2023-11-30T23:14:50","modified_gmt":"2023-11-30T23:14:50","slug":"newland-nft10-pilot-pro","status":"publish","type":"product","link":"https:\/\/paymentdiscounter.com\/pt\/product\/newland-nft10-pilot-pro\/","title":{"rendered":"Newland NFT10 Pilot Pro"},"content":{"rendered":"<p><strong><em>Empresa inteligente, dispositivo inteligente<\/em><\/strong><br \/>\nO NFT10 Pilot Pro apresenta um leitor de c\u00f3digo de barras megapixel ultrafino que oferece op\u00e7\u00f5es de leitura \u00e0 esquerda e \u00e0 direita para captura de dados sem esfor\u00e7o. Seu design reflete os telefones de consumo de alta qualidade, tornando-o uma ferramenta vers\u00e1til para empresas. Com o suporte das op\u00e7\u00f5es de garantia padr\u00e3o e estendida do Newland e das solu\u00e7\u00f5es MDM da Ndevor, ele garante estilo, funcionalidade e suporte robusto para empresas de todos os portes.<\/p>\n<p><strong><em>Setores adaptados para o sucesso<\/em><\/strong><br \/>\nEsse computador m\u00f3vel inteligente \u00e9 feito sob medida para v\u00e1rios setores, incluindo:<\/p>\n<ul>\n<li>Varejo<\/li>\n<li>Log\u00edstica<\/li>\n<li>Hospitalidade<\/li>\n<li>Eventos<\/li>\n<li>Assist\u00eancia m\u00e9dica<\/li>\n<\/ul>\n<p><strong><em>Capturando possibilidades<\/em><\/strong><br \/>\nEquipado com uma variedade de op\u00e7\u00f5es de captura de dados, o NFT10 Pilot Pro se destaca pela versatilidade:<\/p>\n<ul>\n<li>Leitura de c\u00f3digo de barras Mega Pixel 1D\/2D<\/li>\n<li>Leitura de RFID NFC<\/li>\n<li>Reconhecimento de impress\u00e3o digital<\/li>\n<li>GPS\/Beidou\/GLONASS<\/li>\n<\/ul>\n<p><strong><em>Mantendo-se conectado com estilo<\/em><\/strong><br \/>\nGarantir a conectividade nunca \u00e9 um obst\u00e1culo. Os recursos do NFT10 Pilot Pro:<\/p>\n<ul>\n<li>WiFi 802.11 a\/b\/g\/n\/ac de banda dupla<\/li>\n<li>Suporte a 4G\/3G\/2G<\/li>\n<li>Op\u00e7\u00e3o Dual SIM para escolhas flex\u00edveis de provedor<\/li>\n<\/ul>\n<p><strong><em>Pot\u00eancia e desempenho<\/em><\/strong><br \/>\nExperimente o poder do sistema operacional Android 11, juntamente com um processador octa-core de 2,0 GHz, que proporciona uma experi\u00eancia de computa\u00e7\u00e3o m\u00f3vel intuitiva, r\u00e1pida e personalizada.<\/p>\n<p><strong><em>Endurance redefinido<\/em><\/strong><br \/>\nUma bateria de 4800mAh associada a um design de baixo consumo de energia aumenta significativamente o tempo de uso. A efici\u00eancia do dispositivo elimina a necessidade de trocas de bateria no meio do turno e sua porta Type-C suporta carregamento r\u00e1pido.<\/p>\n<p><strong><em>Android Enterprise Excellence<\/em><\/strong><br \/>\nComo a primeira unidade Newland aprovada pela Android Enterprise, o NFT10 Pilot Pro garante a conformidade com os servi\u00e7os GMS, oferecendo uma experi\u00eancia de usu\u00e1rio superior.<\/p>\n<p><strong><em>Confiabilidade robusta<\/em><\/strong><br \/>\nConstru\u00eddo para suportar as condi\u00e7\u00f5es mais adversas, o inv\u00f3lucro robusto do NFT10 Pilot Pro atende aos padr\u00f5es IP67, protegendo-o contra poeira e \u00e1gua. Ele foi projetado para suportar quedas de at\u00e9 1,5 m em concreto.<\/p>\n<p><strong><em>Brilho biom\u00e9trico<\/em><\/strong><br \/>\nIntegrando medidas de seguran\u00e7a avan\u00e7adas, o terminal pda incorpora biometria de impress\u00e3o digital para logins r\u00e1pidos e seguros. Convenientemente posicionado na parte traseira, o desbloqueio \u00e9 muito f\u00e1cil com apenas uma m\u00e3o, eliminando a necessidade de tocar na tela frontal.<\/p>\n<p>Computador m\u00f3vel NFT10 Pilot Pro com tela sens\u00edvel ao toque de 5,7\u2033 (preto) com gerador de imagens CMOS 2D com mira a laser, BT, WiFi (banda dupla), 4G, GPS e c\u00e2mera. Inclui al\u00e7a de pulso, cabo USB e adaptador multiplugue. SISTEMA OPERACIONAL: Android 11 GMS.<\/p>","protected":false},"excerpt":{"rendered":"<p>Embarque em uma nova era de computa\u00e7\u00e3o m\u00f3vel com o Newland NFT10 Pilot Pro. Um dispositivo com Android estrategicamente projetado para combinar perfeitamente a funcionalidade robusta de um PDA com a eleg\u00e2ncia de um smartphone contempor\u00e2neo. Com uma generosa tela sens\u00edvel ao toque de 5,7\u201d, esse terminal port\u00e1til se destaca como uma das maiores e mais dur\u00e1veis telas dispon\u00edveis. Para necessidades especializadas, tamb\u00e9m \u00e9 oferecida uma vers\u00e3o branca para o setor de sa\u00fade.<\/p>","protected":false},"featured_media":23418,"comment_status":"open","ping_status":"closed","template":"","meta":[],"product_cat":[3216],"product_tag":[1875,715,1693,3219,3217,3218,1436,1832],"acf":[],"_links":{"self":[{"href":"https:\/\/paymentdiscounter.com\/pt\/wp-json\/wp\/v2\/product\/23417"}],"collection":[{"href":"https:\/\/paymentdiscounter.com\/pt\/wp-json\/wp\/v2\/product"}],"about":[{"href":"https:\/\/paymentdiscounter.com\/pt\/wp-json\/wp\/v2\/types\/product"}],"replies":[{"embeddable":true,"href":"https:\/\/paymentdiscounter.com\/pt\/wp-json\/wp\/v2\/comments?post=23417"}],"version-history":[{"count":2,"href":"https:\/\/paymentdiscounter.com\/pt\/wp-json\/wp\/v2\/product\/23417\/revisions"}],"predecessor-version":[{"id":23423,"href":"https:\/\/paymentdiscounter.com\/pt\/wp-json\/wp\/v2\/product\/23417\/revisions\/23423"}],"wp:featuredmedia":[{"embeddable":true,"href":"https:\/\/paymentdiscounter.com\/pt\/wp-json\/wp\/v2\/media\/23418"}],"wp:attachment":[{"href":"https:\/\/paymentdiscounter.com\/pt\/wp-json\/wp\/v2\/media?parent=23417"}],"wp:term":[{"taxonomy":"product_cat","embeddable":true,"href":"https:\/\/paymentdiscounter.com\/pt\/wp-json\/wp\/v2\/product_cat?post=23417"},{"taxonomy":"product_tag","embeddable":true,"href":"https:\/\/paymentdiscounter.com\/pt\/wp-json\/wp\/v2\/product_tag?post=23417"}],"curies":[{"name":"wp","href":"https:\/\/api.w.org\/{rel}","templated":true}]}}