{"id":22983,"date":"2023-11-28T17:03:23","date_gmt":"2023-11-28T17:03:23","guid":{"rendered":"https:\/\/paymentdiscounter.com\/?post_type=product&#038;p=22983"},"modified":"2023-12-02T11:36:41","modified_gmt":"2023-12-02T11:36:41","slug":"sunmi-d2s","status":"publish","type":"product","link":"https:\/\/paymentdiscounter.com\/pt\/product\/sunmi-d2s\/","title":{"rendered":"Sunmi D2s"},"content":{"rendered":"<p><em>Principais recursos:<\/em><\/p>\n<ul>\n<li><strong>Pegada pequena:<\/strong> Um dispositivo compacto, com metade do tamanho do papel A4, maximizando o espa\u00e7o no balc\u00e3o do caixa.<\/li>\n<li><strong>Impress\u00e3o em alta velocidade:<\/strong> Equipado com uma impressora Seiko de 58 mm para impress\u00e3o r\u00e1pida e suave a 160 mm\/s.<\/li>\n<li><strong>Monitores duplos:<\/strong> Uso simult\u00e2neo da tela sens\u00edvel ao toque principal de 15,6\u2033 e de uma tela de cliente de 10,1\u2033 ou 15,6\u2033 para checkout e promo\u00e7\u00e3o eficientes.<\/li>\n<li><strong>Op\u00e7\u00f5es de c\u00e2mera:<\/strong> Tr\u00eas configura\u00e7\u00f5es de c\u00e2mera, incluindo uma c\u00e2mera de luz estruturada 3D para reconhecimento facial seguro.<\/li>\n<li><strong>Troncos para cabos:<\/strong> Mant\u00e9m a mesa livre de desordem, melhorando a est\u00e9tica geral do balc\u00e3o de checkout.<\/li>\n<li><strong>Portas vers\u00e1teis:<\/strong> V\u00e1rias portas para maior extensibilidade com suporte a v\u00e1rios perif\u00e9ricos.<\/li>\n<li><strong>D2s COMBO:<\/strong> Uma solu\u00e7\u00e3o completa com tela, impressora, teclado e gaveta de dinheiro.<\/li>\n<\/ul>\n<p><em><strong><br \/>\nUsu\u00e1rios:<\/strong><br \/>\n<\/em>Ideal para empresas que buscam uma solu\u00e7\u00e3o de PDV eficiente e com economia de espa\u00e7o:<\/p>\n<ul>\n<li><strong>Lojas de conveni\u00eancia:<\/strong> Otimize os processos de checkout e aumente as vendas com transa\u00e7\u00f5es r\u00e1pidas.<\/li>\n<li><strong>Restaurantes de servi\u00e7o r\u00e1pido:<\/strong> Simplifique os pagamentos m\u00f3veis, os pedidos r\u00e1pidos e os relat\u00f3rios de vendas.<\/li>\n<li><strong>Boutiques\/Centros de ch\u00e1:<\/strong> Digitalize os processos de gerenciamento e neg\u00f3cios para obter opera\u00e7\u00f5es mais inteligentes.<\/li>\n<\/ul>\n<p><strong><em>Solu\u00e7\u00f5es recomendadas:<\/em><\/strong><\/p>\n<ul>\n<li><strong>D2s COMBO:<\/strong> Perfeito para o varejo de v\u00e1rios produtos, oferecendo aloca\u00e7\u00e3o de largura de banda, preven\u00e7\u00e3o de perdas e gerenciamento abrangente.<\/li>\n<li><strong>D2s:<\/strong> Feito sob medida para lojas de conveni\u00eancia de pequeno e m\u00e9dio porte, com foco em pagamentos m\u00f3veis\/dinheiro, invent\u00e1rio e gerenciamento de membros.<\/li>\n<li><strong>D2s COMBO:<\/strong> Solu\u00e7\u00e3o leve e de pequeno porte para restaurantes de servi\u00e7o r\u00e1pido que permite pagamentos m\u00f3veis e processamento de pedidos eficientes.<\/li>\n<\/ul>\n<p><strong><em>Especifica\u00e7\u00f5es t\u00e9cnicas:<\/em><\/strong><\/p>\n<ul>\n<li><strong>SO:<\/strong> SUNMI OS (<em>Baseado no Android 7.1 para Config 1\/2\/3, Android 11 para Config 4\/5\/6<\/em>)<\/li>\n<li><strong>Processador:<\/strong> Cortex-A17 quad-core de 1,6 GHz (Config 1\/2\/3), Cortex-A55 quad-core de 2,0 GHz (Config 4\/5\/6)<\/li>\n<li><strong>Mem\u00f3ria:<\/strong> 2 GB de RAM+8 GB de ROM (Config 1\/2\/3), 2 GB de RAM+16 GB de ROM\/4 GB de RAM+64 GB de ROM (Config 4\/5\/6)<\/li>\n<li><strong>Exibe:<\/strong> 15,6\u2033FHD, 1920*1080 multitoque capacitivo (principal), 10,1\u2033 ou 15,6\u2033 multitoque capacitivo (cliente)<\/li>\n<li><strong>Impressora:<\/strong> Impressora t\u00e9rmica integrada de 58 mm (160 mm\/s)<\/li>\n<li><strong>Portos:<\/strong> USB, serial RJ11, gaveta de dinheiro RJ12, LAN RJ45, conector de \u00e1udio, depura\u00e7\u00e3o micro USB<\/li>\n<li><strong>C\u00e2mera:<\/strong> C\u00e2mera de reconhecimento facial (opcional)<\/li>\n<li><strong>Conectividade:<\/strong> Wi-Fi, Bluetooth, LAN<\/li>\n<li><strong>Adaptador de energia:<\/strong> Entrada AC 100~240V\/1,7A, sa\u00edda DC 24V\/2,5A<\/li>\n<li><strong>Dimens\u00f5es:<\/strong> Varia de acordo com as configura\u00e7\u00f5es<\/li>\n<li><strong>Peso total:<\/strong> Varia (Config 1\/4: 3,2 kg, Config 2\/5: 3,9 kg, Config 3\/6: 4,8 kg)<\/li>\n<li><strong>Meio ambiente:<\/strong> Temperatura de trabalho: 0\u00b0C<del>40\u00b0C, temperatura de armazenamento: -20\u00b0C<\/del>60\u00b0C<\/li>\n<\/ul>","protected":false},"excerpt":{"rendered":"<p>Eleve sua experi\u00eancia de checkout com o compacto SUNMI D2s. O SUNMI D2s \u00e9 um sistema de PDV de mesa que redefine os balc\u00f5es de checkout. Com uma \u00e1rea de cobertura equivalente ao tamanho de um papel A5, ele otimiza cada cent\u00edmetro de espa\u00e7o. Com uma impressora Seiko de 58 mm integrada, monitores duplos e v\u00e1rias op\u00e7\u00f5es de c\u00e2mera, esse terminal oferece mais possibilidades de transa\u00e7\u00f5es e atividades promocionais perfeitas.<\/p>","protected":false},"featured_media":23081,"comment_status":"open","ping_status":"closed","template":"","meta":[],"product_cat":[1555,3164],"product_tag":[3157,1939,1874],"acf":[],"_links":{"self":[{"href":"https:\/\/paymentdiscounter.com\/pt\/wp-json\/wp\/v2\/product\/22983"}],"collection":[{"href":"https:\/\/paymentdiscounter.com\/pt\/wp-json\/wp\/v2\/product"}],"about":[{"href":"https:\/\/paymentdiscounter.com\/pt\/wp-json\/wp\/v2\/types\/product"}],"replies":[{"embeddable":true,"href":"https:\/\/paymentdiscounter.com\/pt\/wp-json\/wp\/v2\/comments?post=22983"}],"version-history":[{"count":4,"href":"https:\/\/paymentdiscounter.com\/pt\/wp-json\/wp\/v2\/product\/22983\/revisions"}],"predecessor-version":[{"id":23435,"href":"https:\/\/paymentdiscounter.com\/pt\/wp-json\/wp\/v2\/product\/22983\/revisions\/23435"}],"wp:featuredmedia":[{"embeddable":true,"href":"https:\/\/paymentdiscounter.com\/pt\/wp-json\/wp\/v2\/media\/23081"}],"wp:attachment":[{"href":"https:\/\/paymentdiscounter.com\/pt\/wp-json\/wp\/v2\/media?parent=22983"}],"wp:term":[{"taxonomy":"product_cat","embeddable":true,"href":"https:\/\/paymentdiscounter.com\/pt\/wp-json\/wp\/v2\/product_cat?post=22983"},{"taxonomy":"product_tag","embeddable":true,"href":"https:\/\/paymentdiscounter.com\/pt\/wp-json\/wp\/v2\/product_tag?post=22983"}],"curies":[{"name":"wp","href":"https:\/\/api.w.org\/{rel}","templated":true}]}}