{"id":22979,"date":"2023-11-28T16:57:01","date_gmt":"2023-11-28T16:57:01","guid":{"rendered":"https:\/\/paymentdiscounter.com\/?post_type=product&#038;p=22979"},"modified":"2023-12-02T12:02:29","modified_gmt":"2023-12-02T12:02:29","slug":"sunmi-d2s-kds","status":"publish","type":"product","link":"https:\/\/paymentdiscounter.com\/pt\/product\/sunmi-d2s-kds\/","title":{"rendered":"Sunmi D2s KDS"},"content":{"rendered":"<p><strong><em>Principais recursos:<\/em><\/strong><\/p>\n<ol>\n<li><strong>Aumento da efici\u00eancia do BOH:<\/strong> Integre perfeitamente os pedidos da frente da casa (FOH) diretamente \u00e0s telas da cozinha, reduzindo erros e aumentando a efici\u00eancia.<\/li>\n<li><strong>Toque e pronto:<\/strong> Verifique e atualize o status do pedido sem esfor\u00e7o na tela de toque capacitiva FHD de 15,6\u2033. Mesmo com as m\u00e3os molhadas ou com luvas.<\/li>\n<li><strong>Prote\u00e7\u00e3o de veda\u00e7\u00e3o:<\/strong> Com um gabinete vedado \u00e0 prova d'\u00e1gua IP55, o D2s KDS \u00e9 perfeito para ambientes de cozinha quentes, \u00famidos e gordurosos.<\/li>\n<li><strong>Instala\u00e7\u00e3o indolor:<\/strong> Compat\u00edvel com montagem VESA para op\u00e7\u00f5es de instala\u00e7\u00e3o flex\u00edveis. Funcionalidade de inicializa\u00e7\u00e3o autom\u00e1tica e Power over Ethernet (PoE) para reduzir a necessidade de cabeamento.<\/li>\n<li><strong>Design centrado no cliente:<\/strong> Fios ocultos, bot\u00e3o lateral f\u00e1cil de encontrar e cantos arredondados para uma experi\u00eancia de cozinha limpa e f\u00e1cil de usar.<\/li>\n<\/ol>\n<p><strong><em>Especifica\u00e7\u00f5es t\u00e9cnicas:<\/em><\/strong><\/p>\n<ul>\n<li><strong>SO:<\/strong> SUNMI OS (<em>baseado no Android 11<\/em>)<\/li>\n<li><strong>Processador:<\/strong> Cortex-A55 quad-core de 1,8 GHz<\/li>\n<li><strong>Mem\u00f3ria:<\/strong> 2 GB de RAM + 8 GB de ROM, 4 GB de RAM + 64 GB de ROM (opcional)<\/li>\n<li><strong>Exibi\u00e7\u00e3o:<\/strong> Tela multitoque capacitiva de 15,6\u2033 FHD<\/li>\n<li><strong>C\u00e2mera:<\/strong> C\u00e2mera FF 2M integrada (opcional)<\/li>\n<li><strong>Wi-Fi:<\/strong> 2.4GHz\/5GHz IEEE 802.11 a\/b\/g\/n\/ac<\/li>\n<li><strong>Bluetooth:<\/strong> Bluetooth 2.1\/3.0\/4.0\/4.2 BLE<\/li>\n<li><strong>LAN:<\/strong> LAN 100M, POE (opcional)<\/li>\n<li><strong>Bot\u00f5es:<\/strong> 1*Bot\u00e3o liga\/desliga (bot\u00e3o da tela de bloqueio)<\/li>\n<li><strong>Cart\u00e3o de mem\u00f3ria externo:<\/strong> 1*MicroSD (TF) At\u00e9 1 TB<\/li>\n<li><strong>Portos:<\/strong> 4<em>USB tipo A, 1<\/em>RJ11, 1<em>Chave para partida autom\u00e1tica, 1<\/em>RJ45 LAN, 1<em>Conector de \u00e1udio de 3,5 mm, 1<\/em>Porta de alimenta\u00e7\u00e3o, 1*porta de depura\u00e7\u00e3o Micro-USB<\/li>\n<li><strong>Adaptador de energia:<\/strong> Entrada - AC 100\uff5e240V\/0,6A ou AC 100\uff5e240V\/1,5A, Sa\u00edda - DC 24V\/1A ou DC 24V\/1,5A<\/li>\n<li><strong>Dimens\u00f5es:<\/strong> 381.51<em>251.21<\/em>40,58 mm<\/li>\n<li><strong>Peso:<\/strong> 1,69 kg<\/li>\n<li><strong>Meio ambiente:<\/strong> Temperatura de trabalho: 0 \u2103.<del>40\u2103, temperatura de armazenamento: -20\u2103<\/del>60\u2103<\/li>\n<\/ul>","protected":false},"excerpt":{"rendered":"<p>O SUNMI D2s KDS \u00e9 um terminal de desktop inteligente que ajuda a elevar as opera\u00e7\u00f5es de sua cozinha. O SUNMI D2s KDS \u00e9 um sistema de exibi\u00e7\u00e3o de cozinha projetado para revolucionar as opera\u00e7\u00f5es de sua cozinha e aumentar a satisfa\u00e7\u00e3o do cliente. Feito sob medida para o setor de restaurantes, esse terminal de mesa inteligente aumenta a efici\u00eancia do back-of-house (BOH), oferece prote\u00e7\u00e3o vedada e instala\u00e7\u00e3o simples no ambiente de sua cozinha.<\/p>","protected":false},"featured_media":23108,"comment_status":"open","ping_status":"closed","template":"","meta":[],"product_cat":[1555,3154],"product_tag":[3157,3156,1939,3158,1874,3155],"acf":[],"_links":{"self":[{"href":"https:\/\/paymentdiscounter.com\/pt\/wp-json\/wp\/v2\/product\/22979"}],"collection":[{"href":"https:\/\/paymentdiscounter.com\/pt\/wp-json\/wp\/v2\/product"}],"about":[{"href":"https:\/\/paymentdiscounter.com\/pt\/wp-json\/wp\/v2\/types\/product"}],"replies":[{"embeddable":true,"href":"https:\/\/paymentdiscounter.com\/pt\/wp-json\/wp\/v2\/comments?post=22979"}],"version-history":[{"count":4,"href":"https:\/\/paymentdiscounter.com\/pt\/wp-json\/wp\/v2\/product\/22979\/revisions"}],"predecessor-version":[{"id":23441,"href":"https:\/\/paymentdiscounter.com\/pt\/wp-json\/wp\/v2\/product\/22979\/revisions\/23441"}],"wp:featuredmedia":[{"embeddable":true,"href":"https:\/\/paymentdiscounter.com\/pt\/wp-json\/wp\/v2\/media\/23108"}],"wp:attachment":[{"href":"https:\/\/paymentdiscounter.com\/pt\/wp-json\/wp\/v2\/media?parent=22979"}],"wp:term":[{"taxonomy":"product_cat","embeddable":true,"href":"https:\/\/paymentdiscounter.com\/pt\/wp-json\/wp\/v2\/product_cat?post=22979"},{"taxonomy":"product_tag","embeddable":true,"href":"https:\/\/paymentdiscounter.com\/pt\/wp-json\/wp\/v2\/product_tag?post=22979"}],"curies":[{"name":"wp","href":"https:\/\/api.w.org\/{rel}","templated":true}]}}