{"id":22845,"date":"2023-11-24T20:54:45","date_gmt":"2023-11-24T20:54:45","guid":{"rendered":"https:\/\/paymentdiscounter.com\/?post_type=product&#038;p=22845"},"modified":"2023-11-24T21:06:27","modified_gmt":"2023-11-24T21:06:27","slug":"estacao-de-acoplamento-castles-v3b3","status":"publish","type":"product","link":"https:\/\/paymentdiscounter.com\/pt\/product\/estacao-de-acoplamento-castles-v3b3\/","title":{"rendered":"Esta\u00e7\u00e3o de acoplamento Castles V3B3"},"content":{"rendered":"<p>A dockingstation Castles V3B3 \u00e9 uma base de carregamento vers\u00e1til projetada para carregar seu terminal de pagamento m\u00f3vel. A base V3B3 tem um design elegante e compacto que pode ser facilmente colocado em seu balc\u00e3o ou no caixa. A parte inferior da esta\u00e7\u00e3o de carregamento tem nervuras antiderrapantes para evitar que ela escorregue ou seja danificada. Al\u00e9m disso, a base de carregamento \u00e9 equipada com uma luz indicadora de LED na parte frontal que permite ver se os terminais est\u00e3o sendo carregados corretamente.<\/p>\n<p>Com essa esta\u00e7\u00e3o base, carregar seus terminais de pagamento nunca foi t\u00e3o f\u00e1cil. Esse produto \u00e9 indispens\u00e1vel para quem procura uma maneira conveniente e eficiente de carregar seu terminal.<\/p>","protected":false},"excerpt":{"rendered":"<p>A dockingstation Castles V3B3 \u00e9 uma base de carregamento vers\u00e1til projetada para carregar seu terminal de pagamento m\u00f3vel. A base V3B3 tem um design elegante e compacto que pode ser facilmente colocado em seu balc\u00e3o ou no caixa. A parte inferior da esta\u00e7\u00e3o de carregamento tem nervuras antiderrapantes para evitar que ela escorregue ou seja danificada. Al\u00e9m disso, a base de carregamento \u00e9 equipada com uma luz indicadora de LED na parte frontal que permite ver se os terminais est\u00e3o sendo carregados corretamente.<\/p>","protected":false},"featured_media":0,"comment_status":"open","ping_status":"closed","template":"","meta":[],"product_cat":[3145],"product_tag":[3146,690,694,3147],"acf":[],"_links":{"self":[{"href":"https:\/\/paymentdiscounter.com\/pt\/wp-json\/wp\/v2\/product\/22845"}],"collection":[{"href":"https:\/\/paymentdiscounter.com\/pt\/wp-json\/wp\/v2\/product"}],"about":[{"href":"https:\/\/paymentdiscounter.com\/pt\/wp-json\/wp\/v2\/types\/product"}],"replies":[{"embeddable":true,"href":"https:\/\/paymentdiscounter.com\/pt\/wp-json\/wp\/v2\/comments?post=22845"}],"version-history":[{"count":1,"href":"https:\/\/paymentdiscounter.com\/pt\/wp-json\/wp\/v2\/product\/22845\/revisions"}],"predecessor-version":[{"id":22846,"href":"https:\/\/paymentdiscounter.com\/pt\/wp-json\/wp\/v2\/product\/22845\/revisions\/22846"}],"wp:attachment":[{"href":"https:\/\/paymentdiscounter.com\/pt\/wp-json\/wp\/v2\/media?parent=22845"}],"wp:term":[{"taxonomy":"product_cat","embeddable":true,"href":"https:\/\/paymentdiscounter.com\/pt\/wp-json\/wp\/v2\/product_cat?post=22845"},{"taxonomy":"product_tag","embeddable":true,"href":"https:\/\/paymentdiscounter.com\/pt\/wp-json\/wp\/v2\/product_tag?post=22845"}],"curies":[{"name":"wp","href":"https:\/\/api.w.org\/{rel}","templated":true}]}}