{"id":21897,"date":"2023-07-22T08:58:26","date_gmt":"2023-07-22T08:58:26","guid":{"rendered":"https:\/\/paymentdiscounter.com\/?post_type=product&#038;p=21897"},"modified":"2024-03-04T23:17:47","modified_gmt":"2024-03-04T23:17:47","slug":"protetor-de-tela-do-pax-a77","status":"publish","type":"product","link":"https:\/\/paymentdiscounter.com\/pt\/product\/protetor-de-tela-do-pax-a77\/","title":{"rendered":"Protetor de tela Pax A77"},"content":{"rendered":"<p><strong>Protetor de tela Pax A77<\/strong><br \/>\nFabricado com precis\u00e3o e projetado com perfei\u00e7\u00e3o, o protetor de tela Pax A77 foi feito especificamente para o terminal de pagamento m\u00f3vel A77, garantindo um ajuste perfeito sem comprometer a usabilidade. Feito de vidro temperado de alta qualidade, o protetor de tela oferece prote\u00e7\u00e3o inigual\u00e1vel contra arranh\u00f5es, manchas e impactos acidentais. ,<\/p>\n<p>O protetor de tela fino, por\u00e9m robusto, permite uma experi\u00eancia de usu\u00e1rio perfeita durante as transa\u00e7\u00f5es de pagamento. Sem comprometer a sensibilidade ao toque. O revestimento avan\u00e7ado mant\u00e9m afastadas as impress\u00f5es digitais e a oleosidade desagrad\u00e1veis, proporcionando uma interface de toque consistentemente suave durante todo o dia.<\/p>\n<p>O protetor de tela Pax A77 foi projetado para ser facilmente instalado sem o inc\u00f4modo de bolhas de ar ou desalinhamentos. Seu adesivo sem bolhas garante uma aplica\u00e7\u00e3o r\u00e1pida e sem esfor\u00e7o, permitindo que as empresas mantenham suas opera\u00e7\u00f5es funcionando sem problemas, sem atrasos desnecess\u00e1rios.<\/p>\n<p>O protetor de tela do A77 foi criado para resistir aos rigores do uso di\u00e1rio, oferecendo longevidade e durabilidade que combinam com a confiabilidade do terminal A77. Com esse acess\u00f3rio essencial, as empresas podem garantir que seu terminal de pagamento permane\u00e7a em perfeitas condi\u00e7\u00f5es.<\/p>\n<p>\u00c9 um acess\u00f3rio indispens\u00e1vel para as empresas que buscam proteger seus investimentos, aprimorar as experi\u00eancias dos clientes e manter suas opera\u00e7\u00f5es de pagamento funcionando sem problemas. Eleve a experi\u00eancia do seu terminal de pagamento com o protetor de tela Pax A77 - onde a prote\u00e7\u00e3o encontra a perfei\u00e7\u00e3o.<\/p>","protected":false},"excerpt":{"rendered":"<p>Se voc\u00ea usa um terminal de pagamento m\u00f3vel, \u00e9 natural que queira proteg\u00ea-lo bem contra acidentes e danos. O protetor de tela Pax A77 oferece prote\u00e7\u00e3o extra sem restri\u00e7\u00f5es. O protetor de tela \u00e9 feito sob medida e se conecta perfeitamente ao seu terminal de pagamento m\u00f3vel. Ele fornece uma camada extra de prote\u00e7\u00e3o e ajuda a evitar arranh\u00f5es e danos \u00e0 tela.<\/p>\n<p>- F\u00e1cil de instalar e remover<br \/>\n- Cristalino<br \/>\n- Revestimento r\u00edgido<br \/>\n- Resistente \u00e0 sujeira<\/p>","protected":false},"featured_media":21898,"comment_status":"open","ping_status":"closed","template":"","meta":[],"product_cat":[730,1482],"product_tag":[2625,3334,715,728,1438,2611,762],"acf":[],"_links":{"self":[{"href":"https:\/\/paymentdiscounter.com\/pt\/wp-json\/wp\/v2\/product\/21897"}],"collection":[{"href":"https:\/\/paymentdiscounter.com\/pt\/wp-json\/wp\/v2\/product"}],"about":[{"href":"https:\/\/paymentdiscounter.com\/pt\/wp-json\/wp\/v2\/types\/product"}],"replies":[{"embeddable":true,"href":"https:\/\/paymentdiscounter.com\/pt\/wp-json\/wp\/v2\/comments?post=21897"}],"version-history":[{"count":1,"href":"https:\/\/paymentdiscounter.com\/pt\/wp-json\/wp\/v2\/product\/21897\/revisions"}],"predecessor-version":[{"id":21899,"href":"https:\/\/paymentdiscounter.com\/pt\/wp-json\/wp\/v2\/product\/21897\/revisions\/21899"}],"wp:featuredmedia":[{"embeddable":true,"href":"https:\/\/paymentdiscounter.com\/pt\/wp-json\/wp\/v2\/media\/21898"}],"wp:attachment":[{"href":"https:\/\/paymentdiscounter.com\/pt\/wp-json\/wp\/v2\/media?parent=21897"}],"wp:term":[{"taxonomy":"product_cat","embeddable":true,"href":"https:\/\/paymentdiscounter.com\/pt\/wp-json\/wp\/v2\/product_cat?post=21897"},{"taxonomy":"product_tag","embeddable":true,"href":"https:\/\/paymentdiscounter.com\/pt\/wp-json\/wp\/v2\/product_tag?post=21897"}],"curies":[{"name":"wp","href":"https:\/\/api.w.org\/{rel}","templated":true}]}}