{"id":21883,"date":"2023-07-17T09:44:58","date_gmt":"2023-07-17T09:44:58","guid":{"rendered":"https:\/\/paymentdiscounter.com\/?post_type=product&#038;p=21883"},"modified":"2023-07-17T12:21:54","modified_gmt":"2023-07-17T12:21:54","slug":"computador-de-mao-zebra-tc53","status":"publish","type":"product","link":"https:\/\/paymentdiscounter.com\/pt\/product\/computador-de-mao-zebra-tc53\/","title":{"rendered":"Zebra TC53 Port\u00e1til"},"content":{"rendered":"<p>O Zebra TC53 \u00e9 o ep\u00edtome da tecnologia de ponta no mundo dos computadores m\u00f3veis empresariais. Com seus recursos avan\u00e7ados e desempenho inigual\u00e1vel, ele define um novo padr\u00e3o para dispositivos port\u00e1teis usados por empres\u00e1rios. Equipado com o processador octa-core 6490 da Qualcomm, o TC53 oferece velocidades de processamento extremamente r\u00e1pidas e tempos de resposta quase instant\u00e2neos.<\/p>\n<p>Emparelhado com as mais recentes tecnologias sem fio, como 5G, Wi-Fi 6E e CBRS (somente nos EUA), esse dispositivo garante as conex\u00f5es sem fio mais r\u00e1pidas e confi\u00e1veis, esteja voc\u00ea em campo ou dentro dos limites de suas instala\u00e7\u00f5es.<\/p>\n<h3>Descri\u00e7\u00e3o do modelo<\/h3>\n<p>Computadores m\u00f3veis de nova gera\u00e7\u00e3o da s\u00e9rie EMC TC5X<br \/>\n* Qualcomm 6490 octa-core, 2,7 GHz<br \/>\n* Wi-Fi 6E<br \/>\n* Tela + de 6 polegadas de alta defini\u00e7\u00e3o total<br \/>\n* M\u00faltiplas quedas de 6 p\u00e9s \/ 1,8 m em concreto com bota resistente; 5 p\u00e9s \/ 1,5 m em azulejo sobre concreto. \/ 1,5 m de queda em ladrilho sobre concreto<\/p>\n<h3>Liberando novas possibilidades de coleta de dados<\/h3>\n<p>Com o TC53 Zebra, voc\u00ea pode reimaginar seus fluxos de trabalho e desbloquear um novo reino de possibilidades de coleta de dados. Escaneie uma etiqueta de prateleira no rack mais alto sem dar um passo. Calcule com precis\u00e3o as dimens\u00f5es dos pacotes e as despesas de remessa com o simples toque de um bot\u00e3o. Realize contagens de invent\u00e1rio extremamente r\u00e1pidas com a ajuda da tecnologia RFID. Transforme instantaneamente o dispositivo em uma esta\u00e7\u00e3o de trabalho ou em uma esta\u00e7\u00e3o h\u00edbrida de ponto de venda.<\/p>\n<p>Al\u00e9m disso, esteja pronto para aceitar pagamentos de forma segura com o recurso tap-to-pay e muito mais. Essas solu\u00e7\u00f5es inovadoras de hardware e software definem uma nova era de mobilidade, impulsionando sua efici\u00eancia operacional a n\u00edveis sem precedentes.<\/p>\n<h3>Projetado para o futuro<\/h3>\n<p>O TC53 apresenta um design adapt\u00e1vel \u00e0 prova de futuro que vai al\u00e9m das demandas dos fluxos de trabalho atuais, garantindo que ele possa atender \u00e0s suas necessidades em evolu\u00e7\u00e3o no futuro. Esteja voc\u00ea explorando aplicativos de realidade aumentada baseados em ARCore, aproveitando fluxos de trabalho hands-free de ponta ou adotando solu\u00e7\u00f5es de pagamento de \u00faltima gera\u00e7\u00e3o, o TC53 tem suporte incorporado para integrar perfeitamente esses fluxos de trabalho futuros em suas opera\u00e7\u00f5es.<\/p>\n<h3>Uma experi\u00eancia inigual\u00e1vel<\/h3>\n<p>Sua for\u00e7a de trabalho depende de seus dispositivos m\u00f3veis a cada minuto de cada turno, e o TC53 foi projetado especificamente para proporcionar a melhor experi\u00eancia poss\u00edvel. A brilhante tela Full HD+ de 6 polegadas garante \u00f3tima visibilidade. Mesmo sob luz solar intensa.<\/p>\n<p>A ergonomia mais fina do dispositivo proporciona conforto durante todo o dia, minimizando a fadiga e maximizando a produtividade. A troca de baterias \u00e9 muito f\u00e1cil e leva apenas alguns segundos, de modo que sua for\u00e7a de trabalho pode permanecer ligada durante todo o turno. O \u00e1udio cristalino aprimora a comunica\u00e7\u00e3o, garantindo que cada palavra seja ouvida em alto e bom som. O TC53 \u00e9 repleto de recursos que priorizam as necessidades de seus funcion\u00e1rios, permitindo que eles se destaquem em suas fun\u00e7\u00f5es.<\/p>\n<h3>Vantagem incorporada<\/h3>\n<p>Enquanto outros fabricantes de computadores m\u00f3veis se limitam ao b\u00e1sico, o Zebra d\u00e1 um passo adiante com seus recursos de software Mobility DNA. Esse conjunto de aplicativos, utilit\u00e1rios e ferramentas capacita os usu\u00e1rios em uma variedade de casos de uso. Desde a integra\u00e7\u00e3o e a seguran\u00e7a at\u00e9 a implanta\u00e7\u00e3o e a otimiza\u00e7\u00e3o. O Zebra garante que seu TC53 esteja totalmente equipado para maximizar seu desempenho.<\/p>\n<p>Desde o in\u00edcio, voc\u00ea tem acesso a aplicativos incorporados que simplificam o gerenciamento de dispositivos e aumentam a seguran\u00e7a, facilitando a integra\u00e7\u00e3o e a otimiza\u00e7\u00e3o do TC53 para suas necessidades espec\u00edficas.<\/p>\n<h3>Possibilidades de dire\u00e7\u00e3o com o TC53<\/h3>\n<p>O computador m\u00f3vel TC53\/TC58 da Zebra \u00e9 um divisor de \u00e1guas no mundo da mobilidade empresarial.<\/p>\n<ol>\n<li><strong>Processador novo e significativamente mais r\u00e1pido:<\/strong> Com um aumento de 90% no desempenho da CPU gra\u00e7as ao processador octa-core Qualcomm 6490, o TC53\/TC58 oferece velocidades incr\u00edveis e tempos de resposta quase instant\u00e2neos. Ele tamb\u00e9m oferece suporte de longo prazo para futuras vers\u00f5es do Android, garantindo compatibilidade e longevidade.<\/li>\n<li><strong>Tela v\u00edvida FHD+ de 6 polegadas:<\/strong> Com a maior tela, a de mais alta resolu\u00e7\u00e3o e a mais brilhante de sua classe, o TC53\/TC58 facilita a leitura em ambientes internos e externos, garantindo \u00f3tima visibilidade em qualquer ambiente.<\/li>\n<li><strong>Conectividade mais r\u00e1pida e pronta para o futuro:<\/strong> Equipado com as tecnologias 5G (TC58) e Wi-Fi 6E, esse dispositivo oferece as velocidades de celular mais r\u00e1pidas poss\u00edveis para os trabalhadores em campo. Ele tamb\u00e9m otimiza o desempenho do Wi-Fi em grandes edif\u00edcios, facilitando conex\u00f5es de baixa lat\u00eancia que alimentam os aplicativos de realidade aumentada de \u00faltima gera\u00e7\u00e3o.<\/li>\n<li><strong>Varredura de alcance padr\u00e3o ou avan\u00e7ado:<\/strong> O TC53\/TC58 apresenta duas op\u00e7\u00f5es de escaneamento. O mecanismo de escaneamento 1D\/2D SE4720 oferece escaneamento de alcance padr\u00e3o, garantindo a captura confi\u00e1vel de c\u00f3digos de barras em praticamente qualquer condi\u00e7\u00e3o. Por outro lado, o mecanismo de escaneamento SE55 permite que os funcion\u00e1rios escaneiem facilmente c\u00f3digos de barras na m\u00e3o ou do outro lado da sala, proporcionando flexibilidade em v\u00e1rios cen\u00e1rios de escaneamento.<\/li>\n<li><strong>Fotos e v\u00eddeos de alt\u00edssima resolu\u00e7\u00e3o:<\/strong> Capture imagens e v\u00eddeos incr\u00edveis com a c\u00e2mera traseira de 16 MP do TC53\/TC58, aprimorada pela tecnologia OIS (Optical Image Stabilization, Estabiliza\u00e7\u00e3o \u00d3tica de Imagem). Esse recurso garante melhor desempenho em condi\u00e7\u00f5es de pouca luz e em situa\u00e7\u00f5es de alta faixa din\u00e2mica, proporcionando uma qualidade de imagem excepcional.<\/li>\n<li><strong>\u00c0 prova d'\u00e1gua, \u00e0 prova de poeira e \u00e0 prova de quedas:<\/strong> O TC53\/TC58 foi constru\u00eddo para suportar os ambientes mais dif\u00edceis. Com veda\u00e7\u00e3o dupla IP65\/IP68, ele \u00e9 \u00e0 prova d'\u00e1gua e de poeira. Ele tamb\u00e9m pode suportar quedas em concreto de uma altura de 1,8 m com uma bota protetora ou 1,5 m em ladrilhos sobre concreto sem uma bota protetora. Al\u00e9m disso, ele atende aos padr\u00f5es MIL-STD-810H de durabilidade.<\/li>\n<li><strong>Tecnologia de bateria inigual\u00e1vel:<\/strong> O TC53\/TC58 possui a bateria de maior capacidade de sua classe, garantindo energia de longa dura\u00e7\u00e3o. Ele oferece v\u00e1rias op\u00e7\u00f5es de bateria, incluindo bateria estendida, bateria BLE e bateria de carregamento sem fio. Com os recursos de warm swap (modelos padr\u00e3o) e hot swap (modelos premium), voc\u00ea pode trocar as baterias sem problemas para evitar tempo de inatividade e garantir a opera\u00e7\u00e3o cont\u00ednua. O dispositivo tamb\u00e9m oferece capacidade superior de gerenciamento da bateria para um desempenho ideal.<\/li>\n<li><strong>Qualidade de voz superior:<\/strong> A comunica\u00e7\u00e3o \u00e9 vital em qualquer ambiente de neg\u00f3cios e o TC53\/TC58 se destaca por oferecer uma qualidade de voz superior. Com tr\u00eas microfones integrados, dois alto-falantes e suporte para headsets com e sem fio, esse dispositivo garante que cada palavra seja ouvida com clareza, tornando cada chamada eficiente e eficaz.<\/li>\n<li><strong>Ciclo de vida longo:<\/strong> O Zebra fornece amplo suporte para o TC53\/TC58, oferecendo quatro anos de suporte de vendas e mais quatro anos de suporte cont\u00ednuo. Esse longo ciclo de vida garante que voc\u00ea possa contar com o seu investimento por um longo per\u00edodo, maximizando o retorno sobre o investimento.<\/li>\n<li><strong>M\u00e1ximo tempo de atividade com o Zebra OneCare\u2122:<\/strong> Os planos de suporte abrangentes do Zebra, como o Zebra OneCare\u2122, proporcionam tranquilidade para sua empresa. Com op\u00e7\u00f5es que v\u00e3o desde a cobertura Essential at\u00e9 o suporte Select elevado e at\u00e9 mesmo planos especializados para prote\u00e7\u00e3o direcionada, voc\u00ea pode escolher o n\u00edvel de cobertura que melhor atenda \u00e0s necessidades de sua empresa.<\/li>\n<\/ol>\n<h3>Vis\u00e3o geral do dispositivo<\/h3>\n<p>O computador m\u00f3vel TC53\/TC58 da Zebra foi projetado especificamente para os trabalhadores da linha de frente dos setores de varejo, servi\u00e7os de campo e log\u00edstica. Esse dispositivo de nova gera\u00e7\u00e3o se baseia no sucesso de seu antecessor, oferecendo um equil\u00edbrio perfeito entre durabilidade robusta, ergonomia e design intuitivo. Com inova\u00e7\u00f5es de hardware e software l\u00edderes do setor, o TC53\/TC58 redefine o desempenho da computa\u00e7\u00e3o m\u00f3vel e abre um mundo de possibilidades para os empres\u00e1rios.<\/p>\n<h3>Recursos em destaque do TC53<\/h3>\n<ol>\n<li><strong>C\u00e2mera frontal de 8 MP:<\/strong> O TC53\/TC58 possui uma c\u00e2mera frontal de 8 MP que permite aos funcion\u00e1rios capturar imagens e v\u00eddeos para fins de documenta\u00e7\u00e3o ou comunica\u00e7\u00e3o.<\/li>\n<li><strong>5G (TC58) e Wi-Fi 6E:<\/strong> Com conectividade 5G (TC58) e Wi-Fi 6E, o TC53\/TC58 oferece as velocidades de celular mais r\u00e1pidas poss\u00edveis, garantindo conectividade ininterrupta para os trabalhadores em campo. O desempenho otimizado do Wi-Fi em grandes edif\u00edcios aumenta ainda mais a conectividade, enquanto as conex\u00f5es de baixa lat\u00eancia alimentam os aplicativos de realidade aumentada da pr\u00f3xima gera\u00e7\u00e3o.<\/li>\n<li><strong>Design leve e fino:<\/strong> Pesando apenas 293 g e medindo apenas 16,7 mm de espessura, o TC53\/TC58 oferece um formato leve e compacto. Esse design garante conforto e facilidade de uso, mesmo durante turnos de trabalho prolongados.<\/li>\n<li><strong>Chave de digitaliza\u00e7\u00e3o de dupla face:<\/strong> O dispositivo vem equipado com uma tecla de digitaliza\u00e7\u00e3o de dois lados, permitindo que os usu\u00e1rios iniciem a\u00e7\u00f5es de digitaliza\u00e7\u00e3o com facilidade, sejam eles destros ou canhotos.<\/li>\n<li><strong>V\u00e1rias configura\u00e7\u00f5es de mem\u00f3ria:<\/strong> O terminal port\u00e1til oferece configura\u00e7\u00f5es flex\u00edveis de mem\u00f3ria com op\u00e7\u00f5es dispon\u00edveis para at\u00e9 8 GB de RAM e 128 GB de UFS Flash. Isso permite que os usu\u00e1rios armazenem e acessem dados com efici\u00eancia.<\/li>\n<li><strong>Tecla Push-to-Talk:<\/strong> Com uma tecla push-to-talk dedicada, o TC53 facilita a comunica\u00e7\u00e3o instant\u00e2nea entre os membros da equipe, promovendo a colabora\u00e7\u00e3o e a efici\u00eancia.<\/li>\n<li><strong>C\u00e2mera traseira de resolu\u00e7\u00e3o ultra-alta:<\/strong> O terminal \u00e9 equipado com uma c\u00e2mera traseira de 16 MP com tecnologia OIS (Optical Image Stabilization, Estabiliza\u00e7\u00e3o \u00d3tica de Imagem). Isso garante uma qualidade de imagem superior, mesmo em condi\u00e7\u00f5es de ilumina\u00e7\u00e3o desafiadoras, permitindo que os funcion\u00e1rios capturem imagens detalhadas para documenta\u00e7\u00e3o ou an\u00e1lise.<\/li>\n<li><strong>eConnex\u2122 para emparelhamento r\u00e1pido e f\u00e1cil:<\/strong> O TC53 apresenta a tecnologia eConnex\u2122, que permite o emparelhamento sem esfor\u00e7o com sleds RFID e outros acess\u00f3rios. Essa funcionalidade \"snap-and-go\" simplifica o processo de implanta\u00e7\u00e3o e aumenta a produtividade.<\/li>\n<li><strong>Sensor de profundidade de tempo de voo:<\/strong> Para o dimensionamento preciso de pacotes, o TC53 incorpora um sensor de profundidade Time of Flight. Esse sensor avan\u00e7ado permite medi\u00e7\u00f5es precisas, aumentando a precis\u00e3o e a efici\u00eancia da remessa.<\/li>\n<li><strong>Op\u00e7\u00f5es de bateria:<\/strong> O TC53 oferece uma variedade de op\u00e7\u00f5es de bateria para atender \u00e0s diferentes necessidades dos usu\u00e1rios. Os usu\u00e1rios podem escolher entre bateria padr\u00e3o, bateria estendida, bateria BLE ou bateria de carregamento sem fio.<\/li>\n<li><strong>Recursos avan\u00e7ados de escaneamento:<\/strong> O dispositivo \u00e9 equipado com dois mecanismos de escaneamento. O mecanismo de escaneamento de alcance avan\u00e7ado 1D\/2D do SE55 apresenta a tecnologia IntelliFocus\u2122, permitindo que os funcion\u00e1rios leiam c\u00f3digos de barras sem esfor\u00e7o. Independentemente de estarem pr\u00f3ximos ou distantes. O mecanismo de escaneamento 1D\/2D SE4720 oferece escaneamento de alcance padr\u00e3o e garante a captura confi\u00e1vel de c\u00f3digos de barras em v\u00e1rias condi\u00e7\u00f5es.<\/li>\n<li><strong>Tela Full HD+ ultrabrilhante:<\/strong> O computador de m\u00e3o apresenta uma tela Full HD+ de 6 polegadas com brilho excepcional. A tela \u00e9 protegida pelo Corning\u00ae Gorilla\u00ae Glass, garantindo durabilidade e resist\u00eancia a arranh\u00f5es.<\/li>\n<\/ol>\n<p>&nbsp;<\/p>\n<p>&nbsp;<\/p>","protected":false},"excerpt":{"rendered":"<p>O TC53 Zebra \u00e9 um computador m\u00f3vel empresarial revolucion\u00e1rio que redefine a mobilidade para os empres\u00e1rios. Seu processador potente, a conectividade sem fio avan\u00e7ada e os recursos inovadores abrem novas possibilidades de coleta de dados, fluxos de trabalho e efici\u00eancia operacional.<\/p>\n<p>Com seu design preparado para o futuro, experi\u00eancia superior do usu\u00e1rio e recursos abrangentes de software, o TC53 permite que as empresas se adaptem e prosperem no cen\u00e1rio digital em constante evolu\u00e7\u00e3o.<\/p>","protected":false},"featured_media":21885,"comment_status":"open","ping_status":"closed","template":"","meta":[],"product_cat":[1387,2918],"product_tag":[1875,715,1436,1832,2920,1400,2919],"acf":[],"_links":{"self":[{"href":"https:\/\/paymentdiscounter.com\/pt\/wp-json\/wp\/v2\/product\/21883"}],"collection":[{"href":"https:\/\/paymentdiscounter.com\/pt\/wp-json\/wp\/v2\/product"}],"about":[{"href":"https:\/\/paymentdiscounter.com\/pt\/wp-json\/wp\/v2\/types\/product"}],"replies":[{"embeddable":true,"href":"https:\/\/paymentdiscounter.com\/pt\/wp-json\/wp\/v2\/comments?post=21883"}],"version-history":[{"count":4,"href":"https:\/\/paymentdiscounter.com\/pt\/wp-json\/wp\/v2\/product\/21883\/revisions"}],"predecessor-version":[{"id":21892,"href":"https:\/\/paymentdiscounter.com\/pt\/wp-json\/wp\/v2\/product\/21883\/revisions\/21892"}],"wp:featuredmedia":[{"embeddable":true,"href":"https:\/\/paymentdiscounter.com\/pt\/wp-json\/wp\/v2\/media\/21885"}],"wp:attachment":[{"href":"https:\/\/paymentdiscounter.com\/pt\/wp-json\/wp\/v2\/media?parent=21883"}],"wp:term":[{"taxonomy":"product_cat","embeddable":true,"href":"https:\/\/paymentdiscounter.com\/pt\/wp-json\/wp\/v2\/product_cat?post=21883"},{"taxonomy":"product_tag","embeddable":true,"href":"https:\/\/paymentdiscounter.com\/pt\/wp-json\/wp\/v2\/product_tag?post=21883"}],"curies":[{"name":"wp","href":"https:\/\/api.w.org\/{rel}","templated":true}]}}