{"id":19756,"date":"2023-04-10T22:55:37","date_gmt":"2023-04-10T22:55:37","guid":{"rendered":"https:\/\/paymentdiscounter.com\/?post_type=product&#038;p=19756"},"modified":"2024-03-04T23:36:13","modified_gmt":"2024-03-04T23:36:13","slug":"cabo-de-alimentacao-pax-a77","status":"publish","type":"product","link":"https:\/\/paymentdiscounter.com\/pt\/product\/cabo-de-alimentacao-pax-a77\/","title":{"rendered":"Cabo de alimenta\u00e7\u00e3o Pax A77"},"content":{"rendered":"","protected":false},"excerpt":{"rendered":"<p>O cabo USB Pax \u00e9 um acess\u00f3rio essencial para carregar o dispositivo e garantir que ele esteja sempre pronto para uso. Uma extremidade \u00e9 conectada ao seu terminal de pagamento, enquanto a outra \u00e9 conectada a um adaptador de energia.<\/p>\n<p>O cabo tamb\u00e9m pode ser usado em combina\u00e7\u00e3o com uma esta\u00e7\u00e3o de acoplamento Pax A77. Basta conectar o cabo de alimenta\u00e7\u00e3o \u00e0 parte traseira da esta\u00e7\u00e3o base e verificar se ela est\u00e1 recebendo a alimenta\u00e7\u00e3o adequada.<\/p>","protected":false},"featured_media":19757,"comment_status":"open","ping_status":"closed","template":"","meta":[],"product_cat":[730,1482],"product_tag":[857,684,856,728,1438,2611,1314,1543],"acf":[],"_links":{"self":[{"href":"https:\/\/paymentdiscounter.com\/pt\/wp-json\/wp\/v2\/product\/19756"}],"collection":[{"href":"https:\/\/paymentdiscounter.com\/pt\/wp-json\/wp\/v2\/product"}],"about":[{"href":"https:\/\/paymentdiscounter.com\/pt\/wp-json\/wp\/v2\/types\/product"}],"replies":[{"embeddable":true,"href":"https:\/\/paymentdiscounter.com\/pt\/wp-json\/wp\/v2\/comments?post=19756"}],"version-history":[{"count":1,"href":"https:\/\/paymentdiscounter.com\/pt\/wp-json\/wp\/v2\/product\/19756\/revisions"}],"predecessor-version":[{"id":19759,"href":"https:\/\/paymentdiscounter.com\/pt\/wp-json\/wp\/v2\/product\/19756\/revisions\/19759"}],"wp:featuredmedia":[{"embeddable":true,"href":"https:\/\/paymentdiscounter.com\/pt\/wp-json\/wp\/v2\/media\/19757"}],"wp:attachment":[{"href":"https:\/\/paymentdiscounter.com\/pt\/wp-json\/wp\/v2\/media?parent=19756"}],"wp:term":[{"taxonomy":"product_cat","embeddable":true,"href":"https:\/\/paymentdiscounter.com\/pt\/wp-json\/wp\/v2\/product_cat?post=19756"},{"taxonomy":"product_tag","embeddable":true,"href":"https:\/\/paymentdiscounter.com\/pt\/wp-json\/wp\/v2\/product_tag?post=19756"}],"curies":[{"name":"wp","href":"https:\/\/api.w.org\/{rel}","templated":true}]}}